{"id":153057,"date":"2025-08-18T10:59:25","date_gmt":"2025-08-18T08:59:25","guid":{"rendered":"http:\/\/88.99.185.160\/?page_id=152854"},"modified":"2025-09-15T17:29:08","modified_gmt":"2025-09-15T15:29:08","slug":"tickets","status":"publish","type":"page","link":"https:\/\/www.summer-breeze.de\/de\/tickets\/","title":{"rendered":"Tickets"},"content":{"rendered":"<p>Auf\u00a0<a href=\"https:\/\/summer-breeze.shop\/\">summer-breeze.shop<\/a> erhaltet ihr das Festivalticket (inkl. Camping und Vorverkaufsgeb\u00fchr).<\/p>\n<p><b><span data-contrast=\"auto\">Informationen zum Festivalticket<\/span><\/b><span data-ccp-props=\"{}\">\u00a0<\/span><\/p>\n<p><span data-contrast=\"auto\">Sichere dir jetzt dein Ticket f\u00fcr das SUMMER BREEZE Open Air 2026 zum Preis von 249,99 \u20ac!<\/span><span data-ccp-props=\"{}\">\u00a0<\/span><\/p>\n<p><b><span data-contrast=\"auto\">E-TICKET\u00a0<\/span><\/b><\/p>\n<p><span data-contrast=\"auto\">Das E-Ticket stellt die umweltfreundliche Variante dar. Dieses erh\u00e4ltst du nach Zahlungseingang zeitnah automatisch in ausdruckbarer Form sowie als Mobilticket per E-Mail. Das Ganze erfolgt zudem versandkostenfrei.\u202f<\/span><span data-ccp-props=\"{}\">\u00a0<\/span><\/p>\n<p><span data-contrast=\"auto\">Das SUMMER BREEZE Open Air ist ein Event mit besonderem Charakter! Hier bekommt man nicht nur eine breite Auswahl an Subgenres des Metal wie Death, Black, Heavy, Thrash Metal und Metalcore serviert, sondern genie\u00dft gleichzeitig die famili\u00e4re Atmosph\u00e4re auf dem Festivalgel\u00e4nde des gr\u00f6\u00dften unabh\u00e4ngigen Metal Festivals Europas und den historischen Charme der Stadt Dinkelsb\u00fchl in Mittelfranken.<\/span><span data-ccp-props=\"{}\">\u00a0<\/span><\/p>\n<ul>\n<li aria-setsize=\"-1\" data-leveltext=\"\uf0b7\" data-font=\"Symbol\" data-listid=\"5\" data-list-defn-props=\"{&quot;335552541&quot;:1,&quot;335559685&quot;:720,&quot;335559991&quot;:360,&quot;469769226&quot;:&quot;Symbol&quot;,&quot;469769242&quot;:[8226],&quot;469777803&quot;:&quot;left&quot;,&quot;469777804&quot;:&quot;\uf0b7&quot;,&quot;469777815&quot;:&quot;multilevel&quot;}\" data-aria-posinset=\"1\" data-aria-level=\"1\"><span data-contrast=\"auto\">Mehr als 125 Bands (12.08. \u2013 15.08.2026)<\/span><span data-ccp-props=\"{}\">\u00a0<\/span><\/li>\n<li aria-setsize=\"-1\" data-leveltext=\"\uf0b7\" data-font=\"Symbol\" data-listid=\"5\" data-list-defn-props=\"{&quot;335552541&quot;:1,&quot;335559685&quot;:720,&quot;335559991&quot;:360,&quot;469769226&quot;:&quot;Symbol&quot;,&quot;469769242&quot;:[8226],&quot;469777803&quot;:&quot;left&quot;,&quot;469777804&quot;:&quot;\uf0b7&quot;,&quot;469777815&quot;:&quot;multilevel&quot;}\" data-aria-posinset=\"1\" data-aria-level=\"1\"><span data-contrast=\"auto\">Parken am Zelt<\/span><span data-ccp-props=\"{}\">\u00a0<\/span><\/li>\n<li aria-setsize=\"-1\" data-leveltext=\"\uf0b7\" data-font=\"Symbol\" data-listid=\"5\" data-list-defn-props=\"{&quot;335552541&quot;:1,&quot;335559685&quot;:720,&quot;335559991&quot;:360,&quot;469769226&quot;:&quot;Symbol&quot;,&quot;469769242&quot;:[8226],&quot;469777803&quot;:&quot;left&quot;,&quot;469777804&quot;:&quot;\uf0b7&quot;,&quot;469777815&quot;:&quot;multilevel&quot;}\" data-aria-posinset=\"1\" data-aria-level=\"1\"><span data-contrast=\"auto\">Keine Mengenreglementierung bei mitgebrachtem Essen und Trinken auf dem Campingplatz<\/span><span data-ccp-props=\"{}\">\u00a0<\/span><\/li>\n<li aria-setsize=\"-1\" data-leveltext=\"\uf0b7\" data-font=\"Symbol\" data-listid=\"5\" data-list-defn-props=\"{&quot;335552541&quot;:1,&quot;335559685&quot;:720,&quot;335559991&quot;:360,&quot;469769226&quot;:&quot;Symbol&quot;,&quot;469769242&quot;:[8226],&quot;469777803&quot;:&quot;left&quot;,&quot;469777804&quot;:&quot;\uf0b7&quot;,&quot;469777815&quot;:&quot;multilevel&quot;}\" data-aria-posinset=\"1\" data-aria-level=\"1\"><span data-contrast=\"auto\">Kurze Wege\u202f<\/span><span data-ccp-props=\"{}\">\u00a0<\/span><\/li>\n<\/ul>\n<p><span data-ccp-props=\"{}\">\u00a0<\/span><b><span data-contrast=\"auto\">WICHTIG:<\/span><\/b><span data-ccp-props=\"{}\"><br \/>\n<\/span><span data-contrast=\"auto\">Festivaltickets beinhalten das Camping.\u202f<\/span><span data-ccp-props=\"{}\">\u00a0<\/span><\/p>\n<p><b><span data-contrast=\"auto\">ANREISE \/ SLOT &amp; PARKING REGELUNGEN:<\/span><\/b><span data-ccp-props=\"{}\">\u00a0<\/span><\/p>\n<ul>\n<li aria-setsize=\"-1\" data-leveltext=\"\uf0b7\" data-font=\"Symbol\" data-listid=\"6\" data-list-defn-props=\"{&quot;335552541&quot;:1,&quot;335559685&quot;:720,&quot;335559991&quot;:360,&quot;469769226&quot;:&quot;Symbol&quot;,&quot;469769242&quot;:[8226],&quot;469777803&quot;:&quot;left&quot;,&quot;469777804&quot;:&quot;\uf0b7&quot;,&quot;469777815&quot;:&quot;multilevel&quot;}\" data-aria-posinset=\"1\" data-aria-level=\"1\"><span data-contrast=\"auto\">Betrifft ALLE die mit einem Fahrzeug anreisen und parken wollen. (MO, DI, MI, DO bis SA)\u202f<\/span><span data-ccp-props=\"{}\">\u00a0<\/span><\/li>\n<li aria-setsize=\"-1\" data-leveltext=\"\uf0b7\" data-font=\"Symbol\" data-listid=\"6\" data-list-defn-props=\"{&quot;335552541&quot;:1,&quot;335559685&quot;:720,&quot;335559991&quot;:360,&quot;469769226&quot;:&quot;Symbol&quot;,&quot;469769242&quot;:[8226],&quot;469777803&quot;:&quot;left&quot;,&quot;469777804&quot;:&quot;\uf0b7&quot;,&quot;469777815&quot;:&quot;multilevel&quot;}\" data-aria-posinset=\"1\" data-aria-level=\"1\"><span data-contrast=\"auto\">Kosten richten sich nach dem Anreisetag und werden pro Fahrzeug f\u00e4llig, unabh\u00e4ngig davon, wie viele Personen im Fahrzeug sitzen.<\/span><span data-ccp-props=\"{}\">\u00a0<\/span><\/li>\n<li aria-setsize=\"-1\" data-leveltext=\"\uf0b7\" data-font=\"Symbol\" data-listid=\"6\" data-list-defn-props=\"{&quot;335552541&quot;:1,&quot;335559685&quot;:720,&quot;335559991&quot;:360,&quot;469769226&quot;:&quot;Symbol&quot;,&quot;469769242&quot;:[8226],&quot;469777803&quot;:&quot;left&quot;,&quot;469777804&quot;:&quot;\uf0b7&quot;,&quot;469777815&quot;:&quot;multilevel&quot;}\" data-aria-posinset=\"1\" data-aria-level=\"1\"><span data-contrast=\"auto\">F\u00fcr Anreisende, die mit \u00d6PNV, Fahrrad und Shuttle anreisen oder den Drop-Off (Kiss&amp;Bye) nutzen, fallen keine Kosten an.<\/span><span data-ccp-props=\"{}\">\u00a0<\/span><\/li>\n<\/ul>\n<p><b><span data-contrast=\"auto\">ALLGEMEINE INFORMATIONEN:<\/span><\/b><span data-ccp-props=\"{}\">\u00a0<\/span><\/p>\n<ul>\n<li aria-setsize=\"-1\" data-leveltext=\"\uf0b7\" data-font=\"Symbol\" data-listid=\"7\" data-list-defn-props=\"{&quot;335552541&quot;:1,&quot;335559685&quot;:720,&quot;335559991&quot;:360,&quot;469769226&quot;:&quot;Symbol&quot;,&quot;469769242&quot;:[8226],&quot;469777803&quot;:&quot;left&quot;,&quot;469777804&quot;:&quot;\uf0b7&quot;,&quot;469777815&quot;:&quot;multilevel&quot;}\" data-aria-posinset=\"1\" data-aria-level=\"1\"><span data-contrast=\"auto\">Die Tickets f\u00fcr das SUMMER BREEZE Open Air sind mit einem QR-Code versehen, der am Einlass gescannt wird. Wir m\u00f6chten an dieser Stelle ausdr\u00fccklich darauf hinweisen, Karten f\u00fcr das SUMMER BREEZE Open Air nur bei uns zu erwerben. Bei K\u00e4ufen \u00fcber andere Kan\u00e4le besteht keine Einlassgarantie.<\/span><span data-ccp-props=\"{}\">\u00a0<\/span><\/li>\n<\/ul>\n<ul>\n<li aria-setsize=\"-1\" data-leveltext=\"\uf0b7\" data-font=\"Symbol\" data-listid=\"7\" data-list-defn-props=\"{&quot;335552541&quot;:1,&quot;335559685&quot;:720,&quot;335559991&quot;:360,&quot;469769226&quot;:&quot;Symbol&quot;,&quot;469769242&quot;:[8226],&quot;469777803&quot;:&quot;left&quot;,&quot;469777804&quot;:&quot;\uf0b7&quot;,&quot;469777815&quot;:&quot;multilevel&quot;}\" data-aria-posinset=\"2\" data-aria-level=\"1\"><span data-contrast=\"auto\">Informationen zur Bezahlung vor Ort: Das SUMMER BREEZE Open Air ist cashless, dein Chip am Handgelenk ist alles, was du brauchst. Vorabaufladung im Cashless-Onlineportal sp\u00e4testens ab Juli 2026 m\u00f6glich.\u202f<\/span><span data-ccp-props=\"{}\">\u00a0<\/span><\/li>\n<\/ul>\n<ul>\n<li aria-setsize=\"-1\" data-leveltext=\"\uf0b7\" data-font=\"Symbol\" data-listid=\"7\" data-list-defn-props=\"{&quot;335552541&quot;:1,&quot;335559685&quot;:720,&quot;335559991&quot;:360,&quot;469769226&quot;:&quot;Symbol&quot;,&quot;469769242&quot;:[8226],&quot;469777803&quot;:&quot;left&quot;,&quot;469777804&quot;:&quot;\uf0b7&quot;,&quot;469777815&quot;:&quot;multilevel&quot;}\" data-aria-posinset=\"3\" data-aria-level=\"1\"><span data-contrast=\"auto\">Die Nutzung der Shit &#8217;n&#8216; Shower Stations ist geb\u00fchrenpflichtig und wird \u00fcber den Chip am Festivalb\u00e4ndchen abgerechnet. Wir werden einen Maximalbetrag als Deckel der Kosten einrichten, dass ihr ab einer bestimmten Anzahl an Waschg\u00e4ngen, die Shit &#8217;n&#8216; Shower Stations mit Flatrate nutzen k\u00f6nnt.<\/span><span data-ccp-props=\"{}\">\u00a0<\/span><\/li>\n<\/ul>\n<ul>\n<li aria-setsize=\"-1\" data-leveltext=\"\uf0b7\" data-font=\"Symbol\" data-listid=\"7\" data-list-defn-props=\"{&quot;335552541&quot;:1,&quot;335559685&quot;:720,&quot;335559991&quot;:360,&quot;469769226&quot;:&quot;Symbol&quot;,&quot;469769242&quot;:[8226],&quot;469777803&quot;:&quot;left&quot;,&quot;469777804&quot;:&quot;\uf0b7&quot;,&quot;469777815&quot;:&quot;multilevel&quot;}\" data-aria-posinset=\"4\" data-aria-level=\"1\"><span data-contrast=\"auto\">Kinder bis einschlie\u00dflich 12 Jahre (Stichtag ab 11. August 2013) haben in Begleitung ihrer Eltern und gegen Vorlage des Kinderausweises (oder Kinderreisepass) und des Personalausweises eines Elternteiles freien Eintritt.<\/span><span data-ccp-props=\"{}\">\u00a0<\/span><\/li>\n<\/ul>\n<p>&nbsp;<\/p>","protected":false},"excerpt":{"rendered":"<p>Auf\u00a0summer-breeze.shop erhaltet ihr das Festivalticket (inkl. Camping und Vorverkaufsgeb\u00fchr). Informationen zum Festivalticket\u00a0 Sichere dir jetzt dein Ticket f\u00fcr das SUMMER BREEZE Open Air 2026 zum Preis von 249,99 \u20ac!\u00a0 E-TICKET\u00a0 Das E-Ticket stellt die umweltfreundliche Variante dar. Dieses erh\u00e4ltst du nach Zahlungseingang zeitnah automatisch in ausdruckbarer Form sowie als Mobilticket per E-Mail. Das Ganze erfolgt [&hellip;]<\/p>\n","protected":false},"author":1,"featured_media":0,"parent":0,"menu_order":0,"comment_status":"closed","ping_status":"closed","template":"","meta":{"footnotes":""},"class_list":["post-153057","page","type-page","status-publish","hentry"],"_links":{"self":[{"href":"https:\/\/www.summer-breeze.de\/de\/wp-json\/wp\/v2\/pages\/153057","targetHints":{"allow":["GET"]}}],"collection":[{"href":"https:\/\/www.summer-breeze.de\/de\/wp-json\/wp\/v2\/pages"}],"about":[{"href":"https:\/\/www.summer-breeze.de\/de\/wp-json\/wp\/v2\/types\/page"}],"author":[{"embeddable":true,"href":"https:\/\/www.summer-breeze.de\/de\/wp-json\/wp\/v2\/users\/1"}],"replies":[{"embeddable":true,"href":"https:\/\/www.summer-breeze.de\/de\/wp-json\/wp\/v2\/comments?post=153057"}],"version-history":[{"count":0,"href":"https:\/\/www.summer-breeze.de\/de\/wp-json\/wp\/v2\/pages\/153057\/revisions"}],"wp:attachment":[{"href":"https:\/\/www.summer-breeze.de\/de\/wp-json\/wp\/v2\/media?parent=153057"}],"curies":[{"name":"wp","href":"https:\/\/api.w.org\/{rel}","templated":true}]}}