{"id":153076,"date":"2017-07-10T22:12:44","date_gmt":"2017-07-10T20:12:44","guid":{"rendered":"http:\/\/88.99.185.160\/?page_id=152919"},"modified":"2025-07-24T16:31:55","modified_gmt":"2025-07-24T14:31:55","slug":"app","status":"publish","type":"page","link":"https:\/\/www.summer-breeze.de\/de\/app\/","title":{"rendered":"App"},"content":{"rendered":"<p>Unsere kostenlose SUMMER BREEZE App ist erh\u00e4ltlich im <a href=\"https:\/\/apps.apple.com\/de\/app\/summer-breeze-2025\/id933240104\">APP STORE<\/a> und im <a href=\"https:\/\/play.google.com\/store\/apps\/details?id=com.greencopper.android.summerbreeze&amp;pli=1\">GOOGLE PLAY STORE<\/a>.<\/p>\n<p>Es erwarten euch alle Infos rund ums Festival: Running Order, Bandinfos, Gel\u00e4ndeplan, Festival ABC, usw.! Verpasse keine Deiner Lieblingsbands und verwalte Deine pers\u00f6nlichen Favoriten!<\/p>\n<p>News, \u00c4nderungen, Verlegungen und Ank\u00fcndigungen erh\u00e4ltst Du immer zeitnah durch den News-Feed oder per Push. Sei immer am Puls des SUMMER BREEZE und mittendrin statt nur dabei!<\/p>","protected":false},"excerpt":{"rendered":"<p>Unsere kostenlose SUMMER BREEZE App ist erh\u00e4ltlich im APP STORE und im GOOGLE PLAY STORE. Es erwarten euch alle Infos rund ums Festival: Running Order, Bandinfos, Gel\u00e4ndeplan, Festival ABC, usw.! Verpasse keine Deiner Lieblingsbands und verwalte Deine pers\u00f6nlichen Favoriten! News, \u00c4nderungen, Verlegungen und Ank\u00fcndigungen erh\u00e4ltst Du immer zeitnah durch den News-Feed oder per Push. Sei [&hellip;]<\/p>\n","protected":false},"author":1,"featured_media":226234,"parent":0,"menu_order":0,"comment_status":"closed","ping_status":"closed","template":"","meta":{"footnotes":""},"class_list":["post-153076","page","type-page","status-publish","has-post-thumbnail","hentry"],"_links":{"self":[{"href":"https:\/\/www.summer-breeze.de\/de\/wp-json\/wp\/v2\/pages\/153076","targetHints":{"allow":["GET"]}}],"collection":[{"href":"https:\/\/www.summer-breeze.de\/de\/wp-json\/wp\/v2\/pages"}],"about":[{"href":"https:\/\/www.summer-breeze.de\/de\/wp-json\/wp\/v2\/types\/page"}],"author":[{"embeddable":true,"href":"https:\/\/www.summer-breeze.de\/de\/wp-json\/wp\/v2\/users\/1"}],"replies":[{"embeddable":true,"href":"https:\/\/www.summer-breeze.de\/de\/wp-json\/wp\/v2\/comments?post=153076"}],"version-history":[{"count":0,"href":"https:\/\/www.summer-breeze.de\/de\/wp-json\/wp\/v2\/pages\/153076\/revisions"}],"wp:featuredmedia":[{"embeddable":true,"href":"https:\/\/www.summer-breeze.de\/de\/wp-json\/wp\/v2\/media\/226234"}],"wp:attachment":[{"href":"https:\/\/www.summer-breeze.de\/de\/wp-json\/wp\/v2\/media?parent=153076"}],"curies":[{"name":"wp","href":"https:\/\/api.w.org\/{rel}","templated":true}]}}