{"id":153078,"date":"2017-03-27T22:33:56","date_gmt":"2017-03-27T20:33:56","guid":{"rendered":"http:\/\/88.99.185.160\/?page_id=152934"},"modified":"2017-07-03T00:19:14","modified_gmt":"2017-07-02T22:19:14","slug":"dinkelsbuehl","status":"publish","type":"page","link":"https:\/\/www.summer-breeze.de\/de\/info\/dinkelsbuehl\/","title":{"rendered":"Dinkelsb\u00fchl"},"content":{"rendered":"<p><img loading=\"lazy\" decoding=\"async\" class=\"size-full wp-image-203620 alignleft\" src=\"\/wp-content\/uploads\/2017\/03\/27\/wappen_von_dinkelsbuehl.png\" alt=\"\" width=\"190\" height=\"207\" \/>Nach wie vor \u00fcbt der Charme des mittelalterlichen Dinkelsb\u00fchl seine Anziehungskraft auf jeden aus, der schon einmal die Tore der Stadt durchschritten hat.<\/p>\n<p>Die Geschichte der Stadt ist allgegenw\u00e4rtig, die Schweden haben in dieser eine wichtige Rolle gespielt und das Stadtbild mitgepr\u00e4gt. Aber auch die heilige Inquisition und ihre Auswirkungen auf die Bev\u00f6lkerung wird nicht vertuscht. In den Kellergew\u00f6lben des Alten Rathauses im Haus der Geschichte findet eine entsprechende Dokumentation statt. In diesem Ambiente haben die Informationen \u00fcber Folter und Verfolgungen noch mal eine ganz andere Wirkung. Ebenso gibt es ein neues Museum in der Altstadt. Soweit das Wetter mitspielt gibt es aber auch die M\u00f6glichkeit das W\u00f6rnitzstrandbad zu besuchen, einem der letzten Flussb\u00e4der in Bayern. Es sollen aber auch schon bei niedrigeren Temperaturen Leute im Wasser gesehen worden sein.<\/p>\n<p>Mit der Pferdekutsche durch die alten, engen Gassen zu fahren ist eine weitere M\u00f6glichkeit, die Stadt zu erleben. Aber auch viele F\u00fchrungen werden angeboten. Unter anderem kann man den Spuren des alten Mauergeistes folgen. Die Stadtmauern sind f\u00fcr sich schon eine Sehensw\u00fcrdigkeit. Aber egal ob man organisiert die Stadt erkundet oder dies auf eigenem Wege macht, spannend ist es allemal. Auch kulinarisch muss man auf nichts verzichten. Das Weib\u2019s Brauhaus ist die einzige Hausbrauerei des Ortes, nahe an der R\u00fcckseite des Rathauses gelegen. Betrieben von einer weiblichen Braumeisterin war der Name naheliegend. Aber nicht nur dort, sondern generell im Ort ist das gastronomische Angebot von bester Qualit\u00e4t. Und auch f\u00fcr die kleineren Geldbeutel gibt es die M\u00f6glichkeit, sich irgendwo niederzulassen um den Hunger zu bek\u00e4mpfen. Aber nat\u00fcrlich ist das SUMMER BREEZE nicht der einzige Grund nach Dinkelsb\u00fchl zu kommen. Die Kinderzeche im Juli, die Fisch Wochen oder aber auch der mit viel Herz gestaltete Weihnachtsmarkt sind Gr\u00fcnde genug, au\u00dferhalb der Festival Saison vorbeizuschauen. Die Tourist Information in Dinkelsb\u00fchl im Haus der Geschichte am Altrathausplatz, bietet alle Informationen dazu und noch weiteren M\u00f6glichkeiten.<\/p>\n<p>Auch in diesem Jahr wird ein kostenloser Shuttle Bus zwischen der Altstadt und dem Festivalgel\u00e4nde verkehren. Von der Haltestelle bis zum Ortskern sind es nur wenige Minuten zu Fu\u00df.<br \/>\nDass die Besucher des BREEZE friedfertig sind und lediglich eine gute Zeit haben wollen, ist seit bereits mehrj\u00e4hriger Wiederholung in Dinkelsb\u00fchl offensichtlich. Und die \u201eschwarzen Horden\u201c sind mittlerweile gern gesehene G\u00e4ste.<\/p>","protected":false},"excerpt":{"rendered":"<p>Nach wie vor \u00fcbt der Charme des mittelalterlichen Dinkelsb\u00fchl seine Anziehungskraft auf jeden aus, der schon einmal die Tore der Stadt durchschritten hat. Die Geschichte der Stadt ist allgegenw\u00e4rtig, die Schweden haben in dieser eine wichtige Rolle gespielt und das Stadtbild mitgepr\u00e4gt. Aber auch die heilige Inquisition und ihre Auswirkungen auf die Bev\u00f6lkerung wird nicht [&hellip;]<\/p>\n","protected":false},"author":1,"featured_media":0,"parent":153075,"menu_order":0,"comment_status":"closed","ping_status":"closed","template":"","meta":{"footnotes":""},"class_list":["post-153078","page","type-page","status-publish","hentry"],"_links":{"self":[{"href":"https:\/\/www.summer-breeze.de\/de\/wp-json\/wp\/v2\/pages\/153078","targetHints":{"allow":["GET"]}}],"collection":[{"href":"https:\/\/www.summer-breeze.de\/de\/wp-json\/wp\/v2\/pages"}],"about":[{"href":"https:\/\/www.summer-breeze.de\/de\/wp-json\/wp\/v2\/types\/page"}],"author":[{"embeddable":true,"href":"https:\/\/www.summer-breeze.de\/de\/wp-json\/wp\/v2\/users\/1"}],"replies":[{"embeddable":true,"href":"https:\/\/www.summer-breeze.de\/de\/wp-json\/wp\/v2\/comments?post=153078"}],"version-history":[{"count":0,"href":"https:\/\/www.summer-breeze.de\/de\/wp-json\/wp\/v2\/pages\/153078\/revisions"}],"up":[{"embeddable":true,"href":"https:\/\/www.summer-breeze.de\/de\/wp-json\/wp\/v2\/pages\/153075"}],"wp:attachment":[{"href":"https:\/\/www.summer-breeze.de\/de\/wp-json\/wp\/v2\/media?parent=153078"}],"curies":[{"name":"wp","href":"https:\/\/api.w.org\/{rel}","templated":true}]}}