{"id":153081,"date":"2017-04-18T22:34:53","date_gmt":"2017-04-18T20:34:53","guid":{"rendered":"http:\/\/88.99.185.160\/?page_id=153025"},"modified":"2017-04-18T22:34:53","modified_gmt":"2017-04-18T20:34:53","slug":"sehenswuerdigkeiten","status":"publish","type":"page","link":"https:\/\/www.summer-breeze.de\/de\/info\/dinkelsbuehl\/sehenswuerdigkeiten\/","title":{"rendered":"Sehensw\u00fcrdigkeiten"},"content":{"rendered":"<p><\/p>\n<ul>\n<li>Stadtmauer<\/li>\n<li>Marktplatz<\/li>\n<li>St. Georg<\/li>\n<li>Karmeliterkloster<\/li>\n<li>Dreik\u00f6nigskapelle<\/li>\n<li>Kapuzinerkloster<\/li>\n<li>Altes Rathaus und Haus der Geschichte<\/li>\n<li>Neues Rathaus<\/li>\n<li>Deutschordensschloss<\/li>\n<li>Geburtshaus von Christoph von Schmid<\/li>\n<li>Kornscheune<\/li>\n<li>Museum 3. Dimension<\/li>\n<\/ul>\n<h3>Stadtmauer<\/h3>\n<p>Die Stadtbefestigung von Dinkelsb\u00fchl ist ein vollst\u00e4ndig erhaltener Mauerring mit einer L\u00e4nge von 2,5 km, 4 gro\u00dfen Toren und 16 T\u00fcrmen.<\/p>\n<h3>Marktplatz<\/h3>\n<p>Der Marktplatz in Dinkelsb\u00fchl befindet sich zu F\u00fc\u00dfen des M\u00fcnsters. Hier befinden sich wundersch\u00f6ne B\u00fcrgerh\u00e4user deren Fassaden aus der Renaissancezeit stammen.<\/p>\n<h3>St. Georg<\/h3>\n<p>Der M\u00fcnster St. Georg in Dinkelsb\u00fchl steht am Marktplatz und wurde in den Jahren 1448- 1499 im sp\u00e4tgotischen Stil nach Pl\u00e4nen von Nikolaus Eselers erbaut. Die Kirche ist eine der sch\u00f6nsten Hallenkirchen in S\u00fcddeutschland.<\/p>\n<h3>Karmeliterkloster<\/h3>\n<p>Die evangelische Kirche St\u00ac-Pauls in Dinkelsb\u00fchl wurde in den Jahren 1840 \u2013 1843 auf dem Platz der Klosterkirche der Karmeliten im historischen Stil gebaut. Gegr\u00fcndet wurde das Kloster 1290 durch W\u00fcrzburger Karmeliter. Unter Napoleon I. ging das Geb\u00e4ude um 1800 an den Deutschen Orden. Im Jahre 1809 Kaufte es die evangelische Gemeinde. Heute befindet sich im Geb\u00e4ude der Sitz der Berufsfachschule f\u00fcr Musik.<\/p>\n<h3>Dreik\u00f6nigskapelle<\/h3>\n<p>Die Dreik\u00f6nigskapelle in Dinkelsb\u00fchl befindet sich an der Stadtmauer in der N\u00e4he des Segringer Tores. Im Jahre 1378 wurde der eingeschossige Bau erstmals urkundlich erw\u00e4hnt. Heute dient die Kapelle als Kriegerged\u00e4chtniskapelle.<\/p>\n<h3>Kapuzinerkloster<\/h3>\n<p>Auf das ehemalige Kapuzinerkloster in Dinkelsb\u00fchl st\u00f6\u00dft man bei einem Rundgang um die Stadtmauer. Errichtet wurde es 1622 von Bettelm\u00f6nchen und 1628 dem heiligen St. Franziskus geweiht. Im Jahre 1802 wurde das Kloster im Zuge der S\u00e4kularisation aufgel\u00f6st.<\/p>\n<h3>Altes Rathaus und Haus der Geschichte<\/h3>\n<p>Das Alte Rathaus in Dinkelsb\u00fchl befindet sich in der N\u00e4he des Priesterviertels. Errichtet wurde das Geb\u00e4ude 1361 von Stadtpatriziern. In den Jahren 1524-1550 erweiterte man den urspr\u00fcnglichen Quaderbau durch Fl\u00fcgelanbauten. Bis 1855 befand sich dort das Rathaus. Heute befindet sich hier das historische Stadtmuseum, das Haus der Geschichte und die Tourist Information. Das Museum inszeniert spannungsvoll die \u00fcber 800 j\u00e4hrige Stadtgeschichte, das Handwerk mit den verschiedenen Z\u00fcnften und die b\u00fcrgerliche Wohnkultur.<\/p>\n<h3>Neues Rathaus<\/h3>\n<p>Das Neue Rathaus in Dinkelsb\u00fchl wurde im Jahre 1733 als Privathaus f\u00fcr den Posthalter, Senator und sp\u00e4teren B\u00fcrgermeister Bauer gebaut. Auf der Fassade befindet sich ein Spruchband mit einem Zitat aus dem sog. &#8222;Richtungsbrief&#8220; der Stadt. Mit dem erk\u00e4mpften sich die Z\u00fcnfte im Jahre 1387 die Gleichberechtigung und die Beteiligung am Stadtregiment. Seit dem Jahre 1855 befindet sich im Geb\u00e4ude die Stadtverwaltung.<\/p>\n<h3>Deutschordensschloss<\/h3>\n<p>Deutschordensschloss<br \/>\nDas barocke Deutschordensschloss in Dinkelsb\u00fchl befindet sich am Ende der Klostergasse. Errichtet wurde es um 1350. Zuerst befand sich das Geb\u00e4ude neben dem Spital. 1390 bei der Stadterweiterung verlegte man das Deutschordensschloss an den heutigen Standort. Im Jahre 1764 wurde es im Barockstil neu erbaut.<\/p>\n<h3>Geburtshaus von Christoph von Schmid<\/h3>\n<p>Das Geburtshaus von Christoph von Schmid befindet sich in Dinkelsb\u00fchl. Geboren wurde er hier im Jahre 1768. Bekannt wurde Christoph von Schmid durch seinen Text zu dem Weihnachtslied \u201eIhr Kinderlein kommet\u201c aus dem Jahre 1827.<\/p>\n<h3>Kornscheune<\/h3>\n<p>Die Kornscheune in Dinkelsb\u00fchl ist ein Fachwerkbau aus dem Jahre 1508. Dort entstand das Geb\u00e4ude als ehemaliger Kornspeicher. Im Jahre 1938 wurde es zum Jugendheim umgebaut und w\u00e4hrend des zweiten Weltkrieges 1940 nutzte man es als Lazarett. 1952 errichtete man im Geb\u00e4ude eine Jugendherberge, die bis heute genutzt wird.<\/p>\n<h3>Museum 3. Dimension<\/h3>\n<p>In Dinkelsb\u00fchl befindet sich ein recht ausgefallenes Museum, das erste 3D-Museum der Welt. Das Museum 3. Dimension befindet sich am N\u00f6rdlinger Tor in der mittelalterlichen st\u00e4dtischen Wasserm\u00fchle. Das Museum zeigt historische und moderne Objekte, die eine Verbindung zu dem Thema der dritten Dimension haben.<\/p>","protected":false},"excerpt":{"rendered":"<p>Stadtmauer Marktplatz St. Georg Karmeliterkloster Dreik\u00f6nigskapelle Kapuzinerkloster Altes Rathaus und Haus der Geschichte Neues Rathaus Deutschordensschloss Geburtshaus von Christoph von Schmid Kornscheune Museum 3. Dimension Stadtmauer Die Stadtbefestigung von Dinkelsb\u00fchl ist ein vollst\u00e4ndig erhaltener Mauerring mit einer L\u00e4nge von 2,5 km, 4 gro\u00dfen Toren und 16 T\u00fcrmen. Marktplatz Der Marktplatz in Dinkelsb\u00fchl befindet sich zu [&hellip;]<\/p>\n","protected":false},"author":1,"featured_media":0,"parent":153078,"menu_order":0,"comment_status":"closed","ping_status":"closed","template":"","meta":{"footnotes":""},"class_list":["post-153081","page","type-page","status-publish","hentry"],"_links":{"self":[{"href":"https:\/\/www.summer-breeze.de\/de\/wp-json\/wp\/v2\/pages\/153081","targetHints":{"allow":["GET"]}}],"collection":[{"href":"https:\/\/www.summer-breeze.de\/de\/wp-json\/wp\/v2\/pages"}],"about":[{"href":"https:\/\/www.summer-breeze.de\/de\/wp-json\/wp\/v2\/types\/page"}],"author":[{"embeddable":true,"href":"https:\/\/www.summer-breeze.de\/de\/wp-json\/wp\/v2\/users\/1"}],"replies":[{"embeddable":true,"href":"https:\/\/www.summer-breeze.de\/de\/wp-json\/wp\/v2\/comments?post=153081"}],"version-history":[{"count":0,"href":"https:\/\/www.summer-breeze.de\/de\/wp-json\/wp\/v2\/pages\/153081\/revisions"}],"up":[{"embeddable":true,"href":"https:\/\/www.summer-breeze.de\/de\/wp-json\/wp\/v2\/pages\/153078"}],"wp:attachment":[{"href":"https:\/\/www.summer-breeze.de\/de\/wp-json\/wp\/v2\/media?parent=153081"}],"curies":[{"name":"wp","href":"https:\/\/api.w.org\/{rel}","templated":true}]}}