{"id":153094,"date":"2017-04-18T23:29:42","date_gmt":"2017-04-18T21:29:42","guid":{"rendered":"http:\/\/88.99.185.160\/?page_id=153056"},"modified":"2025-06-26T11:13:36","modified_gmt":"2025-06-26T09:13:36","slug":"kontakt-bands","status":"publish","type":"page","link":"https:\/\/www.summer-breeze.de\/de\/kontakt\/kontakt-bands\/","title":{"rendered":"Bands"},"content":{"rendered":"<p>Uns liegen sehr viele Unterlagen und H\u00f6rmuster von Bands vor, die wir grunds\u00e4tzlich bei uns in die Kartei aufnehmen.<\/p>\n<p>Mit dem Bewusstsein, dass j\u00fcngere Bands den Grundstein f\u00fcr die Zukunft der Festivallandschaft darstellen, werden alle Bewerbungen gelesen und in unserem Archiv leicht zug\u00e4nglich abgelegt.<\/p>\n<p>Bei Interesse und freien Kapazit\u00e4ten wird sich unsere Bookingabteilung bei euch melden.<\/p>\n<p>Die Kommunikation zu Bandbewerbungen l\u00e4uft ausschlie\u00dflich \u00fcber <a href=\"mailto:booking@summer-breeze.de\">booking@summer-breeze.de<\/a>.<br \/>\n<strong>Bitte sendet keine gro\u00dfen Anh\u00e4nge mit, sondern einen Link zu eurem Presskit!<\/strong><\/p>","protected":false},"excerpt":{"rendered":"<p>Uns liegen sehr viele Unterlagen und H\u00f6rmuster von Bands vor, die wir grunds\u00e4tzlich bei uns in die Kartei aufnehmen. Mit dem Bewusstsein, dass j\u00fcngere Bands den Grundstein f\u00fcr die Zukunft der Festivallandschaft darstellen, werden alle Bewerbungen gelesen und in unserem Archiv leicht zug\u00e4nglich abgelegt. Bei Interesse und freien Kapazit\u00e4ten wird sich unsere Bookingabteilung bei euch [&hellip;]<\/p>\n","protected":false},"author":1,"featured_media":0,"parent":153092,"menu_order":0,"comment_status":"closed","ping_status":"closed","template":"","meta":{"footnotes":""},"class_list":["post-153094","page","type-page","status-publish","hentry"],"_links":{"self":[{"href":"https:\/\/www.summer-breeze.de\/de\/wp-json\/wp\/v2\/pages\/153094","targetHints":{"allow":["GET"]}}],"collection":[{"href":"https:\/\/www.summer-breeze.de\/de\/wp-json\/wp\/v2\/pages"}],"about":[{"href":"https:\/\/www.summer-breeze.de\/de\/wp-json\/wp\/v2\/types\/page"}],"author":[{"embeddable":true,"href":"https:\/\/www.summer-breeze.de\/de\/wp-json\/wp\/v2\/users\/1"}],"replies":[{"embeddable":true,"href":"https:\/\/www.summer-breeze.de\/de\/wp-json\/wp\/v2\/comments?post=153094"}],"version-history":[{"count":0,"href":"https:\/\/www.summer-breeze.de\/de\/wp-json\/wp\/v2\/pages\/153094\/revisions"}],"up":[{"embeddable":true,"href":"https:\/\/www.summer-breeze.de\/de\/wp-json\/wp\/v2\/pages\/153092"}],"wp:attachment":[{"href":"https:\/\/www.summer-breeze.de\/de\/wp-json\/wp\/v2\/media?parent=153094"}],"curies":[{"name":"wp","href":"https:\/\/api.w.org\/{rel}","templated":true}]}}