{"id":153098,"date":"2017-04-18T23:37:37","date_gmt":"2017-04-18T21:37:37","guid":{"rendered":"http:\/\/88.99.185.160\/?page_id=153064"},"modified":"2026-01-27T13:08:14","modified_gmt":"2026-01-27T12:08:14","slug":"food-drink-stands","status":"publish","type":"page","link":"https:\/\/www.summer-breeze.de\/de\/kontakt\/food-drink-stands\/","title":{"rendered":"Essens- und Getr\u00e4nkest\u00e4nde"},"content":{"rendered":"<p>Verantwortlich f\u00fcr die Akquise sowie vor Ort Betreuung von Essens- und Getr\u00e4nkestanden beim SUMMER BREEZE Open Air ist die Firma GASTRO GANG GmbH.<\/p>\n<p>Bei allen Anfragen zu dem Thema wende Dich bitte direkt an:<br \/>\nJennifer Bruns<br \/>\n<a href=\"mailto:kontakt@gastrogang.de\">kontakt@gastrogang.de<\/a><\/p>","protected":false},"excerpt":{"rendered":"<p>Verantwortlich f\u00fcr die Akquise sowie vor Ort Betreuung von Essens- und Getr\u00e4nkestanden beim SUMMER BREEZE Open Air ist die Firma GASTRO GANG GmbH. Bei allen Anfragen zu dem Thema wende Dich bitte direkt an: Jennifer Bruns kontakt@gastrogang.de<\/p>\n","protected":false},"author":1,"featured_media":0,"parent":153092,"menu_order":0,"comment_status":"closed","ping_status":"closed","template":"","meta":{"footnotes":""},"class_list":["post-153098","page","type-page","status-publish","hentry"],"_links":{"self":[{"href":"https:\/\/www.summer-breeze.de\/de\/wp-json\/wp\/v2\/pages\/153098","targetHints":{"allow":["GET"]}}],"collection":[{"href":"https:\/\/www.summer-breeze.de\/de\/wp-json\/wp\/v2\/pages"}],"about":[{"href":"https:\/\/www.summer-breeze.de\/de\/wp-json\/wp\/v2\/types\/page"}],"author":[{"embeddable":true,"href":"https:\/\/www.summer-breeze.de\/de\/wp-json\/wp\/v2\/users\/1"}],"replies":[{"embeddable":true,"href":"https:\/\/www.summer-breeze.de\/de\/wp-json\/wp\/v2\/comments?post=153098"}],"version-history":[{"count":0,"href":"https:\/\/www.summer-breeze.de\/de\/wp-json\/wp\/v2\/pages\/153098\/revisions"}],"up":[{"embeddable":true,"href":"https:\/\/www.summer-breeze.de\/de\/wp-json\/wp\/v2\/pages\/153092"}],"wp:attachment":[{"href":"https:\/\/www.summer-breeze.de\/de\/wp-json\/wp\/v2\/media?parent=153098"}],"curies":[{"name":"wp","href":"https:\/\/api.w.org\/{rel}","templated":true}]}}