{"id":203389,"date":"2017-04-20T21:20:10","date_gmt":"2017-04-20T19:20:10","guid":{"rendered":"http:\/\/www.medienumklei.de\/?page_id=203389"},"modified":"2017-04-20T21:20:10","modified_gmt":"2017-04-20T19:20:10","slug":"rechtliche-hinweise","status":"publish","type":"page","link":"https:\/\/www.summer-breeze.de\/de\/kontakt\/rechtliche-hinweise\/","title":{"rendered":"Rechtliche Hinweise"},"content":{"rendered":"<p>a. \u00a9 Copyright: Alle Rechte vorbehalten. Text, Bilder, Grafiken, Sound, Animationen und Videos sowie deren Anordnung auf den Summer Breeze Websites unterliegen dem Schutz des Urheberrechts und anderer Schutzgesetze. Der Inhalt dieser Websites darf nicht zu kommerziellen Zwecken kopiert, verbreitet, ver\u00e4ndert oder Dritten zug\u00e4nglich gemacht werden. Einige Summer Breeze Websites enthalten au\u00dferdem Bilder, die dem Copyright Dritter unterliegen.<\/p>\n<p>b. Markenverzeichnis: Soweit nicht anders angegeben, sind alle Markenzeichen auf den Summer Breeze Websites markenrechtlich gesch\u00fctzt. Dies gilt insbesondere f\u00fcr Wortmarken, Typenschilder, Firmenlogos und Embleme. Die auf unseren Seiten verwendeten Marken und Gestaltungselemente sind geistiges Eigentum der Silverdust GmbH.<\/p>\n<p>c. Garantieverzeichnis: Diese Website wurde mit gr\u00f6\u00dftm\u00f6glicher Sorgfalt zusammengestellt. Trotzdem kann f\u00fcr die Fehlerfreiheit und Genauigkeit der enthaltenen Informationen nicht garantiert werden. Jegliche Haftung f\u00fcr Sch\u00e4den, die direkt oder indirekt aus der Benutzung dieser Website entstehen, ist ausgeschlossen, soweit diese nicht auf Vorsatz oder grober<br \/>\nFahrl\u00e4ssigkeit von Silverdust beruhen.<\/p>\n<p>d. Lizenzverzeichnis: Das in der auf den Summer Breeze Websites enthaltene geistige Eigentum wie Patente, Marken und Urheberrechte ist gesch\u00fctzt. Durch diese Website wird keine Lizenz zur Nutzung des geistigen Eigentums von Silverdust oder Dritten erteilt.<\/p>\n","protected":false},"excerpt":{"rendered":"<p>a. \u00a9 Copyright: Alle Rechte vorbehalten. Text, Bilder, Grafiken, Sound, Animationen und Videos sowie deren Anordnung auf den Summer Breeze Websites unterliegen dem Schutz des Urheberrechts und anderer Schutzgesetze. Der Inhalt dieser Websites darf nicht zu kommerziellen Zwecken kopiert, verbreitet, ver\u00e4ndert oder Dritten zug\u00e4nglich gemacht werden. Einige Summer Breeze Websites enthalten au\u00dferdem Bilder, die dem [&hellip;]<\/p>\n","protected":false},"author":1,"featured_media":0,"parent":153092,"menu_order":0,"comment_status":"closed","ping_status":"closed","template":"","meta":{"footnotes":""},"class_list":["post-203389","page","type-page","status-publish","hentry"],"_links":{"self":[{"href":"https:\/\/www.summer-breeze.de\/de\/wp-json\/wp\/v2\/pages\/203389","targetHints":{"allow":["GET"]}}],"collection":[{"href":"https:\/\/www.summer-breeze.de\/de\/wp-json\/wp\/v2\/pages"}],"about":[{"href":"https:\/\/www.summer-breeze.de\/de\/wp-json\/wp\/v2\/types\/page"}],"author":[{"embeddable":true,"href":"https:\/\/www.summer-breeze.de\/de\/wp-json\/wp\/v2\/users\/1"}],"replies":[{"embeddable":true,"href":"https:\/\/www.summer-breeze.de\/de\/wp-json\/wp\/v2\/comments?post=203389"}],"version-history":[{"count":0,"href":"https:\/\/www.summer-breeze.de\/de\/wp-json\/wp\/v2\/pages\/203389\/revisions"}],"up":[{"embeddable":true,"href":"https:\/\/www.summer-breeze.de\/de\/wp-json\/wp\/v2\/pages\/153092"}],"wp:attachment":[{"href":"https:\/\/www.summer-breeze.de\/de\/wp-json\/wp\/v2\/media?parent=203389"}],"curies":[{"name":"wp","href":"https:\/\/api.w.org\/{rel}","templated":true}]}}