{"id":208071,"date":"2018-07-20T17:09:43","date_gmt":"2018-07-20T15:09:43","guid":{"rendered":"https:\/\/www.summer-breeze.de\/?page_id=208071"},"modified":"2025-07-16T14:34:46","modified_gmt":"2025-07-16T12:34:46","slug":"cashless","status":"publish","type":"page","link":"https:\/\/www.summer-breeze.de\/de\/cashless\/","title":{"rendered":"CASHLESS PAYMENT beim SUMMER BREEZE"},"content":{"rendered":"<p><\/p>\n<p class=\"p3\">FAQ CASHLESS PAYMENT<br \/>\nSUMMER BREEZE Open Air 2025<br \/>\n<b><details><summary>ALLGEMEINES<\/summary><div><br \/>\n<\/b><b>Was bedeutet Cashless Payment?<br \/>\n<\/b><b><\/b>Cashless Payment bedeutet, dass du mit deinem Festivalb\u00e4ndchen bezahlst \u2013 genauer gesagt mit dem Chip darin. Du kannst den Chip vor oder w\u00e4hrend des Festivals mit Geld aufladen und damit \u00fcberall auf dem Gel\u00e4nde bezahlen: an Essens- und Getr\u00e4nkest\u00e4nden, beim Merchandise, auf der Non-Food-Meile oder an den Shit\u2019n\u2019Shower Stations. Bargeld oder Karte brauchst du dann nicht mehr.<\/p>\n<p class=\"p5\"><b>Warum ist das SUMMER BREEZE Open Air 2025 cashless?<br \/>\n<\/b><b><\/b>Cashless Payment macht das Bezahlen auf dem Festivalgel\u00e4nde f\u00fcr alle Beteiligten <b>sicherer<\/b>, <b>schneller <\/b>und <b>unkomplizierter<\/b>. Statt mit Bargeld oder Karte nutzt du einfach dein Festivalb\u00e4ndchen zum Bezahlen.<\/p>\n<p class=\"p6\"><b>Deine Vorteile auf einen Blick:<br \/>\n<\/b><b><\/b><b>Mehr Sicherheit<\/b>: Kein Bargeld und keine Geldkarten, die du im Moshpit verlieren k\u00f6nntest.<br \/>\n<b>Weniger Warten<\/b>: Schnellere Bezahlvorg\u00e4nge = k\u00fcrzere Schlangen an Essens- und Getr\u00e4nkest\u00e4nden.<br \/>\n<b>Alles im Blick<\/b>: Dein aktuelles Guthaben und alle Transaktionen kannst du online einsehen.<br \/>\n<b>Immer ready to go<\/b>: Der Chip ist fest mit deinem B\u00e4ndchen verbunden \u2013 du hast dein Geld immer am Handgelenk.<br \/>\n<b>Offline-Zahlung m\u00f6glich<\/b>: Kein WLAN n\u00f6tig \u2013 ein klarer Vorteil gegen\u00fcber Karte oder Handy.<br \/>\n<b>Chip sperrbar<\/b>: Falls du dein B\u00e4ndchen verlierst, kannst du den Chip ganz einfach sperren lassen.<\/p>\n<p class=\"p6\">In den letzten Jahren haben wir bereits in Teilbereichen des SUMMER BREEZE gute Erfahrungen mit Cashless Payment gesammelt.<br \/>\n2025 setzen wir das System nun festivalweit ein \u2013 damit du dich auf das konzentrieren kannst, was z\u00e4hlt: Musik, Moshpit und kalte Getr\u00e4nke.<\/p>\n<p class=\"p5\"><b>Welche Geb\u00fchren und Fristen gibt es?<br \/>\n<\/b><b><\/b>F\u00fcr Cashless Payment fallen <b>keine zus\u00e4tzlichen Geb\u00fchren <\/b>an. Du kannst deinen Chip ab sofort bis zum letzten Festivaltag ganz einfach online \u00fcber das <a href=\"https:\/\/sboa25.eventportal.io\/\"><span class=\"s2\">Eventportal <\/span><\/a>aufladen. <b>Ab Sonntag, den 17.08.2025, um 14:00 Uhr <\/b>kannst du dir dein <b>verbleibendes Guthaben auszahlen <\/b>lassen \u2013 ebenfalls online.<\/p>\n<p class=\"p5\"><b>Wo bekomme ich mein Festivalarmband mit dem Chip?<br \/>\n<\/b><b><\/b>Dein Festivalarmband mit integriertem Chip bekommst du gegen Vorlage deines g\u00fcltigen Festivaltickets an den Einlassschleusen:<br \/>\n<b>Mit dem Auto<\/b>: an der Fahrzeug-Schleuse auf Black Earth<br \/>\n<b>Mit Bus oder Bahn<\/b>: am Fu\u00dfg\u00e4ngereinlass bzw. an der Tageskasse<\/p>\n<p class=\"p5\"><b>Gibt es Bereiche, in denen auch mit anderen Zahlungsm\u00f6glichkeiten und nicht ausschlie\u00dflich mit dem Chip bezahlt wird?<br \/>\n<\/b>Die einzigen St\u00e4nde innerhalb des Festivalgel\u00e4ndes, an denen <b>wahlweise<\/b> auch mit EC-\/Kreditkarte gezahlt werden k\u00f6nnen, sind die Official SUMMER BREEZE Merchandise-St\u00e4nde.<br \/>\n<b>Barzahlung <\/b>ist dort \u2013 wie \u00fcberall auf dem Festivalgel\u00e4nde \u2013 <b>nicht m\u00f6glich<\/b>. <\/div><\/details><\/p>\n<p class=\"p4\"><b><details><summary>BEZAHLEN<\/summary><div><br \/>\n<\/b><b>Wie funktioniert das Bezahlen mit dem Chip?<br \/>\n<\/b><b><\/b>Das Personal an den St\u00e4nden nimmt deine Bestellung auf und zeigt dir den Betrag, der daf\u00fcr von deinem Guthaben abgebucht werden soll. Danach h\u00e4ltst du den Chip an deinem Festivalb\u00e4ndchen an das Ger\u00e4t, um den Kauf zu best\u00e4tigen und die Zahlung auszul\u00f6sen. Im Anschluss wird dir dein aktuelles Guthaben auf dem Display angezeigt und du erh\u00e4ltst deine bestellte Ware.<\/p>\n<p class=\"p5\"><b>Wo kann ich mit dem Chip bezahlen?<br \/>\n<\/b><b><\/b>Mit dem Guthaben auf deinem Chip kannst du bequem und kontaktlos auf dem gesamten Festivalgel\u00e4nde bezahlen \u2013 sei es beim Merchandise, im Supermarkt, in der H\u00e4ndlermeile oder an den Essens- und Getr\u00e4nkest\u00e4nden. Auch die Shit\u2019n\u2019Shower Stations werden \u00fcber den Chip bezahlt.<\/p>\n<p class=\"p5\"><b>Kann ich auch mit Bargeld oder Karte zahlen?<br \/>\n<\/b><b><\/b><b>Bargeld<\/b>: Nein (Es gibt eine einzige Ausnahme. Ihr ben\u00f6tigt eine 2-\u20ac-M\u00fcnze f\u00fcr die Schlie\u00dff\u00e4cher am Eingang zum Infield.)<br \/>\n<b>Karte<\/b>: Ja. Auf dem gesamten Festivalgel\u00e4nde kann \u00fcber den Chip am Festivalb\u00e4ndchen bezahlt werden. Die <b>einzigen Ausnahme <\/b>sind die Official SUMMER BREEZE <b>Merchandise<\/b>-St\u00e4nde, dort kannst du auch mit EC- oder Kreditkarte zahlen.<\/p>\n<p class=\"p5\"><b>Wie funktioniert das bargeldlose Bezahlen an den Shit\u2019n\u2019Shower Stations?<br \/>\n<\/b><b><\/b>Die Benutzung der Shit\u2019n\u2019Shower Stations wird <b>flexibler<\/b>! Statt einer Flatrate zahlst du pro Benutzung von Sp\u00fcltoilette (1,-\u20ac) oder Dusche (4,-\u20ac). <b>Der Gesamtbetrag ist auf maximal 15,-\u20ac begrenzt f\u00fcr das gesamte Festival<\/b>. Hast du diesen erreicht, zahlst du f\u00fcr alle weiteren Dusch- und Toiletteng\u00e4nge nichts mehr. An den Eing\u00e4ngen sind Drehkreuze platziert. Du h\u00e4ltst deinen Chip an das Drehkreuz, wodurch automatisch der entsprechende Betrag abgebucht wird.<\/p>\n<p class=\"p5\"><b>Werden Zusatzangebote wie Dosenbier, Powerstations oder K\u00fchlboxen \u00fcber den RFID-Chip abgezogen?<br \/>\n<\/b><b><\/b>Nein. Bitte haltet f\u00fcr vorbestelltes Dosenbier, Powerbanks, Powerstations und K\u00fchlboxen euer E-Ticket aus unserem <span class=\"s2\">Onlineshop <\/span>bereit. Das erlaubt euch als Gruppe mehr Flexibilit\u00e4t und es muss nicht immer die gleiche Person losgeschickt werden, um die jeweiligen Artikel abzuholen.<\/p>\n<p class=\"p5\"><b>Ist der Zugang zum Comfort- oder Caravan Camping \u00fcber das Festivalb\u00e4ndchen reguliert?<br \/>\n<\/b><b><\/b>Ja. Die Zugangsberechtigung f\u00fcr die Bereiche Comfort- und Caravan Camping werden auf euer Festivalb\u00e4ndchen \u00fcberspielt, sobald ihr den von euch gebuchten Bereich das erste Mal betretet. Bitte haltet daf\u00fcr euer E-Ticket bereit.<\/p>\n<p class=\"p5\"><b>Gibt es trotzdem einen Becherpfand?<br \/>\n<\/b><b><\/b>Ja! Der Becherpfand wird dir bei Kauf eines Getr\u00e4nks von deinem Guthaben abgezogen. Bei R\u00fcckgabe h\u00e4ltst du deinen Chip erneut an das Leseger\u00e4t und das Pfand wird dir wieder gutgeschrieben.<\/p>\n<p class=\"p5\"><b>Kann man Trinkgeld geben?<br \/>\n<\/b><b><\/b>Ja! Trinkgeld geben ist nat\u00fcrlich freiwillig. Bei jedem Kauf hast du die M\u00f6glichkeit, ein zus\u00e4tzliches Trinkgeld von deinem Chip abbuchen zu lassen. Auf dem Bezahlger\u00e4t kannst du zwischen verschiedenen Prozents\u00e4tzen oder einem Freibetrag w\u00e4hlen oder es ganz weglassen.<\/div><\/details><\/p>\n<p class=\"p4\"><b><details><summary>REGISTRIERUNG UND AUFLADUNG<\/summary><div><br \/>\n<\/b><b>Muss ich mich f\u00fcr Cashless Payment registrieren?<br \/>\n<\/b><b><\/b>Wir empfehlen dir, dein Ticket vorab \u00fcber das <a href=\"https:\/\/sboa25.eventportal.io\/\"><span class=\"s2\">Eventportal <\/span><\/a>zu registrieren und online Geld aufzuladen. So steht dir dein Guthaben bei Erhalt des Festivalb\u00e4ndchens sofort zur Verf\u00fcgung und du umgehst m\u00f6gliche Wartezeiten an den TopUp Stationen (Automaten, an denen du mit Bargeld oder EC-\/Kreditkarte deinen Chip aufladen kannst).<\/p>\n<p class=\"p6\">Um vor Ort Geld \u00fcber die TopUp Stationen auf deinen Chip zu laden, musst du nicht registriert sein. Sp\u00e4testens zum Ende des Festivals solltest du dich aber registrieren, um etwaiges Restguthaben zur\u00fcckzuerhalten.<\/p>\n<p class=\"p5\"><b>Wie funktioniert die Registrierung im <a href=\"https:\/\/sboa25.eventportal.io\/\">Eventportal<\/a>? <\/b><b><\/b><\/p>\n<p><span class=\"s3\">1. Besuche die Seite <\/span><a href=\"http:\/\/sboa25.eventportal.io\">sboa25.eventportal.io<\/a><\/p>\n<p>2. Erstelle dir ein Konto: Gib deine E-Mail-Adresse ein und vergib ein Passwort.<\/p>\n<ul>\n<li style=\"list-style-type: none;\">\n<ul class=\"ul1\">\n<li class=\"li10\">Best\u00e4tige deine E-Mail-Adresse.<\/li>\n<li class=\"li6\">Alternativ kannst du dich auch mit einem bestehenden Facebook- oder Google-Konto einloggen.<\/li>\n<\/ul>\n<\/li>\n<\/ul>\n<p>3. Verkn\u00fcpfe dein Ticket mit deinem Konto \u2013 du findest deine Ticketnummer bei Hard-Tickets auf der R\u00fcckseite neben dem QR-Code (rechts unten) bzw. bei E-Tickets links neben dem QR-Code, unter der Bestellnummer (SBF-xxx). Nur Festival- oder Tagestickets k\u00f6nnen verkn\u00fcpft werden. Parktickets und sonstige Add-ons werden erst vor Ort auf deinen Chip \u00fcberspielt. Formatierung der Ticketnummer bei <b>E-Tickets<\/b>: 19-stellig, NUR Ziffern<\/p>\n<ul>\n<li style=\"list-style-type: none;\">\n<ul class=\"ul1\">\n<li class=\"li6\">Formatierung der Ticketnummer bei <b>Hard-Tickets<\/b>: 20-stellig, Kombination aus Ziffern und (Klein-) Buchstaben.<\/li>\n<\/ul>\n<\/li>\n<\/ul>\n<p>4. Guthaben aufladen \u2013 nutze daf\u00fcr die verf\u00fcgbaren Zahlungsmethoden.<\/p>\n<p><img loading=\"lazy\" decoding=\"async\" class=\"alignnone wp-image-226170\" src=\"https:\/\/www.summer-breeze.de\/wp-content\/uploads\/2025\/06\/30\/SB2025-Ticket_02-back-2.jpg\" alt=\"Summer Breeze Hardticket Beispielbild, R\u00fcckseite\" width=\"350\" height=\"350\" srcset=\"https:\/\/www.summer-breeze.de\/wp-content\/uploads\/2025\/06\/30\/SB2025-Ticket_02-back-2.jpg 1772w, https:\/\/www.summer-breeze.de\/wp-content\/uploads\/2025\/06\/30\/SB2025-Ticket_02-back-2-600x600.jpg 600w, https:\/\/www.summer-breeze.de\/wp-content\/uploads\/2025\/06\/30\/SB2025-Ticket_02-back-2-900x900.jpg 900w, https:\/\/www.summer-breeze.de\/wp-content\/uploads\/2025\/06\/30\/SB2025-Ticket_02-back-2-768x768.jpg 768w, https:\/\/www.summer-breeze.de\/wp-content\/uploads\/2025\/06\/30\/SB2025-Ticket_02-back-2-1536x1536.jpg 1536w, https:\/\/www.summer-breeze.de\/wp-content\/uploads\/2025\/06\/30\/SB2025-Ticket_02-back-2-405x405.jpg 405w, https:\/\/www.summer-breeze.de\/wp-content\/uploads\/2025\/06\/30\/SB2025-Ticket_02-back-2-1200x1200.jpg 1200w, https:\/\/www.summer-breeze.de\/wp-content\/uploads\/2025\/06\/30\/SB2025-Ticket_02-back-2-500x500.jpg 500w\" sizes=\"auto, (max-width: 350px) 100vw, 350px\" \/> SUMMER BREEZE Hardticket R\u00fcckseite<br \/>\n<img loading=\"lazy\" decoding=\"async\" class=\"alignnone wp-image-226165\" src=\"https:\/\/www.summer-breeze.de\/wp-content\/uploads\/2025\/06\/30\/Festivalticket-E-Ticket-scaled.jpeg\" alt=\"Ein Muster eines Summer Breeze E-Ticket\" width=\"350\" height=\"483\" srcset=\"https:\/\/www.summer-breeze.de\/wp-content\/uploads\/2025\/06\/30\/Festivalticket-E-Ticket-scaled.jpeg 1855w, https:\/\/www.summer-breeze.de\/wp-content\/uploads\/2025\/06\/30\/Festivalticket-E-Ticket-600x828.jpeg 600w, https:\/\/www.summer-breeze.de\/wp-content\/uploads\/2025\/06\/30\/Festivalticket-E-Ticket-900x1242.jpeg 900w, https:\/\/www.summer-breeze.de\/wp-content\/uploads\/2025\/06\/30\/Festivalticket-E-Ticket-768x1060.jpeg 768w, https:\/\/www.summer-breeze.de\/wp-content\/uploads\/2025\/06\/30\/Festivalticket-E-Ticket-1113x1536.jpeg 1113w, https:\/\/www.summer-breeze.de\/wp-content\/uploads\/2025\/06\/30\/Festivalticket-E-Ticket-1484x2048.jpeg 1484w, https:\/\/www.summer-breeze.de\/wp-content\/uploads\/2025\/06\/30\/Festivalticket-E-Ticket-405x559.jpeg 405w, https:\/\/www.summer-breeze.de\/wp-content\/uploads\/2025\/06\/30\/Festivalticket-E-Ticket-1200x1656.jpeg 1200w\" sizes=\"auto, (max-width: 350px) 100vw, 350px\" \/> SUMMER BREEZE E-Ticket<\/p>\n<p class=\"p5\"><b>Ich habe f\u00fcr ein anderes Event bereits ein Konto im GET Eventportal erstellt. Kann ich das auch f\u00fcr das SUMMER BREEZE nutzen?<br \/>\n<\/b><b><\/b>Ja! Du kannst dich mit deinen bestehenden Login-Daten anmelden und musst kein neues Konto erstellen.<\/p>\n<p class=\"p5\"><b>Kann ich auch die Tickets meiner Freunde mit meinem Konto verkn\u00fcpfen?<br \/>\n<\/b><b><\/b>Nein, <b>pro Person wird nur eine Ticketnummer <\/b>und ein individueller Chip gematcht.<br \/>\nAb der Anmeldung ist das Ticket personalisiert. Solltet ihr also als Gruppe Tickets haben, m\u00fcsst ihr die Tickets entsprechend verteilen.<\/p>\n<p class=\"p5\"><b>Kann ich mehrere Tagestickets mit meinem Konto verkn\u00fcpfen?<br \/>\n<\/b>Verkn\u00fcpfe das Tagesticket, das du zuerst nutzen wirst. Beim Einlass erh\u00e4ltst du dein B\u00e4ndchen mit Chip, inkl. aufgeladenem Guthaben. Bei weiteren Tagestickets wird das neue Ticket am Einlass auf dein bestehendes B\u00e4ndchen \u00fcbertragen. Dein Guthaben bleibt erhalten. Alternativ kannst du an der Tageskasse auch direkt alle Tagestickets auf dein B\u00e4ndchen \u00fcberspielen lassen, dann musst du dich an den Folgetagen nicht noch einmal an der Tageskasse anstellen.<\/p>\n<p class=\"p5\"><b>Wie kann ich vor dem Festival Guthaben aufladen?<br \/>\n<\/b><b><\/b>Nach der Registrierung kannst du dein Guthaben jederzeit kostenfrei \u00fcber das <a href=\"https:\/\/sboa25.eventportal.io\/\"><span class=\"s2\">Eventportal <\/span><\/a>oder die <span class=\"s2\">SUMMER BREEZE App <\/span>aufladen. Dein Chip ist bei deiner Ankunft dann bereits fertig aufgeladen.<\/p>\n<p class=\"p5\"><b>Kann ich auch vor Ort Guthaben aufladen?<br \/>\n<\/b><b><\/b>Ja! Nutze daf\u00fcr die TopUp Stationen auf dem Gel\u00e4nde.<br \/>\nDu kannst mit Bargeld, EC-, Kredit- oder Debitkarte aufladen.<br \/>\nDie Stationen sind entweder auf Bargeld oder Karte ausgelegt.<\/p>\n<p>Du findest sie an folgenden Orten:<br \/>\nFu\u00dfg\u00e4ngereinlass\/Tageskasse<br \/>\nCheck-In Area Sinbronn (VIP, Presse, Crew usw.)<br \/>\nInfield (Einlass, Battlefield, VIP-Area)<br \/>\nShit\u2019n\u2019Shower Stations<br \/>\nDu kannst deinen Chip auch online aufladen \u2013 entweder \u00fcber die <span class=\"s2\">App <\/span>oder per QR-Code auf der R\u00fcckseite des Chips. 5<\/p>\n<p class=\"p6\">Die Standorte der TopUp Stationen kannst du unserer Festival-Map entnehmen, sobald sie online ist.<\/p>\n<p class=\"p5\"><b>Welche Zahlungsarten kann ich f\u00fcr die Aufladung verwenden?<br \/>\n<\/b><b><\/b>Online:<br \/>\nVisa, Mastercard, American Express<br \/>\nKlarna<br \/>\nPayPal<br \/>\nGooglePay, ApplePay<\/p>\n<p class=\"p6\">Vor Ort an den TopUp Stationen:<br \/>\nBargeld<br \/>\nKarte (EC, Kredit, Debit)<\/p>\n<p class=\"p5\"><b>Was ist der H\u00f6chst- oder Mindestbetrag, den ich aufladen kann?<br \/>\n<\/b>\u00dcber das <a id=\"menur2ne1\" class=\"fui-Link ___1q1shib f2hkw1w f3rmtva f1ewtqcl fyind8e f1k6fduh f1w7gpdv fk6fouc fjoy568 figsok6 f1s184ao f1mk8lai fnbmjn9 f1o700av f13mvf36 f1cmlufx f9n3di6 f1ids18y f1tx3yz7 f1deo86v f1eh06m1 f1iescvh fhgqx19 f1olyrje f1p93eir f1nev41a f1h8hb77 f1lqvz6u f10aw75t fsle3fq f17ae5zn\" title=\"https:\/\/sboa25.eventportal.io\/\" href=\"https:\/\/sboa25.eventportal.io\/\" target=\"_blank\" rel=\"noreferrer noopener\" aria-label=\"Link Eventportal\">Eventportal<\/a> sind verschiedene vorgegebene Betr\u00e4ge w\u00e4hlbar, beginnend ab 10,-\u00a0\u20ac<br \/>\nAn den TopUp-Stationen auf dem Festivalgel\u00e4nde ist der Mindestaufladebetrag mit Bargeld und EC-\/Kreditkarte jeweils 5,-\u00a0\u20ac.<br \/>\nDu kannst maximal ein Guthaben von 666,-\u20ac aufladen. Sollte das nicht ausreichen, kannst du jederzeit erneut Guthaben aufladen.<\/p>\n<p class=\"p5\"><b>Wie kann ich mein aktuelles Guthaben einsehen?<br \/>\n<\/b><b><\/b>\u00dcber das <a href=\"https:\/\/sboa25.eventportal.io\/\"><span class=\"s2\">Eventportal<\/span><\/a>, die <span class=\"s2\">SUMMER BREEZE App<\/span>, die TopUp Stationen oder an Verkaufsst\u00e4nden.<\/p>\n<p class=\"p6\"><b>Hinweis<\/b>: Bei Netzproblemen kann es zu Verz\u00f6gerungen kommen.<\/p>\n<p class=\"p6\">Es sind mobile Sendemasten der gr\u00f6\u00dften deutschen Netzanbieter*innen auf dem Gel\u00e4nde aufgestellt, sodass eine durchgehend stabile Netzversorgung gegeben sein sollte.<\/p>\n<p class=\"p5\"><b>In welcher W\u00e4hrung wird bezahlt und zu welchem Wechselkurs wird mein Geld eingetauscht?<br \/>\n<\/b><b><\/b>Es wird <b>ausschlie\u00dflich in Euro <\/b>bezahlt. Ausl\u00e4ndische Besucher*innen sollten sich bei ihrer Bank \u00fcber Wechselkurse und Geb\u00fchren informieren. Die Bargeld TopUp Stationen akzeptieren ausschlie\u00dflich Euro-Scheine.<\/p>\n<p class=\"p5\"><b>Ich habe ein Ticket bei einer Privatperson gekauft und m\u00f6chte dieses mit meinem Konto verkn\u00fcpfen. Wie gehe ich hier vor?<br \/>\n<\/b><b><\/b>Kaufe Tickets nur \u00fcber den offiziellen <span class=\"s2\">SUMMER BREEZE Shop <\/span>oder die <span class=\"s2\">Offizielle SUMMER BREEZE Ticketb\u00f6rse<\/span>. Tickets von Dritten sind u. U. gesperrt oder ung\u00fcltig. Falls du ein solches Ticket trotzdem verkn\u00fcpfst, kann es sein, dass dein Guthaben einer anderen Person zugutekommt.<\/p>\n<p class=\"p5\"><b>Ich habe ein VIP-Ticket und m\u00f6chte dieses mit meinem Konto verkn\u00fcpfen. Wie gehe ich hier vor?<br \/>\n<\/b><\/p>\n<ul>\n<li><strong>Kostenlose Akkreditierung<\/strong>: Bei der Ticketauswahl im <a href=\"https:\/\/sboa25.eventportal.io\/\">Eventporta<\/a>l \u201eCrewTool\u201c ausw\u00e4hlen. Die \u201eTicketnummer\u201c befindet sich unterhalb der Beschreibung des zugewiesenen B\u00e4ndchens (siehe Screenshot).<\/li>\n<li><strong>Gekaufte VIP-Tickets<\/strong>: wie regul\u00e4re E-Tickets registrieren.<\/li>\n<\/ul>\n<p>Bitte beachte als akkreditierte Person, dass dir Ort und \u00d6ffnungszeiten deines jeweiligen Check-Ins kurze Zeit vor dem Festival per Mail mitgeteilt wird. Behalte auch den Spam-Ordner im Auge.<\/p>\n<p><img loading=\"lazy\" decoding=\"async\" class=\"alignnone wp-image-226164\" src=\"https:\/\/www.summer-breeze.de\/wp-content\/uploads\/2025\/06\/30\/Asset-Mail-CrewTool.png\" alt=\"Screenshot aus dem SUMMER BREEZE Crewtool, der beispielweise Codes zeigt, die f\u00fcr die Verkn\u00fcpfung von Ticket und Armband ben\u00f6tigt werden.\" width=\"350\" height=\"218\" srcset=\"https:\/\/www.summer-breeze.de\/wp-content\/uploads\/2025\/06\/30\/Asset-Mail-CrewTool.png 794w, https:\/\/www.summer-breeze.de\/wp-content\/uploads\/2025\/06\/30\/Asset-Mail-CrewTool-600x374.png 600w, https:\/\/www.summer-breeze.de\/wp-content\/uploads\/2025\/06\/30\/Asset-Mail-CrewTool-768x479.png 768w, https:\/\/www.summer-breeze.de\/wp-content\/uploads\/2025\/06\/30\/Asset-Mail-CrewTool-405x252.png 405w\" sizes=\"auto, (max-width: 350px) 100vw, 350px\" \/>Akkreditierung<br \/>\n<img loading=\"lazy\" decoding=\"async\" class=\"alignnone wp-image-226168\" src=\"https:\/\/www.summer-breeze.de\/wp-content\/uploads\/2025\/06\/30\/Festivalticket-Pay-VIP.png\" alt=\"Ein Muster eines Summer Breeze E-Ticket, Pay VIP\" width=\"350\" height=\"495\" srcset=\"https:\/\/www.summer-breeze.de\/wp-content\/uploads\/2025\/06\/30\/Festivalticket-Pay-VIP.png 595w, https:\/\/www.summer-breeze.de\/wp-content\/uploads\/2025\/06\/30\/Festivalticket-Pay-VIP-405x572.png 405w\" sizes=\"auto, (max-width: 350px) 100vw, 350px\" \/> Pay VIP E-Ticket<\/div><\/details><\/p>\n<p class=\"p4\"><b><details><summary>R\u00dcCKERSTATTUNG<\/summary><div><br \/>\n<\/b><b>Wann und wie bekomme ich mein Restguthaben zur\u00fcck?<br \/>\n<\/b><b><\/b><b>Ab Sonntag, 17.08.2025, 14:00 Uhr <\/b>kannst du im <a href=\"https:\/\/sboa25.eventportal.io\/\"><span class=\"s2\">Eventportal <\/span><\/a>die <b>R\u00fcckzahlung anfordern<\/b>.<br \/>\nDie \u00dcberweisung kann <b>bis zu 14 Werktage <\/b>dauern. Bewahre den Chip so lange auf.<\/p>\n<p class=\"p5\"><b>Kann ich das Restguthaben auch im n\u00e4chsten Jahr verwenden?<br \/>\n<\/b><b><\/b>Nein, eine \u00dcbertragung auf Folgejahre oder andere Events ist technisch leider nicht m\u00f6glich.<br \/>\n<\/div><\/details><\/p>\n<p class=\"p4\"><b><details><summary>DATENSCHUTZ<\/summary><div><br \/>\n<\/b><b>Was passiert mit meinen Daten?<br \/>\n<\/b><b><\/b>F\u00fcr das bargeldlose Bezahlen auf unseren Festivals nutzen wir den Service <b>Cashless Payment <\/b>der \u00f6sterreichischen Firma <b>Global Event Technologies GmbH &amp; Co KG <\/b>(<span class=\"s2\">https:\/\/www.get.systems\/<\/span>). Damit dieser Dienst \u2013 insbesondere die R\u00fcckerstattung von nicht verwendetem Guthaben \u2013 bereitgestellt und abgewickelt werden kann, ben\u00f6tigt GET bestimmte <b>personenbezogene Daten von dir<\/b>. Diese Daten werden <b>nur mit deiner ausdr\u00fccklichen Zustimmung verarbeitet<\/b>.<\/p>\n<p class=\"p6\">Wir haben mit GET einen <b>Vertrag zur Auftragsverarbeitung gem\u00e4\u00df der EU-Datenschutzgrundverordnung (DSGVO) <\/b>abgeschlossen. Das bedeutet: GET darf deine Daten <b>nicht eigenst\u00e4ndig nutzen<\/b>, sondern <b>ausschlie\u00dflich auf unsere Anweisung hin verarbeiten<\/b>. Dar\u00fcber hinaus stellt GET durch <b>technische und organisatorische Schutzma\u00dfnahmen (TOM) <\/b>sicher, dass deine Daten sicher sind.<\/p>\n<p class=\"p6\">Sobald deine personenbezogenen Daten <b>nicht mehr f\u00fcr die Nutzung des Dienstes oder f\u00fcr R\u00fcckerstattungen erforderlich sind <\/b>und keine gesetzlichen Aufbewahrungsfristen bestehen, werden sie gel\u00f6scht. Du kannst au\u00dferdem jederzeit <b>direkt bei GET die L\u00f6schung deiner Daten verlangen<\/b>.<\/p>\n<p class=\"p6\">Weitere Informationen entnimmst du <a href=\"https:\/\/www.summer-breeze.de\/kontakt\/datenschutz\/\">unserer <span class=\"s2\">Datenschutzerkl\u00e4rung<\/span><\/a> (Klicken, um aufzurufen!) und den <a href=\"https:\/\/www.get.systems\/privacy-policy\"><span class=\"s2\">Privacy Terms von GET<\/span><\/a> (Klicken, um aufzurufen!).<\/p>\n<p class=\"p5\"><b>Werden Bewegungsprofile o.\u00c4. von mir w\u00e4hrend der Veranstaltung erstellt und ausgewertet?<br \/>\n<\/b><b><\/b>Nein. Es werden <b>keine personenbezogenen Bewegungsprofile <\/b>erstellt. Es wird nur anonym erfasst, wie stark bestimmte Bereiche genutzt werden \u2013 z. B. um \u00fcber die <span class=\"s2\">SUMMER BREEZE App <\/span>Hinweise zu weniger frequentierten Shit\u2019n\u2019Shower Stations zu geben.<\/p>\n<p class=\"p1\"><b>Welche pers\u00f6nlichen Daten sind auf dem Chip gespeichert?<br \/>\n<\/b><b><\/b>Auf dem Chip ist eine ID gespeichert, die mit deinem Namen und deiner E-Mail-Adresse im <span class=\"s1\">Eventportal <\/span>verkn\u00fcpft wird. Transaktionen und Zahlungen werden gespeichert \u2013 zur Abrechnung, Nachvollziehbarkeit und laut gesetzlicher Registrierkassenpflicht. Diese Daten kannst du einsehen und herunterladen. <\/div><\/details><\/p>\n<p class=\"p3\"><b><details><summary>SONSTIGES<\/summary><div><br \/>\n<\/b><b>Ich habe mein Ticket bereits mit meinem Konto verkn\u00fcpft, m\u00f6chte das Ticket aber weiterverkaufen. Wie gehe ich vor?<br \/>\n<\/b><b><\/b>Nutze die <span class=\"s1\">Offizielle SUMMER BREEZE Ticketb\u00f6rse<\/span>. Der oder die K\u00e4uferin deines Tickets erh\u00e4lt von uns ein neues Ticket, w\u00e4hrend dein altes Ticket ung\u00fcltig wird. Dein eingezahltes Guthaben kannst du ab dem 17.08.2025, 14:00 Uhr zur\u00fcckfordern.<\/p>\n<p class=\"p2\">Solltest du noch kein Guthaben aufgeladen haben, kannst du einfach die Verlinkung deines Tickets innerhalb des Eventportals l\u00f6schen.<\/p>\n<p class=\"p1\"><b>Was passiert, wenn ich mein Armband oder meinen Chip verliere?<br \/>\n<\/b><b><\/b>Geh zum Cashless TroubleShooting am Infield-Zugang. Wenn du im <span class=\"s1\">Eventportal <\/span>registriert bist, kann der Chip gesperrt und das Guthaben \u00fcbertragen werden. Wenn du dir keinen Account innerhalt des Eventportals erstellt hast, musst du bitte dein Festivalticket mit zum TroubleShooting Container bringen.<\/p>\n<p class=\"p1\"><b>Was passiert, wenn Probleme mit meinem Chip auftreten?<br \/>\n<\/b><b><\/b>Geh zum Cashless TroubleShooting. Dort wird dein Chip gepr\u00fcft und ggf. ersetzt \u2013 Guthaben und Zug\u00e4nge werden \u00fcbertragen.<\/p>\n<p class=\"p1\"><b>Was passiert, wenn ein falscher Betrag abgebucht wurde?<br \/>\n<\/b><b><\/b>Sprich sofort das Personal am Stand an. Eine sp\u00e4tere Korrektur ist nicht m\u00f6glich \u2013 pr\u00fcfe daher die Betr\u00e4ge direkt bei der Zahlung.<\/p>\n<p class=\"p1\"><b>Kann eine Wechselwirkung zwischen RFID-Chips und Magnetarmb\u00e4ndern oder Smart Watches auftreten?<br \/>\n<\/b><b><\/b>Es besteht kein Risiko, dass der elektronische Speicher des Chips (EEPROM) von Magnetfeldern von Therapiearmb\u00e4ndern oder \u00e4hnlich besch\u00e4digt werden. Die Daten werden zudem auf dem Chip verschl\u00fcsselt und mit Pr\u00fcfsummen verifiziert.<\/p>\n<p class=\"p1\"><b>Ich ben\u00f6tige Hilfe oder habe eine Frage, die hier nicht behandelt wurde. An wen kann ich mich vor, w\u00e4hrend und nach der Veranstaltung wenden?<br \/>\n<\/b><b><\/b>Schau im <span class=\"s1\"><a href=\"https:\/\/sboa25.eventportal.io\/\">Eventportal<\/a>\u00a0<\/span>nach dem \u201eHilfe\u201c-Button. Dar\u00fcber erh\u00e4ltst du direkte Hilfe von GET Systems \u2013 oder schreibe eine Mail an <a href=\"mailto:cashless@summer-breeze.de\"><span class=\"s1\">cashless@summer-breeze.de<\/span><\/a>.<br \/>\nVor Ort hilft dir das Cashless TroubleShooting-Team am Infield-Zugang. <\/div><\/details><\/p>\n<p>&nbsp;<\/p>","protected":false},"excerpt":{"rendered":"<p>FAQ CASHLESS PAYMENT SUMMER BREEZE Open Air 2025 &nbsp;<\/p>\n","protected":false},"author":7,"featured_media":226180,"parent":0,"menu_order":0,"comment_status":"closed","ping_status":"closed","template":"","meta":{"footnotes":""},"class_list":["post-208071","page","type-page","status-publish","has-post-thumbnail","hentry"],"_links":{"self":[{"href":"https:\/\/www.summer-breeze.de\/de\/wp-json\/wp\/v2\/pages\/208071","targetHints":{"allow":["GET"]}}],"collection":[{"href":"https:\/\/www.summer-breeze.de\/de\/wp-json\/wp\/v2\/pages"}],"about":[{"href":"https:\/\/www.summer-breeze.de\/de\/wp-json\/wp\/v2\/types\/page"}],"author":[{"embeddable":true,"href":"https:\/\/www.summer-breeze.de\/de\/wp-json\/wp\/v2\/users\/7"}],"replies":[{"embeddable":true,"href":"https:\/\/www.summer-breeze.de\/de\/wp-json\/wp\/v2\/comments?post=208071"}],"version-history":[{"count":0,"href":"https:\/\/www.summer-breeze.de\/de\/wp-json\/wp\/v2\/pages\/208071\/revisions"}],"wp:featuredmedia":[{"embeddable":true,"href":"https:\/\/www.summer-breeze.de\/de\/wp-json\/wp\/v2\/media\/226180"}],"wp:attachment":[{"href":"https:\/\/www.summer-breeze.de\/de\/wp-json\/wp\/v2\/media?parent=208071"}],"curies":[{"name":"wp","href":"https:\/\/api.w.org\/{rel}","templated":true}]}}