{"id":208221,"date":"2018-08-01T15:52:19","date_gmt":"2018-08-01T13:52:19","guid":{"rendered":"https:\/\/www.summer-breeze.de\/?page_id=208221"},"modified":"2018-09-25T14:44:39","modified_gmt":"2018-09-25T12:44:39","slug":"horntobewild","status":"publish","type":"page","link":"https:\/\/www.summer-breeze.de\/de\/horntobewild\/","title":{"rendered":"#horntobewild"},"content":{"rendered":"<p>Unter dem Motto #horntobewild wurde auf dem Summer Breeze Open Air eine\u00a0Weltneuheit pr\u00e4sentiert:\u00a0Das original Summer Breeze Trinkhorn!<br \/>\nErh\u00e4ltlich im Summer Breeze Shop: <a href=\"http:\/\/www.summer-breeze.shop\">HIER KLICKEN!<\/a><\/p>\n<p>Es handelt sich hier nicht etwa um einen Billigimport aus Fernost! Nein, das Summer Breeze Trinkhorn ist ein regionales Produkt! Die Form stammt aus Dinkelsb\u00fchl und gefertigt wurde unsere Horn Kollektion in Ellwangen. Alle Materialien sind 100% vegan und farblich sollte f\u00fcr jeden etwas dabei sein: Schwarz (2018 und zeitlos), Rot, Gr\u00fcn, Grau, Blau und Transparent sind erh\u00e4ltlich.<\/p>\n<p><img loading=\"lazy\" decoding=\"async\" class=\"alignnone wp-image-208370\" src=\"https:\/\/www.summer-breeze.de\/wp-content\/uploads\/2018\/08\/01\/Summerbreeze2_resized.jpg\" alt=\"\" width=\"559\" height=\"419\" srcset=\"https:\/\/www.summer-breeze.de\/wp-content\/uploads\/2018\/08\/01\/Summerbreeze2_resized.jpg 3024w, https:\/\/www.summer-breeze.de\/wp-content\/uploads\/2018\/08\/01\/Summerbreeze2_resized-600x450.jpg 600w, https:\/\/www.summer-breeze.de\/wp-content\/uploads\/2018\/08\/01\/Summerbreeze2_resized-768x576.jpg 768w, https:\/\/www.summer-breeze.de\/wp-content\/uploads\/2018\/08\/01\/Summerbreeze2_resized-900x675.jpg 900w, https:\/\/www.summer-breeze.de\/wp-content\/uploads\/2018\/08\/01\/Summerbreeze2_resized-405x304.jpg 405w, https:\/\/www.summer-breeze.de\/wp-content\/uploads\/2018\/08\/01\/Summerbreeze2_resized-1200x900.jpg 1200w\" sizes=\"auto, (max-width: 559px) 100vw, 559px\" \/><\/p>\n<p>Den zugeh\u00f6rigen Hornhalter erhaltet ihr ebenfalls <a href=\"http:\/\/www.summer-breeze.shop\">in unserem Shop<\/a>. Der Horhalter ist ebenfalls 100% vegan (Kunstleder) und hochwertig vernietet.<\/p>\n<p><iframe loading=\"lazy\" src=\"https:\/\/www.youtube.com\/embed\/m8c2Tx4Rx8o\" width=\"560\" height=\"315\" frameborder=\"0\" allowfullscreen=\"allowfullscreen\"><\/iframe><\/p>\n<p><iframe loading=\"lazy\" src=\"https:\/\/www.youtube.com\/embed\/31N0XDdc2OA\" width=\"560\" height=\"315\" frameborder=\"0\" allowfullscreen=\"allowfullscreen\"><\/iframe><\/p>\n<p>&nbsp;<\/p>","protected":false},"excerpt":{"rendered":"<p>Unter dem Motto #horntobewild wurde auf dem Summer Breeze Open Air eine\u00a0Weltneuheit pr\u00e4sentiert:\u00a0Das original Summer Breeze Trinkhorn! Erh\u00e4ltlich im Summer Breeze Shop: HIER KLICKEN! Es handelt sich hier nicht etwa um einen Billigimport aus Fernost! Nein, das Summer Breeze Trinkhorn ist ein regionales Produkt! Die Form stammt aus Dinkelsb\u00fchl und gefertigt wurde unsere Horn Kollektion [&hellip;]<\/p>\n","protected":false},"author":7,"featured_media":208215,"parent":0,"menu_order":0,"comment_status":"closed","ping_status":"closed","template":"","meta":{"footnotes":""},"class_list":["post-208221","page","type-page","status-publish","has-post-thumbnail","hentry"],"_links":{"self":[{"href":"https:\/\/www.summer-breeze.de\/de\/wp-json\/wp\/v2\/pages\/208221","targetHints":{"allow":["GET"]}}],"collection":[{"href":"https:\/\/www.summer-breeze.de\/de\/wp-json\/wp\/v2\/pages"}],"about":[{"href":"https:\/\/www.summer-breeze.de\/de\/wp-json\/wp\/v2\/types\/page"}],"author":[{"embeddable":true,"href":"https:\/\/www.summer-breeze.de\/de\/wp-json\/wp\/v2\/users\/7"}],"replies":[{"embeddable":true,"href":"https:\/\/www.summer-breeze.de\/de\/wp-json\/wp\/v2\/comments?post=208221"}],"version-history":[{"count":0,"href":"https:\/\/www.summer-breeze.de\/de\/wp-json\/wp\/v2\/pages\/208221\/revisions"}],"wp:featuredmedia":[{"embeddable":true,"href":"https:\/\/www.summer-breeze.de\/de\/wp-json\/wp\/v2\/media\/208215"}],"wp:attachment":[{"href":"https:\/\/www.summer-breeze.de\/de\/wp-json\/wp\/v2\/media?parent=208221"}],"curies":[{"name":"wp","href":"https:\/\/api.w.org\/{rel}","templated":true}]}}