{"id":210382,"date":"2018-08-23T16:45:56","date_gmt":"2018-08-23T14:45:56","guid":{"rendered":"https:\/\/www.summer-breeze.de\/?page_id=210382"},"modified":"2026-05-11T13:02:07","modified_gmt":"2026-05-11T11:02:07","slug":"presse","status":"publish","type":"page","link":"https:\/\/www.summer-breeze.de\/de\/presse\/","title":{"rendered":"Presse"},"content":{"rendered":"<p><b><span data-contrast=\"auto\">SUMMER BREEZE Open Air 2026<br \/>\n<\/span><\/b><br \/>\nLiebe Pressepartnerinnen und Partner,<\/p>\n<p>Hier findet ihr Informationen, die eure Arbeit erleichtern werden.<\/p>\n<p><a href=\"https:\/\/silverdust.sharepoint.com\/Public_Relation\/Freigegebene%20Dokumente\/Forms\/AllItems.aspx?id=%2FPublic%5FRelation%2FFreigegebene%20Dokumente%2F07%2E05%5FExterne%5FKommunikation%5FPresse%2F%5F%5FPresskits%2FSummer%20Breeze%20Presskit%202026&amp;p=true&amp;ga=1\">PRESSKIT 2026<\/a><\/p>\n<p><a href=\"https:\/\/sboa.crewtool.de\/orgs\/1-silverdust\/projects\/161-sboa-2026-press-media\/crews\/6196\"><span data-teams=\"true\">Akkreditierung Press\/Media<\/span><\/a><\/p>\n<p><span data-teams=\"true\">Hier habt ihr die M\u00f6glichkeit, euch f\u00fcr das SUMMER BREEZE Open Air 2026 zu akkreditieren. Bitte f\u00fcllt die Akkreditierung gewissenhaft aus, sodass wir euch schnell und ohne viele Nachfragen Feedback zukommen lassen k\u00f6nnen. Die Bearbeitung der Anfragen erfolgt fr\u00fchestens Ende Mai.<\/span><\/p>\n<p><a href=\"https:\/\/silverdust.sharepoint.com\/:f:\/g\/Public_Relation\/ElY5M8DZuW9JkkLJ3Hkzx58BEq4aQO2o0aYlhU6kPVj1Fg?e=i23Fb8\">IMPRESSIONEN SUMMER BREEZE 2025<\/a><br \/>\n(Copyright: SUMMER BREEZE Open Air)<\/p>\n<p>Zusammenfassendes PDF zu unseren Anstrengungen im Bereich Nachhaltigkeit: <a href=\"https:\/\/www.summer-breeze.de\/wp-content\/uploads\/2025\/08\/06\/SB2025_LTMT_Uebersicht-DE.pdf\">Less Trash &#8211; More Thrash (klick!)<\/a><\/p>\n<p>Info: <a href=\"https:\/\/www.summer-breeze.de\/de\/\">www.summer-breeze.de<\/a><\/p>\n<p>Zeitlose Festival Impressions: <a style=\"font-weight: 400;\" href=\"https:\/\/silverdust.sharepoint.com\/:f:\/g\/Public_Relation\/Eriut_sxNTtBpxXyCD6EItgBSZDt2XYvMFSjcPUVu4catw?e=w3kZKt\" data-outlook-id=\"a0d7bd34-e369-42ee-b460-c9d18d212a22\">Festival<\/a><br \/>\n(Copyright: SUMMER BREEZE Open Air)<\/p>\n<p>Tickets 2026: <a href=\"http:\/\/www.summer-breeze.shop\" data-outlook-id=\"9399b493-d21c-4d4d-8a95-356d3f56cfe2\">www.summer-breeze.shop<\/a><br \/>\nTrailer 2026: <a href=\"https:\/\/www.youtube.com\/watch?v=2vUcE_S0oBM\">https:\/\/www.youtube.com\/watch?v=HDaVKevUNtw<\/a><\/p>\n<p><iframe loading=\"lazy\" title=\"SUMMER BREEZE Open Air 2025 Official Aftermovie [Metal Festival]\" width=\"500\" height=\"281\" src=\"https:\/\/www.youtube.com\/embed\/o_gRc0fspjE?feature=oembed\" frameborder=\"0\" allow=\"accelerometer; autoplay; clipboard-write; encrypted-media; gyroscope; picture-in-picture; web-share\" referrerpolicy=\"strict-origin-when-cross-origin\" allowfullscreen><\/iframe><\/p>\n<p>Eine F\u00fclle an Videos gibt es hier:<br \/>\n<a href=\"https:\/\/www.youtube.com\/@summerbreeze\">https:\/\/www.youtube.com\/@summerbreeze<\/a><\/p>\n<p>&nbsp;<\/p>","protected":false},"excerpt":{"rendered":"<p>SUMMER BREEZE Open Air 2026 Liebe Pressepartnerinnen und Partner, Hier findet ihr Informationen, die eure Arbeit erleichtern werden. PRESSKIT 2026 Akkreditierung Press\/Media Hier habt ihr die M\u00f6glichkeit, euch f\u00fcr das SUMMER BREEZE Open Air 2026 zu akkreditieren. Bitte f\u00fcllt die Akkreditierung gewissenhaft aus, sodass wir euch schnell und ohne viele Nachfragen Feedback zukommen lassen k\u00f6nnen. [&hellip;]<\/p>\n","protected":false},"author":7,"featured_media":0,"parent":0,"menu_order":0,"comment_status":"closed","ping_status":"closed","template":"","meta":{"footnotes":""},"class_list":["post-210382","page","type-page","status-publish","hentry"],"_links":{"self":[{"href":"https:\/\/www.summer-breeze.de\/de\/wp-json\/wp\/v2\/pages\/210382","targetHints":{"allow":["GET"]}}],"collection":[{"href":"https:\/\/www.summer-breeze.de\/de\/wp-json\/wp\/v2\/pages"}],"about":[{"href":"https:\/\/www.summer-breeze.de\/de\/wp-json\/wp\/v2\/types\/page"}],"author":[{"embeddable":true,"href":"https:\/\/www.summer-breeze.de\/de\/wp-json\/wp\/v2\/users\/7"}],"replies":[{"embeddable":true,"href":"https:\/\/www.summer-breeze.de\/de\/wp-json\/wp\/v2\/comments?post=210382"}],"version-history":[{"count":0,"href":"https:\/\/www.summer-breeze.de\/de\/wp-json\/wp\/v2\/pages\/210382\/revisions"}],"wp:attachment":[{"href":"https:\/\/www.summer-breeze.de\/de\/wp-json\/wp\/v2\/media?parent=210382"}],"curies":[{"name":"wp","href":"https:\/\/api.w.org\/{rel}","templated":true}]}}