{"id":211126,"date":"2019-03-22T14:16:33","date_gmt":"2019-03-22T13:16:33","guid":{"rendered":"https:\/\/www.summer-breeze.de\/?page_id=211126"},"modified":"2019-11-21T14:05:15","modified_gmt":"2019-11-21T13:05:15","slug":"powerstation-kuehlbox","status":"publish","type":"page","link":"https:\/\/www.summer-breeze.de\/de\/powerstation-kuehlbox\/","title":{"rendered":"Powerstation &#038; K\u00fchlbox"},"content":{"rendered":"<p><span style=\"color: #ff0000;\"><a style=\"color: #ff0000;\" href=\"https:\/\/pluginfestivals.de\/\">Plug-in Festivals<\/a><\/span> bietet <a href=\"https:\/\/www.sbtix.de\/kategorien\/camping\"><span style=\"color: #ff0000;\">ULTRA-Powerstationen<\/span><\/a> zum Verleih auf dem Campingplatz an. Diese mobilen Batterieboxen versorgen euch das ganze Festivalwochenende mit Strom. Und das Beste: Ist die Powerstation leer k\u00f6nnt ihr sie, so oft ihr wollt, gegen eine neue tauschen; daf\u00fcr stehen euch mehrere Austauschstationen zur Verf\u00fcgung.\u00a0M\u00f6chtest du dich auch gleich noch um deine k\u00fchlen Getr\u00e4nke k\u00fcmmern? Die\u00a0<span style=\"color: #ff0000;\"><a style=\"color: #ff0000;\" href=\"https:\/\/www.sbtix.de\/kategorien\/camping\" target=\"_blank\" rel=\"noopener noreferrer\">K\u00fchlbox<\/a><\/span> kannst du direkt an deine Powerstation anschlie\u00dfen.<\/p>\n<p><a href=\"https:\/\/summer-breeze.shop\/camping\/Powerstation-158_567.html\"><img loading=\"lazy\" decoding=\"async\" class=\"alignnone wp-image-211128\" src=\"https:\/\/www.summer-breeze.de\/wp-content\/uploads\/2019\/03\/22\/quadrat-powerstation-.png\" alt=\"\" width=\"200\" height=\"200\" srcset=\"https:\/\/www.summer-breeze.de\/wp-content\/uploads\/2019\/03\/22\/quadrat-powerstation-.png 500w, https:\/\/www.summer-breeze.de\/wp-content\/uploads\/2019\/03\/22\/quadrat-powerstation--405x405.png 405w\" sizes=\"auto, (max-width: 200px) 100vw, 200px\" \/><\/a>\u00a0\u00a0<a href=\"https:\/\/summer-breeze.shop\/camping\/Khlbox-159_568.html\"><img loading=\"lazy\" decoding=\"async\" class=\"alignnone wp-image-211127\" src=\"https:\/\/www.summer-breeze.de\/wp-content\/uploads\/2019\/03\/22\/quadrat-k\u00fchlbox.png\" alt=\"\" width=\"200\" height=\"200\" srcset=\"https:\/\/www.summer-breeze.de\/wp-content\/uploads\/2019\/03\/22\/quadrat-k\u00fchlbox.png 500w, https:\/\/www.summer-breeze.de\/wp-content\/uploads\/2019\/03\/22\/quadrat-k\u00fchlbox-405x405.png 405w\" sizes=\"auto, (max-width: 200px) 100vw, 200px\" \/><\/a><\/p>","protected":false},"excerpt":{"rendered":"<p>Plug-in Festivals bietet ULTRA-Powerstationen zum Verleih auf dem Campingplatz an. Diese mobilen Batterieboxen versorgen euch das ganze Festivalwochenende mit Strom. Und das Beste: Ist die Powerstation leer k\u00f6nnt ihr sie, so oft ihr wollt, gegen eine neue tauschen; daf\u00fcr stehen euch mehrere Austauschstationen zur Verf\u00fcgung.\u00a0M\u00f6chtest du dich auch gleich noch um deine k\u00fchlen Getr\u00e4nke k\u00fcmmern? [&hellip;]<\/p>\n","protected":false},"author":7,"featured_media":214578,"parent":0,"menu_order":0,"comment_status":"closed","ping_status":"closed","template":"","meta":{"footnotes":""},"class_list":["post-211126","page","type-page","status-publish","has-post-thumbnail","hentry"],"_links":{"self":[{"href":"https:\/\/www.summer-breeze.de\/de\/wp-json\/wp\/v2\/pages\/211126","targetHints":{"allow":["GET"]}}],"collection":[{"href":"https:\/\/www.summer-breeze.de\/de\/wp-json\/wp\/v2\/pages"}],"about":[{"href":"https:\/\/www.summer-breeze.de\/de\/wp-json\/wp\/v2\/types\/page"}],"author":[{"embeddable":true,"href":"https:\/\/www.summer-breeze.de\/de\/wp-json\/wp\/v2\/users\/7"}],"replies":[{"embeddable":true,"href":"https:\/\/www.summer-breeze.de\/de\/wp-json\/wp\/v2\/comments?post=211126"}],"version-history":[{"count":0,"href":"https:\/\/www.summer-breeze.de\/de\/wp-json\/wp\/v2\/pages\/211126\/revisions"}],"wp:featuredmedia":[{"embeddable":true,"href":"https:\/\/www.summer-breeze.de\/de\/wp-json\/wp\/v2\/media\/214578"}],"wp:attachment":[{"href":"https:\/\/www.summer-breeze.de\/de\/wp-json\/wp\/v2\/media?parent=211126"}],"curies":[{"name":"wp","href":"https:\/\/api.w.org\/{rel}","templated":true}]}}