{"id":216779,"date":"2021-07-12T15:00:33","date_gmt":"2021-07-12T13:00:33","guid":{"rendered":"https:\/\/www.summer-breeze.de\/?page_id=216779"},"modified":"2021-07-12T15:08:43","modified_gmt":"2021-07-12T13:08:43","slug":"supporterprogramm","status":"publish","type":"page","link":"https:\/\/www.summer-breeze.de\/de\/supporterprogramm\/","title":{"rendered":"SUPPORTER PROGRAMM"},"content":{"rendered":"<p>Auch in diesem Jahr m\u00f6chten wir f\u00fcr alle, die unser Festival unterst\u00fctzen m\u00f6chten wieder Supportoptionen und besonderes, limitiertes Merch anbieten um ein wenig SUMMER BREEZE Feeling zu euch nach Hause zu bringen und die Entt\u00e4uschung \u00fcber die erneute Absage zu mildern. Jede Bestellung hilft uns, weiter mit voller Kraft an einer unvergesslichen Festivaledition f\u00fcr 2022 zu arbeiten und sichert den Fortbestand unseres geliebten Festivals.Unterst\u00fctzer ohne Ticket f\u00fcr 2021 k\u00f6nnen sich direkt im <a href=\"http:\/\/www.summer-breeze.shop\">SHOP<\/a> umsehen.<\/p>\n<p><a href=\"http:\/\/www.summer-breeze.shop\"><img loading=\"lazy\" decoding=\"async\" class=\"alignnone wp-image-217078\" src=\"https:\/\/www.summer-breeze.de\/wp-content\/uploads\/2021\/07\/12\/2022-kategorie-supportermerch.jpg\" alt=\"\" width=\"501\" height=\"251\" srcset=\"https:\/\/www.summer-breeze.de\/wp-content\/uploads\/2021\/07\/12\/2022-kategorie-supportermerch.jpg 2480w, https:\/\/www.summer-breeze.de\/wp-content\/uploads\/2021\/07\/12\/2022-kategorie-supportermerch-600x300.jpg 600w, https:\/\/www.summer-breeze.de\/wp-content\/uploads\/2021\/07\/12\/2022-kategorie-supportermerch-768x384.jpg 768w, https:\/\/www.summer-breeze.de\/wp-content\/uploads\/2021\/07\/12\/2022-kategorie-supportermerch-900x450.jpg 900w, https:\/\/www.summer-breeze.de\/wp-content\/uploads\/2021\/07\/12\/2022-kategorie-supportermerch-405x203.jpg 405w, https:\/\/www.summer-breeze.de\/wp-content\/uploads\/2021\/07\/12\/2022-kategorie-supportermerch-1200x600.jpg 1200w\" sizes=\"auto, (max-width: 501px) 100vw, 501px\" \/><\/a><\/p>\n<p>Wichtig f\u00fcr alle mit Ticket 2021:<br \/>\nWenn ihr f\u00fcr das Festival 2021 Tickets bestellt habt, dann solltet ihr eine Mail von uns erhalten haben. Im <a href=\"http:\/\/www.summer-breeze.de\/sboa2021\">Ticketr\u00fcckabwicklungsprozess<\/a> wird ein Code erstellt, den ihr danach in unserem Shop (f\u00fcr Festivaltickets, das MAXIMUM SUPPORTER PACKAGE und\/oder weitere Artikel) einl\u00f6sen k\u00f6nnt. Bitte schaut auch in eurem SPAM-Ordner nach. Ausf\u00fchrliches f\u00fcr alle mit Ticket 2021 gibt es <a href=\"http:\/\/www.summer-breeze.de\/sboa2021\"><strong>HIER<\/strong><\/a>.<br \/>\n<a href=\"http:\/\/www.summer-breeze.de\/sboa2021\"><img loading=\"lazy\" decoding=\"async\" class=\"alignnone wp-image-217058\" src=\"https:\/\/www.summer-breeze.de\/wp-content\/uploads\/2020\/05\/20\/buttonTICKET-INFO.jpg\" alt=\"\" width=\"200\" height=\"100\" \/><\/a><\/p>\n<p>Festivalticket 2021 bestellt, aber keine Mail zur R\u00fcckabwicklung erhalten?<br \/>\nWendet euch bitte an <a href=\"mailto:shop@summer-breeze.de\">shop@summer-breeze.de<\/a>.<\/p>\n<ul>\n<li>Mit dem <u>MAXIMUM SUPPORTER PACKAGE 2021 (ohne Festivalicket 2022)<\/u>\u00a0wollen wir euch hochwertige und limitierte Ware bieten, die es bis dato so noch nicht im Shop gab.\u00a0Dieses Package ist f\u00fcr alle, die ein fettes Merchandise-Paket ergattern wollen, um so ihre Unterst\u00fctzung zum Ausdruck zu bringen.Der\u00a0Premium Zipper ist mit aufwendigem Stick versehen. Dazu gibt es das MAXIMUM SUPPORTER Shirt oder Girlie. Au\u00dferdem erh\u00e4ltst du das Festivalb\u00e4ndchen 2021, das besondere Kombib\u00e4ndchen 20\/21, zwei Patches (2021 und 2022), eine 2021er Flagge, den Festivalbecher 2021, ein Poster 2022, Sticker 2022, ein exklusives MAXIMUM SUPPORTER Trinkhorn und den SUMMER BREEZE Bierkrug im Supporter Design. Auch auf dem Festivalgel\u00e4nde 2022 wirst du dich als MAXIMUM SUPPORTER auf einer Wall Of Fame wiederfinden k\u00f6nnen.<br \/>\n<a href=\"http:\/\/www.summer-breeze.shop\"><img loading=\"lazy\" decoding=\"async\" class=\"alignnone wp-image-217066\" src=\"https:\/\/www.summer-breeze.de\/wp-content\/uploads\/2021\/04\/20\/SB2021_MSP-Header.jpg\" alt=\"\" width=\"550\" height=\"280\" srcset=\"https:\/\/www.summer-breeze.de\/wp-content\/uploads\/2021\/04\/20\/SB2021_MSP-Header.jpg 1180w, https:\/\/www.summer-breeze.de\/wp-content\/uploads\/2021\/04\/20\/SB2021_MSP-Header-600x305.jpg 600w, https:\/\/www.summer-breeze.de\/wp-content\/uploads\/2021\/04\/20\/SB2021_MSP-Header-768x391.jpg 768w, https:\/\/www.summer-breeze.de\/wp-content\/uploads\/2021\/04\/20\/SB2021_MSP-Header-900x458.jpg 900w, https:\/\/www.summer-breeze.de\/wp-content\/uploads\/2021\/04\/20\/SB2021_MSP-Header-405x206.jpg 405w\" sizes=\"auto, (max-width: 550px) 100vw, 550px\" \/><\/a><br \/>\nEntscheidet ihr euch f\u00fcr das MAXIMUM SUPPORTER PACKAGE 2021, werden keine Porto- und Verpackungskosten erhoben.Wer zum MAXIMUM SUPPORTER PACKAGE gleich ein Ticket 2022 dazukauft, hat die\u00a0 M\u00f6glichkeit kostenfrei ein Hardticket zu erhalten.<em>Wenn ihr das Ticket 2021 in ein MAXIMUM SUPPORTER PACKAGE 2021 eintauschen m\u00f6chtet, dann ist das \u00fcber die E-Mail, die alle Ticket-2021-Besteller erhalten, m\u00f6glich. Mehr Infos zur Ticketr\u00fcckabwicklung 2021 gibt es <a href=\"http:\/\/www.summer-breeze.de\/sboa2021\">HIER<\/a>.\u00a0<\/em><\/li>\n<li><u>HARDTICKET PACKAGE (inklusive Hardticket 2022)<\/u><br \/>\nIn diesem Package erhaltet ihr zum Aufpreis von 6,66 \u20ac das SUMMER BREEZE Ticket 2022 als Hardticket, einen Patch 2022, das B\u00e4ndchen 2021, Sticker 2022 und ein Poster 2022. Das Ganze versandkostenfrei innerhalb Deutschlands, auch wenn ihr euch zus\u00e4tzlich f\u00fcr weitere Merchandise Artikel entscheidet.<em><em><em>ACHTUNG: Wenn ihr euer Ticket 2021 zum Erwerb eines HARDTICKET PACKAGE 2022 verwenden m\u00f6chtet, dann ist das \u00fcber die E-Mail, die alle Ticket-2021-Besteller erhalten, m\u00f6glich. Mehr Infos zur Ticketr\u00fcckabwicklung 2021 gibt es <a href=\"http:\/\/www.summer-breeze.de\/sboa2021\">HIER<\/a>.<br \/>\n<a href=\"http:\/\/www.summer-breeze.shop\"><img loading=\"lazy\" decoding=\"async\" class=\"alignnone wp-image-217075\" src=\"https:\/\/www.summer-breeze.de\/wp-content\/uploads\/2021\/07\/11\/SB2022hardticketpackages.jpg\" alt=\"\" width=\"549\" height=\"279\" srcset=\"https:\/\/www.summer-breeze.de\/wp-content\/uploads\/2021\/07\/11\/SB2022hardticketpackages.jpg 1180w, https:\/\/www.summer-breeze.de\/wp-content\/uploads\/2021\/07\/11\/SB2022hardticketpackages-600x305.jpg 600w, https:\/\/www.summer-breeze.de\/wp-content\/uploads\/2021\/07\/11\/SB2022hardticketpackages-768x391.jpg 768w, https:\/\/www.summer-breeze.de\/wp-content\/uploads\/2021\/07\/11\/SB2022hardticketpackages-900x458.jpg 900w, https:\/\/www.summer-breeze.de\/wp-content\/uploads\/2021\/07\/11\/SB2022hardticketpackages-405x206.jpg 405w\" sizes=\"auto, (max-width: 549px) 100vw, 549px\" \/><\/a><\/em><\/em><\/em><\/li>\n<li><a href=\"http:\/\/www.summer-breeze.shop\">SUPPORTER MERCHANDISE<\/a><br \/>\n<a href=\"http:\/\/www.summer-breeze.shop\"><img loading=\"lazy\" decoding=\"async\" class=\"alignnone wp-image-217067\" src=\"https:\/\/www.summer-breeze.de\/wp-content\/uploads\/2020\/05\/20\/supportermerch\u00fcbersicht.jpg\" alt=\"\" width=\"398\" height=\"419\" srcset=\"https:\/\/www.summer-breeze.de\/wp-content\/uploads\/2020\/05\/20\/supportermerch\u00fcbersicht.jpg 950w, https:\/\/www.summer-breeze.de\/wp-content\/uploads\/2020\/05\/20\/supportermerch\u00fcbersicht-600x632.jpg 600w, https:\/\/www.summer-breeze.de\/wp-content\/uploads\/2020\/05\/20\/supportermerch\u00fcbersicht-768x808.jpg 768w, https:\/\/www.summer-breeze.de\/wp-content\/uploads\/2020\/05\/20\/supportermerch\u00fcbersicht-900x947.jpg 900w, https:\/\/www.summer-breeze.de\/wp-content\/uploads\/2020\/05\/20\/supportermerch\u00fcbersicht-405x426.jpg 405w\" sizes=\"auto, (max-width: 398px) 100vw, 398px\" \/><\/a><\/li>\n<\/ul>\n<p>Achtung:<br \/>\nIn diesem Jahr hat grunds\u00e4tzlich jeder die Chance bis zum 31.08.2021 das Ticket zum g\u00fcnstigsten Ticketpreis von 149,-\u20ac zu ergattern. Besitzer eines Tickets f\u00fcr 2021 haben bis einschlie\u00dflich 31.08. die M\u00f6glichkeit ihr Ticket ohne Aufpreis in ein neues Ticket f\u00fcr 2022 umzuwandeln. Ab dem 01.09.2021 betr\u00e4gt der Ticketpreis 169,-\u20ac.<br \/>\n<a href=\"http:\/\/www.summer-breeze.de\/sboa2021\"><img loading=\"lazy\" decoding=\"async\" class=\"alignnone wp-image-217058\" src=\"https:\/\/www.summer-breeze.de\/wp-content\/uploads\/2020\/05\/20\/buttonTICKET-INFO.jpg\" alt=\"\" width=\"200\" height=\"100\" \/><\/a><\/p>\n<p>&nbsp;<\/p>\n<p>&nbsp;<\/p>","protected":false},"excerpt":{"rendered":"<p>Auch in diesem Jahr m\u00f6chten wir f\u00fcr alle, die unser Festival unterst\u00fctzen m\u00f6chten wieder Supportoptionen und besonderes, limitiertes Merch anbieten um ein wenig SUMMER BREEZE Feeling zu euch nach Hause zu bringen und die Entt\u00e4uschung \u00fcber die erneute Absage zu mildern. Jede Bestellung hilft uns, weiter mit voller Kraft an einer unvergesslichen Festivaledition f\u00fcr 2022 [&hellip;]<\/p>\n","protected":false},"author":7,"featured_media":217062,"parent":0,"menu_order":0,"comment_status":"closed","ping_status":"closed","template":"custom-page-template-fullwidth.php","meta":{"footnotes":""},"class_list":["post-216779","page","type-page","status-publish","has-post-thumbnail","hentry"],"_links":{"self":[{"href":"https:\/\/www.summer-breeze.de\/de\/wp-json\/wp\/v2\/pages\/216779","targetHints":{"allow":["GET"]}}],"collection":[{"href":"https:\/\/www.summer-breeze.de\/de\/wp-json\/wp\/v2\/pages"}],"about":[{"href":"https:\/\/www.summer-breeze.de\/de\/wp-json\/wp\/v2\/types\/page"}],"author":[{"embeddable":true,"href":"https:\/\/www.summer-breeze.de\/de\/wp-json\/wp\/v2\/users\/7"}],"replies":[{"embeddable":true,"href":"https:\/\/www.summer-breeze.de\/de\/wp-json\/wp\/v2\/comments?post=216779"}],"version-history":[{"count":0,"href":"https:\/\/www.summer-breeze.de\/de\/wp-json\/wp\/v2\/pages\/216779\/revisions"}],"wp:featuredmedia":[{"embeddable":true,"href":"https:\/\/www.summer-breeze.de\/de\/wp-json\/wp\/v2\/media\/217062"}],"wp:attachment":[{"href":"https:\/\/www.summer-breeze.de\/de\/wp-json\/wp\/v2\/media?parent=216779"}],"curies":[{"name":"wp","href":"https:\/\/api.w.org\/{rel}","templated":true}]}}