{"id":216939,"date":"2020-08-10T21:24:07","date_gmt":"2020-08-10T19:24:07","guid":{"rendered":"https:\/\/www.summer-breeze.de\/?page_id=216939"},"modified":"2020-08-13T16:22:22","modified_gmt":"2020-08-13T14:22:22","slug":"festival-live-news","status":"publish","type":"page","link":"https:\/\/www.summer-breeze.de\/de\/festival-live-news\/","title":{"rendered":"Festival Live News"},"content":{"rendered":"<p><\/p>\n<h3>THE LOST EDITION<\/h3>\n<p>Am 15.August wollen wir digital mit euch zusammenkommen und einen Blick auf die Vergangenheit, die aktuelle Lage und die Zukunft werfen. Ab 18:00 Uhr startet auf www.summer-breeze.de eine Videopremiere, die sich um das SUMMER BREEZE, die Crew und allgemein um unser geliebtes Festival drehen wird. Auf unserem <a href=\"http:\/\/youtube.com\/user\/SummerBreeze1997\">Youtube-Kanal<\/a> k\u00f6nnt ihr dazu live im Chat auf unser Team treffen.<br \/>\nWir freuen uns riesig \u00fcber euren Input zum SUMMER BREEZE 2020 &#8211; THE LOST EDITION! Wir sehen uns nicht in Dinkelsb\u00fchl, wissen aber, dass wir das Ganze dennoch gemeinsam durchhalten.<\/p>\n<p>Schon ab Donnerstag streamen unsere Kollegen vom WDR Rockpalast komplette Shows aus den vergangenen Jahren. Schaut euch dazu das Programm <a href=\"https:\/\/www1.wdr.de\/fernsehen\/rockpalast\/events\/summer-breeze-zwanzig-uebersicht-100.html\">HIER<\/a> an.<\/p>\n<p>Nachdem wir euch mit der EUROPEAN METAL FESTIVAL ALLIANCE (unserer neu aus dem Boden gestampften Vereinigung europ\u00e4ischer Festivals) am vergangenen Wochenende eine Menge Liveshows aus der ganzen Welt nach Hause \u00fcbertragen konnten, wird sich unsere Lost Edition um verschiedene Themen drehen: Unsere Crew, unsere Fans, Dinkelsb\u00fchl, unser Jahr 2020 und vieles mehr!<\/p>\n<p>Wir w\u00fcrden uns freuen, wenn ihr mit euren Freunden und uns (leider \u00f6rtlich getrennt) feiert!<br \/>\nFalls ihr noch Material f\u00fcr eure Samstagsgestaltung braucht, dann haben wir euch bunt gemischte Playlists zusammengestellt:<br \/>\n<a href=\"https:\/\/www.youtube.com\/playlist?list=PLPulMVvL6r2O_EUQAU5X5qLgwGvPWBegY\">FULL SHOWS &#8211; BEST OF SUMMER BREEZE<\/a><br \/>\n<a href=\"https:\/\/www.youtube.com\/playlist?list=PLPulMVvL6r2PB2wEQNY6OP30_2eS-znxU\">HITPARADE &#8211; BEST OF SUMMER BREEZE<\/a><\/p>\n<p>Wie werdet ihr den 15.08.2020 verbringen?<br \/>\nMit dem Hashtag <a class=\"_58cn\" href=\"https:\/\/www.facebook.com\/hashtag\/thelostedition?__eep__=6&amp;source=feed_text&amp;epa=HASHTAG&amp;__xts__%5B0%5D=68.ARDCBGPxS-gReHrtbBBPdHQrFIHIUUBbSziUZ4F1VhtfiIbumh8gj94AEUBYd5d4KSE9tg05yB6bHiTOv-6ctDErgWPWa0szm_kKUCP_n4gMTfV7Y-Iox17K8r2O5ILj13WPsFpo2xBAPoHaitEU_xTV5JgnRBGZQa_8UzuQbTM3YAmavUHDgAfbR8vJMOIV38-fp0d469ovPdtbGsvmo55umfSsUavVlOZHfCPOTOm9iwfK1nu0ZCSQQc2DzdqgkdRDGR8VvKzyfUcWyB8uMmQwAsxA8wxpP9w3tYJXyJOIXWjeB6gveaWVtC3RVaDlmX_1n7PGPIVBOsIcNNJz&amp;__tn__=%2ANK-R\" data-ft=\"{&quot;type&quot;:104,&quot;tn&quot;:&quot;*N&quot;}\"><span class=\"_5afx\"><span class=\"_58cl _5afz\" aria-label=\"hashtag\">#<\/span><span class=\"_58cm\">thelostedition<\/span><\/span><\/a> werden eure Instagram-Posts direkt auf auf unserer Homepage\u00a0landen. Zus\u00e4tzlich verlosen wir unter allen, die ihren Teil zu THE LOST EDITION beitragen <a href=\"https:\/\/youtu.be\/AHdTUJ9Y-cE\">fette Preise<\/a>.<\/p>\n<p>Die <a href=\"http:\/\/oneevent-oneapp.com\/summerbreeze-2021\/\">App f\u00fcr das Jahr 2021<\/a> ist ebenfalls ab sofort online!<\/p>","protected":false},"excerpt":{"rendered":"<p>THE LOST EDITION Am 15.August wollen wir digital mit euch zusammenkommen und einen Blick auf die Vergangenheit, die aktuelle Lage und die Zukunft werfen. Ab 18:00 Uhr startet auf www.summer-breeze.de eine Videopremiere, die sich um das SUMMER BREEZE, die Crew und allgemein um unser geliebtes Festival drehen wird. Auf unserem Youtube-Kanal k\u00f6nnt ihr dazu live [&hellip;]<\/p>\n","protected":false},"author":1,"featured_media":0,"parent":0,"menu_order":0,"comment_status":"closed","ping_status":"closed","template":"","meta":{"footnotes":""},"class_list":["post-216939","page","type-page","status-publish","hentry"],"_links":{"self":[{"href":"https:\/\/www.summer-breeze.de\/de\/wp-json\/wp\/v2\/pages\/216939","targetHints":{"allow":["GET"]}}],"collection":[{"href":"https:\/\/www.summer-breeze.de\/de\/wp-json\/wp\/v2\/pages"}],"about":[{"href":"https:\/\/www.summer-breeze.de\/de\/wp-json\/wp\/v2\/types\/page"}],"author":[{"embeddable":true,"href":"https:\/\/www.summer-breeze.de\/de\/wp-json\/wp\/v2\/users\/1"}],"replies":[{"embeddable":true,"href":"https:\/\/www.summer-breeze.de\/de\/wp-json\/wp\/v2\/comments?post=216939"}],"version-history":[{"count":0,"href":"https:\/\/www.summer-breeze.de\/de\/wp-json\/wp\/v2\/pages\/216939\/revisions"}],"wp:attachment":[{"href":"https:\/\/www.summer-breeze.de\/de\/wp-json\/wp\/v2\/media?parent=216939"}],"curies":[{"name":"wp","href":"https:\/\/api.w.org\/{rel}","templated":true}]}}