{"id":217602,"date":"2022-02-08T14:00:45","date_gmt":"2022-02-08T13:00:45","guid":{"rendered":"https:\/\/www.summer-breeze.de\/?page_id=217602"},"modified":"2026-03-20T11:19:56","modified_gmt":"2026-03-20T10:19:56","slug":"jobs","status":"publish","type":"page","link":"https:\/\/www.summer-breeze.de\/de\/jobs\/","title":{"rendered":"Jobs"},"content":{"rendered":"<p>Neben den Jobs beim Festival schreibt die Silverdust GmbH, die veranstaltende Firma des SUMMER BREEZE, immer wieder Stellen aus.<br \/>\nIhr findet diese direkt auf der <a href=\"https:\/\/silverdust.de\/jobs\/\">Silverdust Website<\/a>.<\/p>\n<p><strong>FESTIVALJOBS IN DINKELSB\u00dcHL:<\/strong><br \/>\nDu hast Lust, bei Europas gr\u00f6\u00dftem unabh\u00e4ngigen Festival mitzuwirken und hinter die Kulissen zu blicken? <a href=\"https:\/\/sboa.crewtool.de\/orgs\/1-silverdust\/projects\/124\">HIER<\/a> findest du alle offenen Stellen und die dazugeh\u00f6rigen Details, die wir f\u00fcr die diesj\u00e4hrige Festivalausgabe \u00f6ffentlich zu vergeben haben. Um sich f\u00fcr eine Stelle bewerben zu k\u00f6nnen, musst du einen Account innerhalb des CrewTools haben und eingeloggt sein.<\/p>\n<p><u>Unser Zeitplan:<\/u><\/p>\n<ul>\n<li>Aufbauphase: 03. bis 12.08.2026<\/li>\n<li>Gel\u00e4nde\u00f6ffnung: ab 11.08.2026<\/li>\n<li>Festivalbetrieb: 12. &#8211; 15.08.2026<\/li>\n<li>Abbauphase: 16. &#8211; 21.08.2026<\/li>\n<\/ul>\n<p>Sollte nichts Passendes f\u00fcr dich dabei sein, kannst du uns gerne auch eine E-Mail an <a href=\"mailto:crew@silverdust.de\">crew@silverdust.de<\/a> schicken &#8211; unter Umst\u00e4nden haben wir auch noch andere Positionen zu besetzen.<\/p>\n<p>Wir freuen uns auf deine <strong>aussagekr\u00e4ftige<\/strong> Bewerbung!<\/p>\n<p>Das SUMMER BREEZE Team<\/p>\n<p>&nbsp;<\/p>","protected":false},"excerpt":{"rendered":"<p>Neben den Jobs beim Festival schreibt die Silverdust GmbH, die veranstaltende Firma des SUMMER BREEZE, immer wieder Stellen aus. Ihr findet diese direkt auf der Silverdust Website. FESTIVALJOBS IN DINKELSB\u00dcHL: Du hast Lust, bei Europas gr\u00f6\u00dftem unabh\u00e4ngigen Festival mitzuwirken und hinter die Kulissen zu blicken? HIER findest du alle offenen Stellen und die dazugeh\u00f6rigen Details, [&hellip;]<\/p>\n","protected":false},"author":7,"featured_media":0,"parent":0,"menu_order":0,"comment_status":"closed","ping_status":"closed","template":"","meta":{"footnotes":""},"class_list":["post-217602","page","type-page","status-publish","hentry"],"_links":{"self":[{"href":"https:\/\/www.summer-breeze.de\/de\/wp-json\/wp\/v2\/pages\/217602","targetHints":{"allow":["GET"]}}],"collection":[{"href":"https:\/\/www.summer-breeze.de\/de\/wp-json\/wp\/v2\/pages"}],"about":[{"href":"https:\/\/www.summer-breeze.de\/de\/wp-json\/wp\/v2\/types\/page"}],"author":[{"embeddable":true,"href":"https:\/\/www.summer-breeze.de\/de\/wp-json\/wp\/v2\/users\/7"}],"replies":[{"embeddable":true,"href":"https:\/\/www.summer-breeze.de\/de\/wp-json\/wp\/v2\/comments?post=217602"}],"version-history":[{"count":0,"href":"https:\/\/www.summer-breeze.de\/de\/wp-json\/wp\/v2\/pages\/217602\/revisions"}],"wp:attachment":[{"href":"https:\/\/www.summer-breeze.de\/de\/wp-json\/wp\/v2\/media?parent=217602"}],"curies":[{"name":"wp","href":"https:\/\/api.w.org\/{rel}","templated":true}]}}