{"id":217787,"date":"2022-06-15T16:45:52","date_gmt":"2022-06-15T14:45:52","guid":{"rendered":"https:\/\/www.summer-breeze.de\/?page_id=217787"},"modified":"2025-08-07T15:44:24","modified_gmt":"2025-08-07T13:44:24","slug":"downloads","status":"publish","type":"page","link":"https:\/\/www.summer-breeze.de\/de\/downloads\/","title":{"rendered":"SBOA DOWNLOADS"},"content":{"rendered":"<p><\/p>\n<h3><strong>Festival APP<br \/>\n<\/strong><a href=\"https:\/\/play.google.com\/store\/apps\/details?id=com.greencopper.android.summerbreeze&amp;hl=de\">Google Play<\/a><br \/>\n<a href=\"https:\/\/apps.apple.com\/de\/app\/summer-breeze-2024\/id933240104\">App Store<\/a><\/h3>\n<p><strong>Running Order (PDF \/ Excel)<br \/>\n<\/strong><a href=\"https:\/\/www.summer-breeze.de\/wp-content\/uploads\/2025\/08\/07\/Runningorder-2025-A4.pdf\"><img loading=\"lazy\" decoding=\"async\" class=\"alignnone wp-image-226342\" src=\"https:\/\/www.summer-breeze.de\/wp-content\/uploads\/2025\/08\/04\/Running-Order-Preview-Website.png\" alt=\"\" width=\"250\" height=\"353\" srcset=\"https:\/\/www.summer-breeze.de\/wp-content\/uploads\/2025\/08\/04\/Running-Order-Preview-Website.png 608w, https:\/\/www.summer-breeze.de\/wp-content\/uploads\/2025\/08\/04\/Running-Order-Preview-Website-600x847.png 600w\" sizes=\"auto, (max-width: 250px) 100vw, 250px\" \/><\/a>PDF einseitig<\/p>\n<p><strong>Gel\u00e4ndeplan<br \/>\n<\/strong><a href=\"https:\/\/www.summer-breeze.de\/wp-content\/uploads\/2025\/07\/24\/SBOA2025_Festivalmap_A3.pdf\"><img loading=\"lazy\" decoding=\"async\" class=\"alignnone wp-image-226228\" src=\"https:\/\/www.summer-breeze.de\/wp-content\/uploads\/2025\/07\/24\/FestivalMap_WebPreview_1215x735.jpg\" alt=\"\" width=\"249\" height=\"151\" srcset=\"https:\/\/www.summer-breeze.de\/wp-content\/uploads\/2025\/07\/24\/FestivalMap_WebPreview_1215x735.jpg 1215w, https:\/\/www.summer-breeze.de\/wp-content\/uploads\/2025\/07\/24\/FestivalMap_WebPreview_1215x735-600x363.jpg 600w, https:\/\/www.summer-breeze.de\/wp-content\/uploads\/2025\/07\/24\/FestivalMap_WebPreview_1215x735-900x544.jpg 900w, https:\/\/www.summer-breeze.de\/wp-content\/uploads\/2025\/07\/24\/FestivalMap_WebPreview_1215x735-405x245.jpg 405w, https:\/\/www.summer-breeze.de\/wp-content\/uploads\/2025\/07\/24\/FestivalMap_WebPreview_1215x735-768x465.jpg 768w, https:\/\/www.summer-breeze.de\/wp-content\/uploads\/2025\/07\/24\/FestivalMap_WebPreview_1215x735-1200x726.jpg 1200w, https:\/\/www.summer-breeze.de\/wp-content\/uploads\/2025\/07\/24\/FestivalMap_WebPreview_1215x735-810x490.jpg 810w\" sizes=\"auto, (max-width: 249px) 100vw, 249px\" \/><\/a><br \/>\nAuf die Grafik klicken, um den Festival-Gel\u00e4ndeplan als PDF aufzurufen.<\/p>\n<p><a href=\"https:\/\/www.summer-breeze.de\/wp-content\/uploads\/2025\/07\/24\/SBOA2025_Infieldmap_A3.pdf\"><img loading=\"lazy\" decoding=\"async\" class=\"alignnone wp-image-226229\" src=\"https:\/\/www.summer-breeze.de\/wp-content\/uploads\/2025\/07\/24\/InfieldMap_WebPreview_1215x735.jpg\" alt=\"\" width=\"250\" height=\"151\" srcset=\"https:\/\/www.summer-breeze.de\/wp-content\/uploads\/2025\/07\/24\/InfieldMap_WebPreview_1215x735.jpg 1215w, https:\/\/www.summer-breeze.de\/wp-content\/uploads\/2025\/07\/24\/InfieldMap_WebPreview_1215x735-600x363.jpg 600w, https:\/\/www.summer-breeze.de\/wp-content\/uploads\/2025\/07\/24\/InfieldMap_WebPreview_1215x735-900x544.jpg 900w, https:\/\/www.summer-breeze.de\/wp-content\/uploads\/2025\/07\/24\/InfieldMap_WebPreview_1215x735-405x245.jpg 405w, https:\/\/www.summer-breeze.de\/wp-content\/uploads\/2025\/07\/24\/InfieldMap_WebPreview_1215x735-768x465.jpg 768w, https:\/\/www.summer-breeze.de\/wp-content\/uploads\/2025\/07\/24\/InfieldMap_WebPreview_1215x735-1200x726.jpg 1200w, https:\/\/www.summer-breeze.de\/wp-content\/uploads\/2025\/07\/24\/InfieldMap_WebPreview_1215x735-810x490.jpg 810w\" sizes=\"auto, (max-width: 250px) 100vw, 250px\" \/><\/a><br \/>\nAuf die Grafik klicken, um den Infield-Gel\u00e4ndeplan als PDF aufzurufen.<\/p>\n<h3>Erziehungsauftrag<br \/>\n<a href=\"https:\/\/www.summer-breeze.de\/wp-content\/uploads\/2025\/06\/24\/Erziehungsbeauftragung-25-BF-DE.pdf\">Hier klicken!<\/a><\/h3>\n<h3>Packliste<br \/>\n<a href=\"https:\/\/www.summer-breeze.de\/wp-content\/uploads\/2020\/01\/09\/packliste_zeitlos_de.png\"><img loading=\"lazy\" decoding=\"async\" class=\"alignnone wp-image-214799\" src=\"https:\/\/www.summer-breeze.de\/wp-content\/uploads\/2020\/01\/09\/packliste_zeitlos_de.png\" alt=\"\" width=\"200\" height=\"283\" srcset=\"https:\/\/www.summer-breeze.de\/wp-content\/uploads\/2020\/01\/09\/packliste_zeitlos_de.png 2479w, https:\/\/www.summer-breeze.de\/wp-content\/uploads\/2020\/01\/09\/packliste_zeitlos_de-600x848.png 600w, https:\/\/www.summer-breeze.de\/wp-content\/uploads\/2020\/01\/09\/packliste_zeitlos_de-768x1086.png 768w, https:\/\/www.summer-breeze.de\/wp-content\/uploads\/2020\/01\/09\/packliste_zeitlos_de-900x1272.png 900w, https:\/\/www.summer-breeze.de\/wp-content\/uploads\/2020\/01\/09\/packliste_zeitlos_de-405x572.png 405w, https:\/\/www.summer-breeze.de\/wp-content\/uploads\/2020\/01\/09\/packliste_zeitlos_de-1200x1696.png 1200w\" sizes=\"auto, (max-width: 200px) 100vw, 200px\" \/><\/a><\/h3>\n<p>&nbsp;<\/p>\n<p>&nbsp;<\/p>","protected":false},"excerpt":{"rendered":"<p>Festival APP Google Play App Store Running Order (PDF \/ Excel) PDF einseitig Gel\u00e4ndeplan Auf die Grafik klicken, um den Festival-Gel\u00e4ndeplan als PDF aufzurufen. Auf die Grafik klicken, um den Infield-Gel\u00e4ndeplan als PDF aufzurufen. Erziehungsauftrag Hier klicken! Packliste &nbsp; &nbsp;<\/p>\n","protected":false},"author":7,"featured_media":0,"parent":0,"menu_order":0,"comment_status":"closed","ping_status":"closed","template":"","meta":{"footnotes":""},"class_list":["post-217787","page","type-page","status-publish","hentry"],"_links":{"self":[{"href":"https:\/\/www.summer-breeze.de\/de\/wp-json\/wp\/v2\/pages\/217787","targetHints":{"allow":["GET"]}}],"collection":[{"href":"https:\/\/www.summer-breeze.de\/de\/wp-json\/wp\/v2\/pages"}],"about":[{"href":"https:\/\/www.summer-breeze.de\/de\/wp-json\/wp\/v2\/types\/page"}],"author":[{"embeddable":true,"href":"https:\/\/www.summer-breeze.de\/de\/wp-json\/wp\/v2\/users\/7"}],"replies":[{"embeddable":true,"href":"https:\/\/www.summer-breeze.de\/de\/wp-json\/wp\/v2\/comments?post=217787"}],"version-history":[{"count":0,"href":"https:\/\/www.summer-breeze.de\/de\/wp-json\/wp\/v2\/pages\/217787\/revisions"}],"wp:attachment":[{"href":"https:\/\/www.summer-breeze.de\/de\/wp-json\/wp\/v2\/media?parent=217787"}],"curies":[{"name":"wp","href":"https:\/\/api.w.org\/{rel}","templated":true}]}}