{"id":217795,"date":"2022-06-27T14:38:14","date_gmt":"2022-06-27T12:38:14","guid":{"rendered":"https:\/\/www.summer-breeze.de\/?page_id=217795"},"modified":"2026-04-01T15:42:16","modified_gmt":"2026-04-01T13:42:16","slug":"zukunft","status":"publish","type":"page","link":"https:\/\/www.summer-breeze.de\/de\/zukunft\/","title":{"rendered":"LESS TRASH &#8211; MORE THRASH  Nachhaltigkeit beim SUMMER BREEZE"},"content":{"rendered":"<p><img loading=\"lazy\" decoding=\"async\" class=\"alignnone wp-image-228894\" src=\"https:\/\/www.summer-breeze.de\/wp-content\/uploads\/2026\/04\/01\/NGO-Suche_GreenGardenPit_1080x1350psd-600x750.jpg\" alt=\"\" width=\"362\" height=\"453\" srcset=\"https:\/\/www.summer-breeze.de\/wp-content\/uploads\/2026\/04\/01\/NGO-Suche_GreenGardenPit_1080x1350psd-600x750.jpg 600w, https:\/\/www.summer-breeze.de\/wp-content\/uploads\/2026\/04\/01\/NGO-Suche_GreenGardenPit_1080x1350psd-900x1125.jpg 900w, https:\/\/www.summer-breeze.de\/wp-content\/uploads\/2026\/04\/01\/NGO-Suche_GreenGardenPit_1080x1350psd-768x960.jpg 768w, https:\/\/www.summer-breeze.de\/wp-content\/uploads\/2026\/04\/01\/NGO-Suche_GreenGardenPit_1080x1350psd-405x506.jpg 405w, https:\/\/www.summer-breeze.de\/wp-content\/uploads\/2026\/04\/01\/NGO-Suche_GreenGardenPit_1080x1350psd.jpg 1080w\" sizes=\"auto, (max-width: 362px) 100vw, 362px\" \/><\/p>\n<p class=\"x_MsoNormal\"><span data-olk-copy-source=\"MessageBody\">Wir schaffen Raum f\u00fcr Ver\u00e4nderung \u2013 und ihr k\u00f6nnt ein Teil davon sein!<\/span><\/p>\n<p class=\"x_MsoNormal\">Mit unserem neuen\u00a0<b>GREEN GARDEN PIT\u00a0<\/b>entsteht auf dem SUMMER BREEZE Open Air<br \/>\neine eigene Area f\u00fcr Initiativen, Vereine und NGOs, die sich mit Nachhaltigkeit besch\u00e4ftigen und ihre Arbeit pr\u00e4sentieren m\u00f6chten.<\/p>\n<p class=\"x_MsoNormal\">Aktuell suchen wir insbesondere Organisationen mit Fokus auf \u00f6kologische Nachhaltigkeit \u2013 von Umweltschutz \u00fcber Ressourcenschonung bis hin zu innovativen Ideen f\u00fcr eine gr\u00fcnere Zukunft.<\/p>\n<p class=\"x_MsoNormal\">Ihr habt Lust, eure Mission einem offenen, engagierten Festivalpublikum n\u00e4herzubringen?<\/p>\n<p>Dann meldet euch bei uns!<\/p>\n<p class=\"x_MsoNormal\">Formlose Bewerbung an:\u00a0<b><u><a title=\"mailto:info@summer-breeze.de\" href=\"mailto:info@summer-breeze.de\" data-linkindex=\"0\">info@summer-breeze.de<\/a><\/u><\/b><\/p>\n<p>&nbsp;<\/p>\n<hr \/>\n<p>&nbsp;<\/p>\n<p>GEMEINSAM IN DIE ZUKUNFT &#8211; <strong>LESS TRASH, MORE THRASH!<\/strong><\/p>\n<p>Es gibt einige Dinge, die wir gemeinsam in Angriff nehmen m\u00fcssen, dass es Festivals noch lange gibt.<br \/>\nWie wir miteinander und unserer Umwelt umgehen, spielt hier eine grunds\u00e4tzliche Rolle.<br \/>\nWir wissen, dass die SUMMER BREEZE Fans feiern k\u00f6nnen, wir wissen aber auch, dass die SUMMER BREEZE Fans am Start sind, wenn es ums Mitgestalten geht.<\/p>\n<p>Dank euch tut sich was!<\/p>\n<p><a href=\"https:\/\/www.summer-breeze.de\/wp-content\/uploads\/2025\/08\/06\/SB2025_LTMT_Uebersicht-DE.pdf\"><img loading=\"lazy\" decoding=\"async\" class=\"alignnone wp-image-226348\" src=\"https:\/\/www.summer-breeze.de\/wp-content\/uploads\/2025\/08\/06\/DE-ltmt-pdf-preview.png\" alt=\"\" width=\"350\" height=\"493\" \/><\/a><\/p>\n<p><span style=\"text-decoration: underline;\"><strong>WEITERES WISSENSWERTES:<br \/>\n<\/strong><\/span><\/p>\n<ul>\n<li data-start=\"118\" data-end=\"189\">\n<p data-start=\"120\" data-end=\"189\">Metality e.V. unterst\u00fctzt Menschen mit Behinderung beim Campaufbau.<\/p>\n<\/li>\n<li data-start=\"190\" data-end=\"249\">\n<p data-start=\"192\" data-end=\"249\">Camping-Equipment wird f\u00fcr einen guten Zweck gesammelt.<\/p>\n<\/li>\n<li data-start=\"250\" data-end=\"320\">\n<p data-start=\"252\" data-end=\"320\">Spendenstationen befinden sich an allen Shit-\u2019n\u2019-Shower-Stationen.<\/p>\n<\/li>\n<li data-start=\"321\" data-end=\"394\">\n<p data-start=\"323\" data-end=\"394\">Der Metality-Infostand steht direkt gegen\u00fcber vom Accessible Camping.<\/p>\n<\/li>\n<li data-start=\"395\" data-end=\"504\">\n<p data-start=\"397\" data-end=\"504\">Getr\u00e4nkeinfokarten werden in barrierefreier Gestaltung (z.\u202fB. f\u00fcr sehbehinderte Menschen) bereitgestellt.<\/p>\n<\/li>\n<li data-start=\"505\" data-end=\"628\">\n<p data-start=\"507\" data-end=\"628\">An allen Shit-\u2019n\u2019-Shower-Stations \u2013 auch im Infield \u2013 stehen in diesem Jahr barrierefreie Mobiltoiletten zur Verf\u00fcgung.<\/p>\n<\/li>\n<li data-start=\"629\" data-end=\"799\">\n<p data-start=\"631\" data-end=\"799\">Das Sanit\u00e4tshaus Feix ist wieder vor Ort und hilft bei Reparaturbedarf am Rollstuhl. Der Stand befindet sich wie gewohnt bei der Security-Scheune am Accessible Camping.<\/p>\n<\/li>\n<\/ul>\n<p>&nbsp;<\/p>\n<hr \/>\n<div class=\"html-div xdj266r x11i5rnm xat24cr x1mh8g0r xexx8yu x4uap5 x18d9i69 xkhd6sd\" dir=\"auto\">\n<div id=\":rqn:\" class=\"x1l90r2v x1pi30zi x1swvt13 x1iorvi4\" data-ad-comet-preview=\"message\" data-ad-preview=\"message\">\n<div class=\"x78zum5 xdt5ytf xz62fqu x16ldp7u\">\n<div class=\"xu06os2 x1ok221b\">\n<div class=\"xdj266r x11i5rnm xat24cr x1mh8g0r x1vvkbs x126k92a\">\n<div dir=\"auto\">\n<p>&nbsp;<\/p>\n<p><strong>LESS TRASH &#8211; MORE THRASH 2024<\/strong><\/p>\n<p>M\u00fcllaufkommen &amp; Sauberkeit:<br \/>\nWir hatten in diesem Jahr ein M\u00fcllaufkommen von 125 Tonnen und somit wieder eine Reduzierung um 20 Tonnen im Vergleich zum Vorjahr. Nicht nur besser getrennt, sondern auch im Gesamten weniger Volumen. Solche Steigerungen sind nur m\u00f6glich, wenn einem starke Partner wie zum Beispiel EMP zur Seite stehen(Thrasher Bags).<\/p>\n<p>Foodsharing:<br \/>\nIhr habt doppelt so viele Lebensmittel gerettet als im letzten Jahr!<br \/>\nGespendet wurde an den Dinkelsb\u00fchler Tisch.<\/p>\n<p>Crowdpfanding &#8211; Pfand spenden und Gutes tun<br \/>\nEs kam einiges(!) f\u00fcr den guten Zweck zusammen: 300.000 Dosen und Flaschen wurden gesammelt.<br \/>\nInternationale (Elimu e.V., Ofenbau im Hochland von Ecuador, Govinda e.V.) und nationale Vereinigungen und Organisationen (Lilith e.V., Kinderzeche Dinkelsb\u00fchl, Renaturierung Mangfall) wurden bedacht. Das Ergebnis aus dem Jahr 2024 \u00fcbertrifft das Vorjahr \u00fcbrigens um fast 100.000 Dosen. Wow!<\/p>\n<p>Metality e.V.:<br \/>\nMithilfe von Metality konnten an den dezentralen Sammeltationen 200 gut erhaltene Schlafs\u00e4cke, Isomatten und Zelte gesammelt werden. Die gesammelten Gegenst\u00e4nde wurden in N\u00fcrnberg und M\u00fcnchen an Obdachlosenorganisationen gespendet. Au\u00dferdem unterst\u00fctzte Metality zudem Menschen mit Behinderung bei der Anreise und dem Aufbau des Camps. Tolle Aktion!<\/p>\n<p>Positive Resonanz zu unserem Awareness Angebot, dem Rollstuhlservice vom Sanit\u00e4tshaus Feix, unserem Veranstaltenden-Stammtisch zum Thema Nachhaltigkeit und der Kooperation mit der Lebenshilfe Ansbach k\u00f6nnen wir ebenso vermelden.<\/p>\n<\/div>\n<\/div>\n<\/div>\n<\/div>\n<\/div>\n<div class=\"\" data-block=\"true\" data-editor=\"5b247\" data-offset-key=\"et8e9-0-0\">\n<div class=\"_1mf _1mj\" data-offset-key=\"et8e9-0-0\">\n<p>&nbsp;<\/p>\n<\/div>\n<\/div>\n<hr \/>\n<p>&nbsp;<\/p>\n<p>&nbsp;<\/p>\n<p>&nbsp;<\/p>\n<\/div>\n<p><\/p>","protected":false},"excerpt":{"rendered":"<p>Wir schaffen Raum f\u00fcr Ver\u00e4nderung \u2013 und ihr k\u00f6nnt ein Teil davon sein! Mit unserem neuen\u00a0GREEN GARDEN PIT\u00a0entsteht auf dem SUMMER BREEZE Open Air eine eigene Area f\u00fcr Initiativen, Vereine und NGOs, die sich mit Nachhaltigkeit besch\u00e4ftigen und ihre Arbeit pr\u00e4sentieren m\u00f6chten. Aktuell suchen wir insbesondere Organisationen mit Fokus auf \u00f6kologische Nachhaltigkeit \u2013 von Umweltschutz [&hellip;]<\/p>\n","protected":false},"author":7,"featured_media":0,"parent":0,"menu_order":0,"comment_status":"closed","ping_status":"closed","template":"","meta":{"footnotes":""},"class_list":["post-217795","page","type-page","status-publish","hentry"],"_links":{"self":[{"href":"https:\/\/www.summer-breeze.de\/de\/wp-json\/wp\/v2\/pages\/217795","targetHints":{"allow":["GET"]}}],"collection":[{"href":"https:\/\/www.summer-breeze.de\/de\/wp-json\/wp\/v2\/pages"}],"about":[{"href":"https:\/\/www.summer-breeze.de\/de\/wp-json\/wp\/v2\/types\/page"}],"author":[{"embeddable":true,"href":"https:\/\/www.summer-breeze.de\/de\/wp-json\/wp\/v2\/users\/7"}],"replies":[{"embeddable":true,"href":"https:\/\/www.summer-breeze.de\/de\/wp-json\/wp\/v2\/comments?post=217795"}],"version-history":[{"count":0,"href":"https:\/\/www.summer-breeze.de\/de\/wp-json\/wp\/v2\/pages\/217795\/revisions"}],"wp:attachment":[{"href":"https:\/\/www.summer-breeze.de\/de\/wp-json\/wp\/v2\/media?parent=217795"}],"curies":[{"name":"wp","href":"https:\/\/api.w.org\/{rel}","templated":true}]}}