{"id":217825,"date":"2022-07-20T13:24:48","date_gmt":"2022-07-20T11:24:48","guid":{"rendered":"https:\/\/www.summer-breeze.de\/?page_id=217825"},"modified":"2025-08-09T22:20:45","modified_gmt":"2025-08-09T20:20:45","slug":"anfahrt","status":"publish","type":"page","link":"https:\/\/www.summer-breeze.de\/de\/anfahrt\/","title":{"rendered":"ANFAHRT ZU DEINEM CAMP"},"content":{"rendered":"<p>Deine Checkliste f\u00fcr deine Anfahrt zum SUMMER BREEZE:<br \/>\n&#8211; Festivalticket 2025 oder Tagesticket mitf\u00fchren.<br \/>\n&#8211; Wenn du mit dem Auto anreist, solltest du deine Buchung f\u00fcr den <a href=\"https:\/\/www.summer-breeze.de\/slots\/\">Slot<\/a> bereithalten.<br \/>\n&#8211; Solltest du ein <a href=\"https:\/\/www.summer-breeze.de\/personalize-your-stay\/\">Add-On<\/a> (RESERVIERUNG, CARAVAN CAMPING,&#8230;) gebucht haben, f\u00fchre bitte die Buchungsbest\u00e4tigung (Add-On Ticket) mit.<br \/>\n&#8211; Bitte gib die Fl\u00e4chen-Buchungsbest\u00e4tigung (Add-On Ticket) an eure Reisegruppe so weiter, dass pro Fahrzeug mindestens eine Person die Buchungsbest\u00e4tigung (Add-On Ticket) vorzeigen kann.<br \/>\n&#8211; Wenn ihr in Gruppen anreist, hilft es, wenn ihr in alle Autos, die zusammengeh\u00f6ren einen Buchstaben und eine Zahl gro\u00df auf ein DinA4 Blatt ausgedruckt, hinter die Scheibe klebt. Es wird f\u00fcr alle Einweisenden leichter sein, euch zusammenzuhalten. (Z.B. Reisegruppe J7 oder K4, oder&#8230;)<br \/>\n&#8211; Beachtet bitte die allgemeinen <a href=\"https:\/\/www.summer-breeze.de\/de\/abc\/anreise\/\">Anreiseinformationen<\/a> in unserem ABC und vor Ort die Wegweiser und Beschilderung.<\/p>\n<p>Weitere Infos zu deiner Campingart:<\/p>\n<ul>\n<li>Die Nummer, die ihr auf der Buchungsbest\u00e4tigung seht, ist die Nummer, auf die ihr vor Ort eingewiesen werdet.<\/li>\n<li>Sobald euer Auto steht, sind die richtigen Pl\u00e4ne, um sich auf dem Platz zu orientieren, der Gel\u00e4ndeplan in der App und die Pl\u00e4ne auf <a href=\"http:\/\/www.summer-breeze.de\/downloads\">www.summer-breeze.de\/downloads<\/a>. Die nummerierten Fahnenmasten vor Ort sind ebenfalls eindeutige Orientierungspunkte.<\/li>\n<li>Wissenswert: Die Gel\u00e4ndepl\u00e4ne auf Bannern auf dem Platz und die PDFs auf der Website sind alle so ausgerichtet, dass Norden oben ist.<\/li>\n<\/ul>\n<p>&nbsp;<\/p>\n<p><span data-teams=\"true\">\u00a0<\/span><\/p>\n<h3><\/h3>\n<p>&nbsp;<\/p>","protected":false},"excerpt":{"rendered":"<p>Deine Checkliste f\u00fcr deine Anfahrt zum SUMMER BREEZE: &#8211; Festivalticket 2025 oder Tagesticket mitf\u00fchren. &#8211; Wenn du mit dem Auto anreist, solltest du deine Buchung f\u00fcr den Slot bereithalten. &#8211; Solltest du ein Add-On (RESERVIERUNG, CARAVAN CAMPING,&#8230;) gebucht haben, f\u00fchre bitte die Buchungsbest\u00e4tigung (Add-On Ticket) mit. &#8211; Bitte gib die Fl\u00e4chen-Buchungsbest\u00e4tigung (Add-On Ticket) an eure [&hellip;]<\/p>\n","protected":false},"author":7,"featured_media":0,"parent":0,"menu_order":0,"comment_status":"closed","ping_status":"closed","template":"","meta":{"footnotes":""},"class_list":["post-217825","page","type-page","status-publish","hentry"],"_links":{"self":[{"href":"https:\/\/www.summer-breeze.de\/de\/wp-json\/wp\/v2\/pages\/217825","targetHints":{"allow":["GET"]}}],"collection":[{"href":"https:\/\/www.summer-breeze.de\/de\/wp-json\/wp\/v2\/pages"}],"about":[{"href":"https:\/\/www.summer-breeze.de\/de\/wp-json\/wp\/v2\/types\/page"}],"author":[{"embeddable":true,"href":"https:\/\/www.summer-breeze.de\/de\/wp-json\/wp\/v2\/users\/7"}],"replies":[{"embeddable":true,"href":"https:\/\/www.summer-breeze.de\/de\/wp-json\/wp\/v2\/comments?post=217825"}],"version-history":[{"count":0,"href":"https:\/\/www.summer-breeze.de\/de\/wp-json\/wp\/v2\/pages\/217825\/revisions"}],"wp:attachment":[{"href":"https:\/\/www.summer-breeze.de\/de\/wp-json\/wp\/v2\/media?parent=217825"}],"curies":[{"name":"wp","href":"https:\/\/api.w.org\/{rel}","templated":true}]}}