{"id":217865,"date":"2022-07-27T14:29:03","date_gmt":"2022-07-27T12:29:03","guid":{"rendered":"https:\/\/www.summer-breeze.de\/?page_id=217865"},"modified":"2022-07-27T14:33:40","modified_gmt":"2022-07-27T12:33:40","slug":"corona-im-august-2022","status":"publish","type":"page","link":"https:\/\/www.summer-breeze.de\/de\/corona-im-august-2022\/","title":{"rendered":"Corona im August 2022"},"content":{"rendered":"<p><span data-contrast=\"auto\">CORONA hat in den letzten beiden Jahren verheerende Auswirkungen &#8211; nicht nur auf die Veranstaltungsbranche &#8211; gehabt. Wir sind froh, dass wir wieder Boden unter den F\u00fc\u00dfen haben. Was aber mit Abstand am wichtigsten f\u00fcr das SUMMER BREEZE ist, das sind die Besucherinnen und Besucher. Vor Corona und umso mehr nach Corona.<\/span><\/p>\n<p><span data-contrast=\"auto\">Doch ist schon wirklich \u201enach Corona\u201c? In vielen Bereichen \u201eja\u201c, in vielen Bereichen \u201enein\u201c. Beim SUMMER BREEZE sind wir uns im Klaren, dass wir uns vor allem auf die Bereiche konzentrieren wollen, auf die wir wirklich Einfluss nehmen k\u00f6nnen, dass es f\u00fcr alle Involvierten zur\u00fcck zur gewohnten St\u00e4rke, zur\u00fcck zum Sammeln grandioser Erinnerungen und zu unbeschwerten Tagen auf dem Festival geht.<\/span><\/p>\n<p><span data-contrast=\"auto\">Deshalb wollen wir euch folgende Infos \u00fcbermitteln, wie weit wir beim SUMMER BREEZE mit dem Thema umgehen werden:<\/span><br \/>\n<span data-contrast=\"auto\">&#8211; Es stecken sich immer noch viele Leute mit Corona an.<\/span><br \/>\n<span data-contrast=\"auto\">&#8211; Empfehlung: Testet euch, bevor ihr in eurer Gruppe zum SUMMER BREEZE reist, wenn ihr<\/span><br \/>\n<span data-contrast=\"auto\">\u00a0 die M\u00f6glichkeit dazu habt.<\/span><br \/>\n<span data-contrast=\"auto\">&#8211; Tragt eine Maske, wenn ihr das wollt. Masken sch\u00fctzen euch und andere. Wenn es eng<\/span><br \/>\n<span data-contrast=\"auto\">\u00a0\u00a0 zugeht, senken Masken das Ansteckungsrisiko.<\/span><br \/>\n<span data-contrast=\"auto\">&#8211; Wir sehen von einer Test- und Maskenpflicht beim Festival ab.<\/span><br \/>\n<span data-contrast=\"auto\">&#8211; Nehmt Symptome ernst.<\/span><br \/>\n<span data-contrast=\"auto\">&#8211; Kleine Fl\u00e4schchen mit Desinfektionsmittel lassen sich einfach mitf\u00fchren.<\/span><br \/>\n<span data-contrast=\"auto\">&#8211; Testet euch bei M\u00f6glichkeit auf dem Heimweg.<\/span><\/p>\n<p><strong>Wenn ihr euch auf dem Platz krank f\u00fchlt, wendet euch vor Ort bitte an das Bayrische Rote Kreuz. Die BRK-Standorte sind auf unserem Gel\u00e4ndeplan vermerkt. Dort habt ihr die M\u00f6glichkeit euch zu testen und das Personal wird sich um euch k\u00fcmmern.\u00a0<\/strong><\/p>\n<p><span data-contrast=\"auto\">Die Crew, die K\u00fcnstler, die Fans &#8211; eigentlich niemand kann sich Ausf\u00e4lle durch eine Corona-Infektion erlauben. Deshalb hilft es allen, wenn alle aufeinander achten. Es ist in unser aller Interesse, dass Touring Crews und Bands handlungsf\u00e4hig und \u201con the road\u201d bleiben k\u00f6nnen. Bei Abbr\u00fcchen und Ausf\u00e4llen durch Corona werden alle Involvierten leiden, in finanzielle Schieflage oder sogar an den Rand des Ruins getrieben und das m\u00f6chte mit Verlaub keiner von uns. Wir und die gesamte Eventbranche hatten und haben immer noch viel zu viele Absagen zu beklagen.<\/span><\/p>\n<p>Umfassende Informationen zu Corona gibt es beim <a href=\"https:\/\/www.rki.de\/DE\/Home\/homepage_node.html\">ROBERT KOCH INSTITUT<\/a>.<\/p>","protected":false},"excerpt":{"rendered":"<p>CORONA hat in den letzten beiden Jahren verheerende Auswirkungen &#8211; nicht nur auf die Veranstaltungsbranche &#8211; gehabt. Wir sind froh, dass wir wieder Boden unter den F\u00fc\u00dfen haben. Was aber mit Abstand am wichtigsten f\u00fcr das SUMMER BREEZE ist, das sind die Besucherinnen und Besucher. Vor Corona und umso mehr nach Corona. Doch ist schon [&hellip;]<\/p>\n","protected":false},"author":7,"featured_media":0,"parent":0,"menu_order":0,"comment_status":"closed","ping_status":"closed","template":"custom-page-template-fullwidth.php","meta":{"footnotes":""},"class_list":["post-217865","page","type-page","status-publish","hentry"],"_links":{"self":[{"href":"https:\/\/www.summer-breeze.de\/de\/wp-json\/wp\/v2\/pages\/217865","targetHints":{"allow":["GET"]}}],"collection":[{"href":"https:\/\/www.summer-breeze.de\/de\/wp-json\/wp\/v2\/pages"}],"about":[{"href":"https:\/\/www.summer-breeze.de\/de\/wp-json\/wp\/v2\/types\/page"}],"author":[{"embeddable":true,"href":"https:\/\/www.summer-breeze.de\/de\/wp-json\/wp\/v2\/users\/7"}],"replies":[{"embeddable":true,"href":"https:\/\/www.summer-breeze.de\/de\/wp-json\/wp\/v2\/comments?post=217865"}],"version-history":[{"count":0,"href":"https:\/\/www.summer-breeze.de\/de\/wp-json\/wp\/v2\/pages\/217865\/revisions"}],"wp:attachment":[{"href":"https:\/\/www.summer-breeze.de\/de\/wp-json\/wp\/v2\/media?parent=217865"}],"curies":[{"name":"wp","href":"https:\/\/api.w.org\/{rel}","templated":true}]}}