{"id":225979,"date":"2025-04-07T15:23:47","date_gmt":"2025-04-07T13:23:47","guid":{"rendered":"https:\/\/www.summer-breeze.de\/?page_id=225979"},"modified":"2025-04-28T14:42:35","modified_gmt":"2025-04-28T12:42:35","slug":"socialticket","status":"publish","type":"page","link":"https:\/\/www.summer-breeze.de\/de\/socialticket\/","title":{"rendered":"Social Ticket 2025"},"content":{"rendered":"<p>Deadline f\u00fcre eure Einsendungen ist der 04. Mai 2025!<\/p>\n<p style=\"font-weight: 400;\"><strong>Was ist das <span data-markjs=\"true\">Social<\/span> <span data-markjs=\"true\">Ticket<\/span>?<\/strong><strong><br \/>\n<\/strong>&#8222;In Deutschland waren im Jahr 2024 rund 17,6 Millionen Menschen von Armut oder sozialer Ausgrenzung bedroht. Das [sind] 20,9 % der Bev\u00f6lkerung (&#8230;)&#8220; (<a href=\"https:\/\/www.destatis.de\/DE\/Presse\/Pressemitteilungen\/2025\/01\/PD25_036_63.html\" target=\"_blank\" rel=\"noopener\" data-outlook-id=\"41f8dc3d-e4f4-47fd-b614-9d55f1bc9434\">Statistisches Bundesamt (Destatis) | 2025<\/a>).<\/p>\n<p>Wir wollen einen kleinen Beitrag leisten, auch in finanzielle Schieflage geratenen Menschen (z.B. durch Schicksalsschl\u00e4ge, Jobverlust etc.) einen Festivalbesuch zu erm\u00f6glichen.<\/p>\n<p>Die SUMMER BREEZE Community bedeutet uns sehr viel, deshalb wollen wir an dieser Stelle etwas zur\u00fcckgeben. Nicht alle, die mit uns allen in Dinkelsb\u00fchl feiern wollen, k\u00f6nnen das finanziell stemmen. Getragen von starken <span data-markjs=\"true\">Ticket<\/span>verkaufszahlen, <strong>stellen wir 100 Festival<span data-markjs=\"true\">ticket<\/span>s f\u00fcr das SUMMER BREEZE Open Air 2025 kostenfrei zur Verf\u00fcgung<\/strong>.<\/p>\n<p style=\"font-weight: 400;\">Unsere <span data-markjs=\"true\">Social<\/span> <span data-markjs=\"true\">Ticket<\/span>s entsprechen einem <strong>regul\u00e4ren Festival<span data-markjs=\"true\">ticket<\/span><\/strong>, berechtigen also zum Camping innerhalb der &#8222;<a href=\"https:\/\/www.summer-breeze.de\/de\/personalize-your-stay\/\" target=\"_blank\" rel=\"noopener\" data-outlook-id=\"36a1485d-9fc0-4623-b3b3-20e4fa0afa4e\">WHITE AREA<\/a>&#8220; und zum Festivalbesuch.<\/p>\n<p><strong>Nicht<\/strong> <strong>inbegriffen<\/strong> ist ein Anreiseslot bzw. Park<span data-markjs=\"true\">ticket<\/span> f\u00fcr einen PKW. Anreiseslots sind voraussichtlich ab Mitte Mai im Verkauf. Bitte halte unsere Kommunikationswege diesbez\u00fcglich im Auge. Die Anreise muss selbst organisiert werden, ben\u00f6tigtes Campingequipment muss von euch mitgebracht werden.<\/p>\n<p><strong>Wie erhalte ich ein <span data-markjs=\"true\">Social<\/span> <span data-markjs=\"true\">Ticket<\/span> f\u00fcr das SUMMER BREEZE Open Air 2025?<\/strong><\/p>\n<p style=\"font-weight: 400;\">Nat\u00fcrlich interessieren wir uns f\u00fcr eure Geschichte und wollen die <span data-markjs=\"true\">Ticket<\/span>s denjenigen anbieten, die es sich absolut nicht leisten k\u00f6nnen. Wir fordern keine Belege ein, wenngleich etwaige Belege das Ganze f\u00fcr uns nachvollziehbarer machen. Bitte beantwortet den \u00fcber &#8222;Akkreditierung starten&#8220; erreichbaren Fragebogen wahrheitsgem\u00e4\u00df und vollst\u00e4ndig.<\/p>\n<p style=\"font-weight: 400;\">Wir werden alle Geschichten lesen und sollte die Anzahl der Einsendungen die Zahl der verf\u00fcgbaren <span data-markjs=\"true\">Ticket<\/span>s \u00fcberschreiten, werden wir das Los entscheiden lassen. Nat\u00fcrlich behandeln wir eure Informationen vertraulich und l\u00f6schen alle Daten nach der Aktion, sp\u00e4testens nach dem SUMMER BREEZE 2025.<\/p>\n<p style=\"font-weight: 400;\"><strong>So geht\u2019s:<\/strong><br \/>\n\u27a1 F\u00fclle den Fragebogen <a href=\"https:\/\/sboa.crewtool.de\/orgs\/1-silverdust\/projects\/61-sboa-2025-friends-partners-press-labels-bands-agencies\/crews\/3634-social-ticket-2025?htoken=3634-4634cfca2826c1c50935de722486ff7e\" target=\"_blank\" rel=\"noopener\">HIER<\/a> aus (\u201eAkkreditierung starten\u201c).<br \/>\n\u27a1 Wir pr\u00fcfen alle Einsendungen<\/p>\n<p>Bei Fragen, Problemen oder sonstigen Anmerkungen kannst du dich jederzeit an <a href=\"mailto:socialticket@summer-breeze.de\" data-outlook-id=\"bf8b14a3-eb18-4226-8644-5f6004f5d9b9\"><span data-markjs=\"true\">social<\/span><span data-markjs=\"true\">ticket<\/span>@summer-breeze.de<\/a> wenden!<\/p>","protected":false},"excerpt":{"rendered":"<p>Deadline f\u00fcre eure Einsendungen ist der 04. Mai 2025! Was ist das Social Ticket? &#8222;In Deutschland waren im Jahr 2024 rund 17,6 Millionen Menschen von Armut oder sozialer Ausgrenzung bedroht. Das [sind] 20,9 % der Bev\u00f6lkerung (&#8230;)&#8220; (Statistisches Bundesamt (Destatis) | 2025). Wir wollen einen kleinen Beitrag leisten, auch in finanzielle Schieflage geratenen Menschen (z.B. [&hellip;]<\/p>\n","protected":false},"author":7,"featured_media":225980,"parent":0,"menu_order":0,"comment_status":"closed","ping_status":"closed","template":"","meta":{"footnotes":""},"class_list":["post-225979","page","type-page","status-publish","has-post-thumbnail","hentry"],"_links":{"self":[{"href":"https:\/\/www.summer-breeze.de\/de\/wp-json\/wp\/v2\/pages\/225979","targetHints":{"allow":["GET"]}}],"collection":[{"href":"https:\/\/www.summer-breeze.de\/de\/wp-json\/wp\/v2\/pages"}],"about":[{"href":"https:\/\/www.summer-breeze.de\/de\/wp-json\/wp\/v2\/types\/page"}],"author":[{"embeddable":true,"href":"https:\/\/www.summer-breeze.de\/de\/wp-json\/wp\/v2\/users\/7"}],"replies":[{"embeddable":true,"href":"https:\/\/www.summer-breeze.de\/de\/wp-json\/wp\/v2\/comments?post=225979"}],"version-history":[{"count":0,"href":"https:\/\/www.summer-breeze.de\/de\/wp-json\/wp\/v2\/pages\/225979\/revisions"}],"wp:featuredmedia":[{"embeddable":true,"href":"https:\/\/www.summer-breeze.de\/de\/wp-json\/wp\/v2\/media\/225980"}],"wp:attachment":[{"href":"https:\/\/www.summer-breeze.de\/de\/wp-json\/wp\/v2\/media?parent=225979"}],"curies":[{"name":"wp","href":"https:\/\/api.w.org\/{rel}","templated":true}]}}