{"id":226100,"date":"2025-05-21T07:50:10","date_gmt":"2025-05-21T05:50:10","guid":{"rendered":"https:\/\/www.summer-breeze.de\/?page_id=226100"},"modified":"2026-04-09T09:53:33","modified_gmt":"2026-04-09T07:53:33","slug":"slots","status":"publish","type":"page","link":"https:\/\/www.summer-breeze.de\/de\/slots\/","title":{"rendered":"ANREISE: SLOTS &#038; GEB\u00dcHREN"},"content":{"rendered":"<p><strong>ACHTUNG: Hier findet ihr noch die Infos aus 2025. Die Infos f\u00fcr das SUMMER BREEZE 2026 folgen bald!<\/strong><\/p>\n<p>&nbsp;<\/p>\n<p>&nbsp;<\/p>\n<p>SLOT &amp; PARKING Regelungen beim SUMMER BREEZE 2025<br \/>\n&#8211; Betrifft ALLE die mit einem Fahrzeug anreisen und parken wollen. (MO, DI, MI, DO bis SA)<br \/>\n&#8211; Kosten richten sich nach dem Anreisetag und werden pro Fahrzeug f\u00e4llig, unabh\u00e4ngig davon, wie viele Personen im Fahrzeug sitzen.<br \/>\n&#8211; Wir erwarten k\u00fcrzere Wartezeiten an allen Tagen. Das hat die letztj\u00e4hrige Einf\u00fchrung der Anreiseslots deutlich gezeigt. Zudem wurden in allen Bereichen (Schleusen und Personal) die Kapazit\u00e4ten erh\u00f6ht.<\/p>\n<p><a href=\"https:\/\/www.summer-breeze.de\/wp-content\/uploads\/2025\/05\/21\/Anreise_Slotuebersicht_1080x1350-1.jpg\"><img loading=\"lazy\" decoding=\"async\" class=\"alignnone wp-image-226128\" src=\"https:\/\/www.summer-breeze.de\/wp-content\/uploads\/2025\/05\/21\/Anreise_Slotuebersicht_1080x1350-1.jpg\" alt=\"\" width=\"350\" height=\"438\" srcset=\"https:\/\/www.summer-breeze.de\/wp-content\/uploads\/2025\/05\/21\/Anreise_Slotuebersicht_1080x1350-1.jpg 1080w, https:\/\/www.summer-breeze.de\/wp-content\/uploads\/2025\/05\/21\/Anreise_Slotuebersicht_1080x1350-1-600x750.jpg 600w, https:\/\/www.summer-breeze.de\/wp-content\/uploads\/2025\/05\/21\/Anreise_Slotuebersicht_1080x1350-1-900x1125.jpg 900w, https:\/\/www.summer-breeze.de\/wp-content\/uploads\/2025\/05\/21\/Anreise_Slotuebersicht_1080x1350-1-768x960.jpg 768w, https:\/\/www.summer-breeze.de\/wp-content\/uploads\/2025\/05\/21\/Anreise_Slotuebersicht_1080x1350-1-405x506.jpg 405w\" sizes=\"auto, (max-width: 350px) 100vw, 350px\" \/><\/a><br \/>\nTabelle aller Anreiseslots beim Summer Breeze 2025<\/p>\n<p><img loading=\"lazy\" decoding=\"async\" class=\"alignnone wp-image-226129\" src=\"https:\/\/www.summer-breeze.de\/wp-content\/uploads\/2025\/05\/21\/Anreise_Dienstag_Vergleich_24-25_1080x1350.jpg\" alt=\"\" width=\"352\" height=\"440\" srcset=\"https:\/\/www.summer-breeze.de\/wp-content\/uploads\/2025\/05\/21\/Anreise_Dienstag_Vergleich_24-25_1080x1350.jpg 1080w, https:\/\/www.summer-breeze.de\/wp-content\/uploads\/2025\/05\/21\/Anreise_Dienstag_Vergleich_24-25_1080x1350-600x750.jpg 600w, https:\/\/www.summer-breeze.de\/wp-content\/uploads\/2025\/05\/21\/Anreise_Dienstag_Vergleich_24-25_1080x1350-900x1125.jpg 900w, https:\/\/www.summer-breeze.de\/wp-content\/uploads\/2025\/05\/21\/Anreise_Dienstag_Vergleich_24-25_1080x1350-768x960.jpg 768w, https:\/\/www.summer-breeze.de\/wp-content\/uploads\/2025\/05\/21\/Anreise_Dienstag_Vergleich_24-25_1080x1350-405x506.jpg 405w\" sizes=\"auto, (max-width: 352px) 100vw, 352px\" \/><br \/>\nRechenbeispiel und Vergleich 2024 und 2025: Mit drei Personen im Fahrzeug, kann 2025 g\u00fcnstiger als 2024 angereist werden.<\/p>\n<p>&#8211; F\u00fcr Anreisende, die mit \u00d6PNV, Fahrrad und Shuttle anreisen oder den Drop-Off (Kiss&amp;Bye) nutzen, fallen keine Kosten an.<br \/>\n&#8211; Die 15,-\u20ac Fr\u00fchanreisegeb\u00fchr aus der Vergangenheit entf\u00e4llt komplett.<\/p>","protected":false},"excerpt":{"rendered":"<p>ACHTUNG: Hier findet ihr noch die Infos aus 2025. Die Infos f\u00fcr das SUMMER BREEZE 2026 folgen bald! &nbsp; &nbsp; SLOT &amp; PARKING Regelungen beim SUMMER BREEZE 2025 &#8211; Betrifft ALLE die mit einem Fahrzeug anreisen und parken wollen. (MO, DI, MI, DO bis SA) &#8211; Kosten richten sich nach dem Anreisetag und werden pro [&hellip;]<\/p>\n","protected":false},"author":1,"featured_media":0,"parent":0,"menu_order":0,"comment_status":"closed","ping_status":"closed","template":"","meta":{"footnotes":""},"class_list":["post-226100","page","type-page","status-publish","hentry"],"_links":{"self":[{"href":"https:\/\/www.summer-breeze.de\/de\/wp-json\/wp\/v2\/pages\/226100","targetHints":{"allow":["GET"]}}],"collection":[{"href":"https:\/\/www.summer-breeze.de\/de\/wp-json\/wp\/v2\/pages"}],"about":[{"href":"https:\/\/www.summer-breeze.de\/de\/wp-json\/wp\/v2\/types\/page"}],"author":[{"embeddable":true,"href":"https:\/\/www.summer-breeze.de\/de\/wp-json\/wp\/v2\/users\/1"}],"replies":[{"embeddable":true,"href":"https:\/\/www.summer-breeze.de\/de\/wp-json\/wp\/v2\/comments?post=226100"}],"version-history":[{"count":0,"href":"https:\/\/www.summer-breeze.de\/de\/wp-json\/wp\/v2\/pages\/226100\/revisions"}],"wp:attachment":[{"href":"https:\/\/www.summer-breeze.de\/de\/wp-json\/wp\/v2\/media?parent=226100"}],"curies":[{"name":"wp","href":"https:\/\/api.w.org\/{rel}","templated":true}]}}