{"id":226227,"date":"2025-07-23T17:29:27","date_gmt":"2025-07-23T15:29:27","guid":{"rendered":"https:\/\/www.summer-breeze.de\/?page_id=226227"},"modified":"2025-08-01T15:31:04","modified_gmt":"2025-08-01T13:31:04","slug":"store","status":"publish","type":"page","link":"https:\/\/www.summer-breeze.de\/de\/store\/","title":{"rendered":"SUMMER BREEZE Pop Up Store"},"content":{"rendered":"<p><\/p>\n<p style=\"font-weight: 400;\"><strong>Summer Breeze Store in der Dinkelsb\u00fchler Altstadt!<\/strong><br \/>\nIn diesem Jahr erwartet euch etwas ganz Besonderes: Erstmals \u00f6ffnet unser offizieller SUMMER BREEZE Store mitten im Herzen der Dinkelsb\u00fchler Altstadt seine T\u00fcren!<br \/>\nFreut euch auf ausgew\u00e4hlte Merchandise-Artikel, die ihr live vor Ort anfassen, anprobieren und direkt mitnehmen k\u00f6nnt \u2013 ganz ohne Festivaltrubel.<br \/>\nDoch das ist noch nicht alles:<br \/>\nIm Store findet ihr besondere Rarit\u00e4ten und exklusive Artikel aus der Vergangenheit, die weder im Online-Shop noch am Merchstand auf dem Festivalgel\u00e4nde erh\u00e4ltlich sind. Sammler und langj\u00e4hrige Fans sollten sich dieses Highlight nicht entgehen lassen!<\/p>\n<p style=\"font-weight: 400;\">\n<strong>\u00d6ffnungszeiten:<\/strong><br \/>\n\u2022 Montag, 11.08. bis Freitag, 15.08.2025: jeweils 09:00 \u2013 18:00 Uhr<br \/>\n\u2022 Samstag, 16.08.2025: 09:00 \u2013 16:00 Uhr<br \/>\n<strong>Adresse:<\/strong><br \/>\nLedermarkt 4, 91550 Dinkelsb\u00fchl<\/p>\n<p>Kommt vorbei, st\u00f6bert in der Auswahl und sichert euch ein St\u00fcck Festivalgeschichte!<\/p>\n<p><\/p>","protected":false},"excerpt":{"rendered":"<p>Summer Breeze Store in der Dinkelsb\u00fchler Altstadt! In diesem Jahr erwartet euch etwas ganz Besonderes: Erstmals \u00f6ffnet unser offizieller SUMMER BREEZE Store mitten im Herzen der Dinkelsb\u00fchler Altstadt seine T\u00fcren! Freut euch auf ausgew\u00e4hlte Merchandise-Artikel, die ihr live vor Ort anfassen, anprobieren und direkt mitnehmen k\u00f6nnt \u2013 ganz ohne Festivaltrubel. Doch das ist noch nicht [&hellip;]<\/p>\n","protected":false},"author":7,"featured_media":226319,"parent":0,"menu_order":0,"comment_status":"closed","ping_status":"closed","template":"","meta":{"footnotes":""},"class_list":["post-226227","page","type-page","status-publish","has-post-thumbnail","hentry"],"_links":{"self":[{"href":"https:\/\/www.summer-breeze.de\/de\/wp-json\/wp\/v2\/pages\/226227","targetHints":{"allow":["GET"]}}],"collection":[{"href":"https:\/\/www.summer-breeze.de\/de\/wp-json\/wp\/v2\/pages"}],"about":[{"href":"https:\/\/www.summer-breeze.de\/de\/wp-json\/wp\/v2\/types\/page"}],"author":[{"embeddable":true,"href":"https:\/\/www.summer-breeze.de\/de\/wp-json\/wp\/v2\/users\/7"}],"replies":[{"embeddable":true,"href":"https:\/\/www.summer-breeze.de\/de\/wp-json\/wp\/v2\/comments?post=226227"}],"version-history":[{"count":0,"href":"https:\/\/www.summer-breeze.de\/de\/wp-json\/wp\/v2\/pages\/226227\/revisions"}],"wp:featuredmedia":[{"embeddable":true,"href":"https:\/\/www.summer-breeze.de\/de\/wp-json\/wp\/v2\/media\/226319"}],"wp:attachment":[{"href":"https:\/\/www.summer-breeze.de\/de\/wp-json\/wp\/v2\/media?parent=226227"}],"curies":[{"name":"wp","href":"https:\/\/api.w.org\/{rel}","templated":true}]}}