{"id":226357,"date":"2025-08-10T16:48:51","date_gmt":"2025-08-10T14:48:51","guid":{"rendered":"https:\/\/www.summer-breeze.de\/?page_id=226357"},"modified":"2025-08-10T17:00:33","modified_gmt":"2025-08-10T15:00:33","slug":"breezeunited","status":"publish","type":"page","link":"https:\/\/www.summer-breeze.de\/de\/breezeunited\/","title":{"rendered":"BREEZE\u00a0UNITED\u00a0\u2013 gemeinsam f\u00fcr das SUMMER\u00a0BREEZE"},"content":{"rendered":"<p><\/p>\n<p style=\"font-weight: 400;\">Beim SUMMER\u00a0<span data-markjs=\"true\">BREEZE<\/span>\u00a0halten wir zusammen. Wir feiern gemeinsam. Wir helfen gemeinsam.<\/p>\n<p style=\"font-weight: 400;\">Mit DEINEM Beitrag erm\u00f6glichst du anderen, dabei zu sein.<\/p>\n<p style=\"font-weight: 400;\">Mit \u201e<span data-markjs=\"true\">BREEZE<\/span>\u00a0<span data-markjs=\"true\">UNITED<\/span>\u201c setzen wir auf echte Solidarit\u00e4t: ab August 2025 schaffen wir auf Wunsch vieler Fans eine gemeinschaftliche L\u00f6sung \u2013 getragen von der Kraft unserer SUMMER\u00a0<span data-markjs=\"true\">BREEZE<\/span>\u00a0Community.<\/p>\n<p style=\"font-weight: 400;\"><strong>Frei w\u00e4hlbare Unterst\u00fctzung.<\/strong><\/p>\n<p style=\"font-weight: 400;\">Beim Kauf deines Tickets kannst du uns nun freiwillig mit einem Betrag deiner Wahl unterst\u00fctzen (Beispiel: 6,66 \u20ac). Mit diesem Beitrag finanzieren wir Tickets f\u00fcr sozial und wirtschaftlich benachteiligte Menschen und f\u00fcr Personen, die dabei auf fremde Hilfe angewiesen sind.<\/p>\n<p style=\"font-weight: 400;\"><strong>Wie funktioniert das?<\/strong><\/p>\n<ul style=\"font-weight: 400;\">\n<li>Du w\u00e4hlst beim Ticketkauf, ob und wie viel du unterst\u00fctzen m\u00f6chtest.<\/li>\n<li>Alle gesammelten Beitr\u00e4ge flie\u00dfen in einen solidarischen Ticketpool.<\/li>\n<li>In Zusammenarbeit mit Vereinen, sozialen Einrichtungen und Partnern vor Ort vergeben wir die Tickets gezielt und fair.<\/li>\n<li>Das Ziel: M\u00f6glichst vielen Menschen, die ansonsten nicht beim SUMMER\u00a0<span data-markjs=\"true\">BREEZE<\/span>\u00a0dabei sein k\u00f6nnten, ein echtes Festivalerlebnis erm\u00f6glichen \u2013 gemeinsam mit euch.<\/li>\n<\/ul>\n<p style=\"font-weight: 400;\"><strong>Warum wir auf euch setzen?<\/strong><\/p>\n<p style=\"font-weight: 400;\">Wenn wir diese Idee gemeinsam tragen, k\u00f6nnen wir noch mehr bewegen \u2013 auf eine ehrliche, transparente und gemeinschaftliche Weise. Wir alle sind das SUMMER\u00a0<span data-markjs=\"true\">BREEZE<\/span>. Wir alle sind\u00a0<strong><span data-markjs=\"true\">BREEZE<\/span>\u00a0<span data-markjs=\"true\">UNITED<\/span><\/strong>. Das SUMMER\u00a0<span data-markjs=\"true\">BREEZE<\/span>\u00a0ist mehr als Musik. Es ist ein Ort, an dem Menschen f\u00fcreinander einstehen. Daf\u00fcr sagen wir:\u00a0<strong>Danke. Von Herzen.<\/strong><\/p>\n<p style=\"font-weight: 400;\">\n<p><\/p>","protected":false},"excerpt":{"rendered":"<p>Beim SUMMER\u00a0BREEZE\u00a0halten wir zusammen. Wir feiern gemeinsam. Wir helfen gemeinsam. Mit DEINEM Beitrag erm\u00f6glichst du anderen, dabei zu sein. Mit \u201eBREEZE\u00a0UNITED\u201c setzen wir auf echte Solidarit\u00e4t: ab August 2025 schaffen wir auf Wunsch vieler Fans eine gemeinschaftliche L\u00f6sung \u2013 getragen von der Kraft unserer SUMMER\u00a0BREEZE\u00a0Community. Frei w\u00e4hlbare Unterst\u00fctzung. Beim Kauf deines Tickets kannst du uns [&hellip;]<\/p>\n","protected":false},"author":7,"featured_media":225437,"parent":0,"menu_order":0,"comment_status":"closed","ping_status":"closed","template":"","meta":{"footnotes":""},"class_list":["post-226357","page","type-page","status-publish","has-post-thumbnail","hentry"],"_links":{"self":[{"href":"https:\/\/www.summer-breeze.de\/de\/wp-json\/wp\/v2\/pages\/226357","targetHints":{"allow":["GET"]}}],"collection":[{"href":"https:\/\/www.summer-breeze.de\/de\/wp-json\/wp\/v2\/pages"}],"about":[{"href":"https:\/\/www.summer-breeze.de\/de\/wp-json\/wp\/v2\/types\/page"}],"author":[{"embeddable":true,"href":"https:\/\/www.summer-breeze.de\/de\/wp-json\/wp\/v2\/users\/7"}],"replies":[{"embeddable":true,"href":"https:\/\/www.summer-breeze.de\/de\/wp-json\/wp\/v2\/comments?post=226357"}],"version-history":[{"count":0,"href":"https:\/\/www.summer-breeze.de\/de\/wp-json\/wp\/v2\/pages\/226357\/revisions"}],"wp:featuredmedia":[{"embeddable":true,"href":"https:\/\/www.summer-breeze.de\/de\/wp-json\/wp\/v2\/media\/225437"}],"wp:attachment":[{"href":"https:\/\/www.summer-breeze.de\/de\/wp-json\/wp\/v2\/media?parent=226357"}],"curies":[{"name":"wp","href":"https:\/\/api.w.org\/{rel}","templated":true}]}}