{"id":153099,"date":"2017-04-18T23:39:32","date_gmt":"2017-04-18T21:39:32","guid":{"rendered":"http:\/\/88.99.185.160\/?page_id=153066"},"modified":"2024-07-17T15:48:28","modified_gmt":"2024-07-17T13:48:28","slug":"impressum","status":"publish","type":"page","link":"https:\/\/www.summer-breeze.de\/en\/kontakt\/impressum\/","title":{"rendered":"Impressum"},"content":{"rendered":"<p>Betreiber-Information<\/p>\n<p><strong>SILVERDUST GmbH<\/strong><br \/>\nSummer-Breeze-Weg 1<br \/>\n73453 Abtsgmuend<br \/>\nGermany<\/p>\n<p>Tel: +49 (0) 7366 \u2013 92 00 10<\/p>\n<p>E-Mail: <a href=\"mailto:mail@silverdust.de\">mail@silverdust.de<\/a><br \/>\nInternet: <a href=\"http:\/\/www.silverdust.de\/\" target=\"_blank\" rel=\"noopener\">www.silverdust.de<\/a>, <a href=\"http:\/\/www.summer-breeze.de\/\" target=\"_blank\" rel=\"noopener\">www.summer-breeze.de<\/a><\/p>\n<p>Vertretungsberechtigter Gesch\u00e4ftsf\u00fchrer: Achim Ostertag, Jonas Medinger<br \/>\nRegistergericht: Amtsgericht Ulm<br \/>\nRegisternummer: HRB 501425<br \/>\nUmsatzsteuer-Identifikationsnummer: DE 219 562 134<\/p>\n<h3>Haftungsausschluss<\/h3>\n<p>Datenschutzerkl\u00e4rung SILVERDUST GmbH:<br \/>\nDie SILVERDUST GmbH (im Folgenden auch \u201eSILVERDUST\u201c genannt) nimmt den Schutz Ihrer pers\u00f6nlichen Daten sehr ernst. Nachstehend m\u00f6chten wir Sie insbesondere dar\u00fcber informieren, wann wir welche Daten speichern und wie wir sie nutzen.<\/p>\n<p>Anonyme Datenerhebung<br \/>\nSie k\u00f6nnen die Webseiten von SILVERDUST grunds\u00e4tzlich ohne Offenlegung Ihrer Identit\u00e4t besuchen. Wir erfahren nur den Namen Ihres Internet Service Providers, die Webseite, von der aus Sie uns besuchen sowie die Webseiten, die Sie bei uns besuchen. Diese Informationen werden ausschlie\u00dflich zu statistischen Zwecken ausgewertet. Sie bleiben als einzelner Nutzer hierbei anonym.<\/p>\n<p>Cookies<br \/>\nCookies sind kleine Textdateien, die bei dem Besuch auf einer Internetseite auf Ihrer Festplatte abgelegt werden k\u00f6nnen. Diese Textdateien werden von dem Web-Server, mit dem Sie \u00fcber Ihren Web-Browser (z.B. Internet Explorer, Google Chrome, Mozilla Firefox) eine Verbindung aufgebaut haben, erzeugt und dann an Sie gesendet.<\/p>\n<p>Auch wir verwenden auf unseren Webseiten Cookies, zum Beispiel zur Erfassung der H\u00e4u-figkeit des Aufrufs unserer Webseiten. Zu diesen Zwecken verwenden wir nur so genannte \u201eSession-Cookies\u201c, die nach dem Schlie\u00dfen Ihres Browsers wieder gel\u00f6scht werden.<\/p>\n<p>Personenbezogene Daten sind in unseren Cookies nicht enthalten.<\/p>\n<p>Die meisten Browser sind so eingestellt, dass sie Cookies automatisch akzeptieren. Sie k\u00f6n-nen das Speichern von Cookies jedoch deaktivieren oder Ihren Browser so einstellen, dass er Sie benachrichtigt, sobald Cookies gesendet werden. Dar\u00fcber hinaus k\u00f6nnen Sie Cookies auch jederzeit auf Ihrem System (z.B. im Windows Explorer) l\u00f6schen. Bitte benutzen Sie hierf\u00fcr die Hilfefunktion in der Men\u00fcleiste Ihres Web-Browsers bzw. Betriebssystems.<\/p>\n<p>Erhebung, Verarbeitung und Nutzung personenbezogener Daten<br \/>\nPersonenbezogene Daten werden nur erhoben, wenn Sie uns diese von sich aus, zum Beispiel zur Abwicklung Ihrer Bestellungen oder bei der Registrierung f\u00fcr personalisierte Dienste mitteilen. Die erhobenen personenbezogenen Daten werden in erster Linie zur Vertragsabwicklung und zur Bearbeitung Ihrer Anfragen genutzt. Dabei legen wir Wert darauf, dass lediglich die Daten erhoben werden, die unbedingt notwendig sind.<\/p>\n<p>Ihre personenbezogenen Daten werden von uns unter Einhaltung der auf den Vertrag an-wendbaren Datenschutzbestimmungen bearbeitet. Die Daten (zum Beispiel der Name, die Adresse, die Telefonnummer, E-Mail-Adresse usw.) werden von uns in dem f\u00fcr die Begr\u00fcndung, Ausgestaltung oder \u00c4nderung des Vertragsverh\u00e4ltnisses erforderlichen Umfang im automatisierten Verfahren erhoben, verarbeitet und genutzt.<\/p>\n<p>Weiterhin nutzen und verarbeiten wir Ihre Angaben, um Sie per Post und E-Mail \u00fcber unsere Produkte, Dienstleistungen und Aktionen, die f\u00fcr Sie von hohem Interesse sein k\u00f6nnten, zu informieren, sowie gegebenenfalls auch zur Durchf\u00fchrung von Kundenbefragungen.<\/p>\n<p>SILVERDUST gew\u00e4hrleistet die Vertraulichkeit Ihrer personenbezogenen Daten dadurch, dass<br \/>\n\u2022 unsere Mitarbeiterinnen und Mitarbeiter Verschwiegenheitspflichten zu wahren haben<br \/>\n\u2022 unsere Sicherheitsvorkehrungen dem aktuellen Stand der Technik entsprechen und<br \/>\n\u2022 f\u00fcr die Beachtung der \u201eDatenschutz-Erkl\u00e4rung\u201c der betriebliche Datenschutzbeauftragte sorgt.<br \/>\n\u2022<br \/>\nDie Verarbeitung der von Ihnen gespeicherten personenbezogenen Daten findet ausschlie\u00df-lich in Staaten des Europ\u00e4ischen Wirtschaftsraumes statt.<\/p>\n<p>Weitergabe personenbezogener Daten<br \/>\nWenn wir personenbezogene Daten weitergeben, so tun wir dies ausschlie\u00dflich an Dienstleistungs- und Partnerunternehmen, die uns bei der Bestellabwicklung und bei der Versorgung der Kunden mit Informationen unterst\u00fctzen. Diese Unternehmen d\u00fcrfen Ihre personenbezogenen Daten lediglich zur Erf\u00fcllung ihrer Aufgaben in unserem Auftrag nutzen und sind verpflichtet, die einschl\u00e4gigen Datenschutzbestimmungen einzuhalten.<br \/>\nWir sind berechtigt, die Daten an von uns mit der Durchf\u00fchrung des Kaufvertrages beauftrag-te Dritte zu \u00fcbermitteln, sofern dies n\u00f6tig ist, um die geschlossenen Vertr\u00e4ge erf\u00fcllen zu k\u00f6nnen. Wir sind berechtigt, die erhaltenen Daten zur Beratung des Kunden, zur Werbung, zur Marktforschung f\u00fcr eigene Zwecke und zur bedarfsgerechten Gestaltung unserer Angebote zu erheben, zu verarbeiten und zu nutzen.<br \/>\nDiese Einwilligung kann von Ihnen jederzeit ohne Angabe von Gr\u00fcnden widerrufen werden.<br \/>\nMitunter k\u00f6nnen wir aufgrund von gesetzlichen Bestimmungen oder Rechtsvorg\u00e4ngen ge-zwungen sein, Ihre Daten offen zu legen. Im \u00dcbrigen findet jedoch keine Weitergabe personenbezogener Daten an Dritte statt.<\/p>\n<p>Newsletter<br \/>\nE-Mail-Newsletter werden Ihnen nur dann zugesandt, wenn Sie diese Option ausdr\u00fccklich bei der Angabe Ihrer Daten angekreuzt oder angeklickt haben. Wenn Sie zuk\u00fcnftig keinen E-Mail-Newsletter mehr erhalten m\u00f6chten, k\u00f6nnen Sie diesen \u00fcber den in jedem Newsletter eingef\u00fcgten Link jederzeit abbestellen.<\/p>\n<p>Widerspruchsrecht<br \/>\nSie haben jederzeit das Recht, der o. g. Nutzung Ihrer Daten f\u00fcr Zwecke der Werbung und Marktforschung durch eine kurze Mitteilung an die untenstehende Adresse zu widersprechen.<\/p>\n<p>Ihr Recht auf Auskunft, Berichtigung und L\u00f6schung Ihrer personenbezogenen Daten<br \/>\nDes Weiteren haben Sie nat\u00fcrlich das Recht, jederzeit Auskunft dar\u00fcber zu verlangen, welche Daten \u00fcber Sie gespeichert sind und zu welchem Zweck diese Speicherung erfolgt. Dar\u00fcber hinaus k\u00f6nnen Sie unrichtige Daten berichtigen oder solche Daten l\u00f6schen lassen, deren Speicherung unzul\u00e4ssig oder nicht mehr erforderlich ist. Zur Geltendmachung der vor-stehenden Rechte wenden Sie sich bitte an die untenstehende Adresse.<\/p>\n<p>Externe Links<br \/>\nUnser Online-Angebot enth\u00e4lt Links, die auf Seiten Dritter verweisen. Soweit dies nicht offensichtlich erkennbar ist, weisen wir Sie darauf hin, dass es sich um einen externen Link handelt. SILVERDUST hat keinen Einfluss auf den Inhalt und die Gestaltung der Seiten externer Anbieter. Diese Datenschutzerkl\u00e4rung findet dort insoweit keine Anwendung.<\/p>\n<p>Google Analytics<br \/>\nDiese Website benutzt Google Analytics, einen Webanalysedienst der Google Inc. (\u201eGoogle\u201c). Google Analytics verwendet sog. \u201eCookies\u201c, Textdateien, die auf Ihrem Computer gespeichert werden und die eine Analyse der Benutzung der Website durch Sie erm\u00f6glichen. Die durch den Cookie erzeugten Informationen \u00fcber Ihre Benutzung dieser Website werden in der Regel an einen Server von Google in den USA \u00fcbertragen und dort gespeichert. Im Falle der Aktivierung der IP-Anonymisierung auf dieser Webseite, wird Ihre IP-Adresse von Google jedoch innerhalb von Mitgliedstaaten der Europ\u00e4ischen Union oder in anderen Ver-tragsstaaten des Abkommens \u00fcber den Europ\u00e4ischen Wirtschaftsraum zuvor gek\u00fcrzt. Nur in Ausnahmef\u00e4llen wird die volle IP-Adresse an einen Server von Google in den USA \u00fcbertra-gen und dort gek\u00fcrzt. Im Auftrag des Betreibers dieser Website wird Google diese Informationen benutzen, um Ihre Nutzung der Website auszuwerten, um Reports \u00fcber die Websiteak-tivit\u00e4ten zusammenzustellen und um weitere mit der Websitenutzung und der Internetnutzung verbundene Dienstleistungen gegen\u00fcber dem Websitebetreiber zu erbringen. Die im Rahmen von Google Analytics von Ihrem Browser \u00fcbermittelte IP-Adresse wird nicht mit anderen Daten von Google zusammengef\u00fchrt. Sie k\u00f6nnen die Speicherung der Cookies durch eine entsprechende Einstellung Ihrer Browser-Software verhindern; wir weisen Sie jedoch darauf hin, dass Sie in diesem Fall gegebenenfalls nicht s\u00e4mtliche Funktionen dieser Website vollumf\u00e4nglich werden nutzen k\u00f6nnen. Sie k\u00f6nnen dar\u00fcber hinaus die Erfassung der durch das Cookie erzeugten und auf Ihre Nutzung der Website bezogenen Daten (inkl. Ihrer IP-Adresse) an Google sowie die Verarbeitung dieser Daten durch Google verhindern, indem sie das unter dem folgenden Link (http:\/\/tools.google.com\/dlpage\/gaoptout?hl=de) verf\u00fcgbare Browser-Plugin herunterladen und installieren.<\/p>\n<p>N\u00e4here Informationen hierzu finden Sie unter tools.google.com\/dlpage\/gaoptout bzw. unter www.google.com\/intl\/de\/analytics\/privacyoverview.html (allgemeine Informationen zu Google Analytics und Datenschutz). Wir weisen Sie darauf hin, dass auf dieser Webseite Google Analytics um den Code \u201egat._anonymizeIp();\u201c erweitert wurde, um eine anonymisierte Erfas-sung von IP-Adressen (sog. IP-Masking) zu gew\u00e4hrleisten.\u201c<\/p>\n<p>Wir nutzen nutzen ferner das Google Conversion Tracking, einen Analysedienst der Google Inc. (1600 Amphitheatre Parkway, Mountain View, CA 94043, USA; \u201eGoogle\u201c). Dabei wird von Google Adwords ein Cookie auf Ihrem Rechner gesetzt (\u201eConversion Cookie\u201c), sofern Sie \u00fcber eine Google-Anzeige auf unsere Webseite gelangt sind. Diese Cookies verlieren nach 30 Tagen ihre G\u00fcltigkeit und dienen nicht der pers\u00f6nlichen Identifizierung. Besuchen Sie bestimmte Seiten von uns und das Cookie ist noch nicht abgelaufen, k\u00f6nnen wir und Google erkennen, dass jemand auf die Anzeige geklickt hat und so zu unserer Seite weitergeleitet wurde. Jeder AdWords-Kunde erh\u00e4lt ein anderes Cookie. Cookies k\u00f6nnen somit nicht \u00fcber die Webseiten von AdWords-Kunden nachverfolgt werden. Die mithilfe des Conversion-Cookies eingeholten Informationen dienen dazu, Conversion-Statistiken f\u00fcr Ad-Words-Kunden zu erstellen, die sich f\u00fcr Conversion-Tracking entschieden haben. Die Ad-Words-Kunden erfahren die Gesamtanzahl der Nutzer, die auf ihre Anzeige geklickt haben und zu einer mit einem Conversion-Tracking-Tag versehenen Seite weitergeleitet wurden. Sie erhalten jedoch keine Informationen, mit denen sich Nutzer pers\u00f6nlich identifizieren lassen. Wenn Sie nicht an dem Tracking-Verfahren teilnehmen m\u00f6chten, k\u00f6nnen Sie auch das hierf\u00fcr erforderliche Setzen eines Cookies ablehnen \u2013 etwa per Browser-Einstellung, die das automatische Setzen von Cookies generell deaktiviert. Sie k\u00f6nnen Cookies f\u00fcr Conversion-Tracking auch deaktivieren, indem Sie Ihren Browser so einstellen, dass Cookies von der Domain \u201egoogleadservices.com\u201c blockiert werden.<br \/>\n(Quelle: www.datenschutzbeauftragter-info.de)<\/p>\n<p>Facebook<br \/>\nAuf unseren Seiten sind Plugins des sozialen Netzwerks Facebook, 1601 South California Avenue, Palo Alto, CA 94304, USA integriert. Die Facebook-Plugins erkennen Sie an dem Facebook-Logo oder dem &#8220;Like-Button&#8221; (&#8220;Gef\u00e4llt mir&#8221;) auf unserer Seite. Eine \u00dcbersicht \u00fcber die Facebook-Plugins finden Sie hier: http:\/\/developers.facebook.com\/docs\/plugins\/. Wenn Sie unsere Seiten besuchen, wird \u00fcber das Plugin eine direkte Verbindung zwischen Ihrem Browser und dem Facebook-Server hergestellt. Facebook erh\u00e4lt dadurch die Information, dass Sie mit Ihrer IP-Adresse unsere Seite besucht haben. Wenn Sie den Facebook &#8220;Like-Button&#8221; anklicken w\u00e4hrend Sie in Ihrem Facebook-Account eingeloggt sind, k\u00f6nnen Sie die Inhalte unserer Seiten auf Ihrem Facebook-Profil verlinken. Dadurch kann Facebook den Besuch unserer Seiten Ihrem Benutzerkonto zuordnen. Wir weisen darauf hin, dass wir als Anbieter der Seiten keine Kenntnis vom Inhalt der \u00fcbermittelten Daten sowie deren Nutzung durch Facebook erhalten. Weitere Informationen hierzu finden Sie in der Datenschutzerkl\u00e4rung von Facebook unter http:\/\/de-de.facebook.com\/policy.php<\/p>\n<p>Wenn Sie nicht w\u00fcnschen, dass Facebook den Besuch unserer Seiten Ihrem Facebook-Nutzerkonto zuordnen kann, loggen Sie sich bitte aus Ihrem Facebook-Benutzerkonto aus.<\/p>\n<p>Wir setzen innerhalb unseres Internetauftritts den \u201cBesucheraktions-Pixel\u201d der Facebook Inc., 1601 S. California Ave, Palo Alto, CA 94304, USA (\u201cFacebook\u201d) ein. Mit dessen Hilfe k\u00f6nnen wir die Aktionen von Nutzern nachverfolgen, nach dem diese eine Facebook-Werbeanzeige gesehen oder geklickt haben. So k\u00f6nnen wir die Wirksamkeit der Facebook-Werbeanzeigen f\u00fcr statistische und marktforschungszwecke erfassen. Die so erfassten Daten sind f\u00fcr uns anonym, das hei\u00dft wir sehen nicht die personenbezogenen Daten einzelner Nutzer. Diese Daten werden jedoch von Facebook gespeichert und verarbeitet, wor\u00fcber wir Sie entsprechend unserem Kenntnisstand unterrichten. Facebook kann diese Daten mit ihrem Facebookkonto verbinden und auch f\u00fcr eigene Werbezwecke, entsprechend Facebooks Datensverwendungsrichtlinie verwenden https:\/\/www.facebook.com\/about\/privacy\/. Sie k\u00f6nnen Facebook sowie dessen Partnern das Schalten von Werbeanzeigen auf und au\u00dferhalb von Facebook erm\u00f6glichen. Es kann ferner zu diesen Zwecken ein Cookie auf Ihrem Rech-ner gespeichert werden.<\/p>\n<p>Diese Einwilligung darf nur von Nutzern, die \u00e4lter als 13 Jahre alt sind erkl\u00e4rt werden. Falls Sie j\u00fcnger sind, bitten wir, Ihre Erziehungsberechtigten um Rat zu fragen.<\/p>\n<p>Twitter<br \/>\nAuf unseren Seiten sind Funktionen des Dienstes Twitter eingebunden. Diese Funktionen werden angeboten durch die Twitter Inc., 795 Folsom St., Suite 600, San Francisco, CA 94107, USA. Durch das Benutzen von Twitter und der Funktion &#8220;Re-Tweet&#8221; werden die von Ihnen besuchten Webseiten mit Ihrem Twitter-Account verkn\u00fcpft und anderen Nutzern be-kannt gegeben. Dabei werden auch Daten an Twitter \u00fcbertragen.<\/p>\n<p>Wir weisen darauf hin, dass wir als Anbieter der Seiten keine Kenntnis vom Inhalt der \u00fcber-mittelten Daten sowie deren Nutzung durch Twitter erhalten. Weitere Informationen hierzu finden Sie in der Datenschutzerkl\u00e4rung von Twitter unter http:\/\/twitter.com\/privacy.<\/p>\n<p>Ihre Datenschutzeinstellungen bei Twitter k\u00f6nnen Sie in den Konto-Einstellungen unter http:\/\/twitter.com\/privacy \u00e4ndern.<\/p>\n<p>Google+<br \/>\nMithilfe der Google +1-Schaltfl\u00e4che k\u00f6nnen Sie Informationen weltweit ver\u00f6ffentlichen. \u00fcber die Google+1-Schaltfl\u00e4che erhalten Sie und andere Nutzer personalisierte Inhalte von Google und unseren Partnern. Google speichert sowohl die Information, dass Sie f\u00fcr einen Inhalt +1 gegeben haben, als auch Informationen \u00fcber die Seite, die Sie beim Klicken auf +1 angesehen haben. Ihre +1 k\u00f6nnen als Hinweise zusammen mit Ihrem Profilnamen und Ihrem Foto in Google-Diensten, wie etwa in Suchergebnissen oder in Ihrem Google-Profil, oder an anderen Stellen auf Websites und Anzeigen im Internet eingeblendet werden.<\/p>\n<p>Google zeichnet Informationen \u00fcber Ihre +1-Aktivit\u00e4ten auf, um die Google-Dienste f\u00fcr Sie und andere zu verbessern. Um die Google+1-Schaltfl\u00e4che verwenden zu k\u00f6nnen, ben\u00f6tigen Sie ein weltweit sichtbares, \u00f6ffentliches Google-Profil, das zumindest den f\u00fcr das Profil gew\u00e4hlten Namen enthalten muss. Dieser Name wird in allen Google-Diensten verwendet. In manchen F\u00e4llen kann dieser Name auch einen anderen Namen ersetzen, den Sie beim Tei-len von Inhalten \u00fcber Ihr Google-Konto verwendet haben. Die Identit\u00e4t Ihres Google-Profils kann Nutzern angezeigt werden, die Ihre E-Mail-Adresse kennen oder \u00fcber andere identifizierende Informationen von Ihnen verf\u00fcgen.<\/p>\n<p>Neben den oben erl\u00e4uterten Verwendungszwecken werden die von Ihnen bereitgestellten Informationen gem\u00e4\u00df den geltenden Google-Datenschutzbestimmungen genutzt. Google ver\u00f6ffentlicht m\u00f6glicherweise zusammengefasste Statistiken \u00fcber die +1-Aktivit\u00e4ten der Nutzer bzw. gibt diese an Nutzer und Partner weiter, wie etwa Publisher, Inserenten oder ver-bundene Websites.<\/p>\n<p>Microsoft<br \/>\nUnsere Onlineangebote nutzen zus\u00e4tzlich das Conversion Tracking von Microsoft (Microsoft Corporation, One Microsoft Way, Redmond, WA 98052-6399, USA). Dabei wird von Microsoft Bing Ads ein Cookie auf Ihrem Rechner gesetzt, sofern Sie \u00fcber eine Microsoft Bing Anzeige auf unsere Website gelangt sind. Microsoft Bing und wir k\u00f6nnen auf diese Weise erkennen, dass jemand auf eine Anzeige geklickt hat, zu unserer Website weitergeleitet wurde und eine vorher bestimmte Zielseite (Conversion Seite) erreicht hat. Wir erfahren dabei nur die Gesamtzahl der Nutzer, die auf eine Bing Anzeige geklickt haben und dann zu Conversion Seite weitergeleitet wurden. Es werden keine pers\u00f6nlichen Informationen zur Identi-t\u00e4t des Nutzers mitgeteilt. Wenn Sie nicht an dem Tracking-Verfahren teilnehmen m\u00f6chten, k\u00f6nnen Sie auch das hierf\u00fcr erforderliche Setzen eines Cookies ablehnen \u2013 etwa per Browser-Einstellung, die das automatische Setzen von Cookies generell deaktiviert. Weitere Informationen zum Datenschutz und zu den eingesetzten Cookies bei Microsoft Bing finden Sie auf der Website von Microsoft http:\/\/privacy.microsoft.com\/DE-DE\/fullnotice.mspx.<\/p>\n<p>\u00c4nderung dieser Datenschutzerkl\u00e4rung<br \/>\nAus gesetzlichen und\/oder organisatorischen Gr\u00fcnden werden von Zeit zu Zeit \u00c4nderungen bzw. Anpassungen unserer Datenschutzerkl\u00e4rung erforderlich sein. Bitte beachten Sie dies-bez\u00fcglich die jeweils aktuelle Version unserer Datenschutzerkl\u00e4rung.<\/p>\n<p>Ansprechpartner bei Fragen oder Auskunftsersuchen<br \/>\nBei Fragen, Kommentaren, Anregungen sowie Auskunftsersuchen im Zusammenhang mit unserer Datenschutzerkl\u00e4rung und der Verarbeitung Ihrer personenbezogenen Daten k\u00f6nnen Sie sich an uns unter folgender Adresse wenden:<br \/>\n<strong>SILVERDUST GmbH<\/strong><br \/>\nSummer-Breeze-Weg 1<br \/>\n73453 Abtsgmuend<br \/>\nGermany<br \/>\nE-Mail-Adresse: mail@silverdust.de<\/p>\n","protected":false},"excerpt":{"rendered":"<p>Betreiber-Information SILVERDUST GmbH Summer-Breeze-Weg 1 73453 Abtsgmuend Germany Tel: +49 (0) 7366 \u2013 92 00 10 E-Mail: mail@silverdust.de Internet: www.silverdust.de, www.summer-breeze.de Vertretungsberechtigter Gesch\u00e4ftsf\u00fchrer: Achim Ostertag, Jonas Medinger Registergericht: Amtsgericht Ulm Registernummer: HRB 501425 Umsatzsteuer-Identifikationsnummer: DE 219 562 134 Haftungsausschluss Datenschutzerkl\u00e4rung SILVERDUST GmbH: Die SILVERDUST GmbH (im Folgenden auch \u201eSILVERDUST\u201c genannt) nimmt den Schutz Ihrer pers\u00f6nlichen [&hellip;]<\/p>\n","protected":false},"author":1,"featured_media":0,"parent":153092,"menu_order":0,"comment_status":"closed","ping_status":"closed","template":"","meta":{"footnotes":""},"class_list":["post-153099","page","type-page","status-publish","hentry"],"_links":{"self":[{"href":"https:\/\/www.summer-breeze.de\/en\/wp-json\/wp\/v2\/pages\/153099","targetHints":{"allow":["GET"]}}],"collection":[{"href":"https:\/\/www.summer-breeze.de\/en\/wp-json\/wp\/v2\/pages"}],"about":[{"href":"https:\/\/www.summer-breeze.de\/en\/wp-json\/wp\/v2\/types\/page"}],"author":[{"embeddable":true,"href":"https:\/\/www.summer-breeze.de\/en\/wp-json\/wp\/v2\/users\/1"}],"replies":[{"embeddable":true,"href":"https:\/\/www.summer-breeze.de\/en\/wp-json\/wp\/v2\/comments?post=153099"}],"version-history":[{"count":0,"href":"https:\/\/www.summer-breeze.de\/en\/wp-json\/wp\/v2\/pages\/153099\/revisions"}],"up":[{"embeddable":true,"href":"https:\/\/www.summer-breeze.de\/en\/wp-json\/wp\/v2\/pages\/153092"}],"wp:attachment":[{"href":"https:\/\/www.summer-breeze.de\/en\/wp-json\/wp\/v2\/media?parent=153099"}],"curies":[{"name":"wp","href":"https:\/\/api.w.org\/{rel}","templated":true}]}}